{"id":21718,"date":"2026-01-07T19:18:08","date_gmt":"2026-01-07T19:18:08","guid":{"rendered":"https:\/\/topofmodels.com\/?page_id=21718"},"modified":"2026-02-18T13:18:09","modified_gmt":"2026-02-18T13:18:09","slug":"politica-de-privacidade","status":"publish","type":"page","link":"https:\/\/topofmodels.com\/pt-pt\/politica-de-privacidade\/","title":{"rendered":"Pol\u00edtica de Privacidade"},"content":{"rendered":"<p>Sua privacidade \u00e9 importante para mim. Nesta declara\u00e7\u00e3o de privacidade explico quais informa\u00e7\u00f5es pessoais recolho dos meus usu\u00e1rios e como as utilizo. Recomendo que leia estes termos com aten\u00e7\u00e3o antes de fornecer seus dados pessoais neste site. Pessoas maiores de treze anos podem se registrar em http:\/\/topofmodels.com<br \/>\n como usu\u00e1rios sem o consentimento pr\u00e9vio dos pais ou respons\u00e1veis. No caso de menores de treze anos, \u00e9 necess\u00e1rio o consentimento dos pais ou respons\u00e1veis para o tratamento dos seus dados pessoais. Em nenhum caso ser\u00e3o coletados dados do menor relacionados \u00e0 situa\u00e7\u00e3o profissional, econ\u00f4mica ou \u00e0 vida privada de outros membros da fam\u00edlia sem o consentimento destes. Se voc\u00ea tem menos de treze anos e acessou este site sem informar seus pais, n\u00e3o deve se registrar como usu\u00e1rio. Neste site, os dados pessoais dos usu\u00e1rios s\u00e3o respeitados e protegidos. Como usu\u00e1rio, voc\u00ea deve saber que seus direitos est\u00e3o garantidos. Esforcei-me para criar um espa\u00e7o seguro e confi\u00e1vel e, por isso, quero compartilhar meus princ\u00edpios em rela\u00e7\u00e3o \u00e0 sua privacidade:<\/p>\n<ul>\n<li>Nunca solicito informa\u00e7\u00f5es pessoais a menos que sejam realmente necess\u00e1rias para fornecer os servi\u00e7os que voc\u00ea solicita.<\/li>\n<li>Nunca compartilho informa\u00e7\u00f5es pessoais dos meus usu\u00e1rios com ningu\u00e9m, exceto para cumprir a lei ou caso eu tenha sua autoriza\u00e7\u00e3o expressa.<\/li>\n<li>Nunca utilizo seus dados pessoais para uma finalidade diferente daquela expressa nesta pol\u00edtica de privacidade.<\/li>\n<\/ul>\n<p> Deve-se observar que esta Pol\u00edtica de Privacidade pode variar de acordo com exig\u00eancias legais ou de autorregula\u00e7\u00e3o, por isso recomenda-se que os usu\u00e1rios a revisem periodicamente. Ela ser\u00e1 aplic\u00e1vel caso os usu\u00e1rios decidam preencher qualquer formul\u00e1rio de contato no qual dados pessoais sejam coletados. TOP OnlyFans Models adaptou este site \u00e0s exig\u00eancias da Lei Org\u00e2nica 15\/1999, de 13 de dezembro, de Prote\u00e7\u00e3o de Dados de Car\u00e1ter Pessoal (LOPD), e do Real Decreto 1720\/2007, de 21 de dezembro, conhecido como Regulamento de desenvolvimento da LOPD. Tamb\u00e9m cumpre o Regulamento (UE) 2016\/679 do Parlamento Europeu e do Conselho, de 27 de abril de 2016 (RGPD), bem como a Lei 34\/2002, de 11 de julho, sobre Servi\u00e7os da Sociedade da Informa\u00e7\u00e3o e Com\u00e9rcio Eletr\u00f4nico (LSSICE ou LSSI). <\/p>\n<h3>Respons\u00e1vel pelo tratamento dos seus dados pessoais<\/h3>\n<ul>\n<li>Nome comercial: TOP OnlyFans Models<\/li>\n<li>Site: http:\/\/topofmodels.com<\/li>\n<li>Email: contact@topofmodels.com<\/li>\n<li>Atividade: Divulga\u00e7\u00e3o de conte\u00fado por meio de um blog<\/li>\n<\/ul>\n<p> Para os efeitos do disposto no Regulamento Geral de Prote\u00e7\u00e3o de Dados mencionado acima, os dados pessoais que voc\u00ea enviar por meio dos formul\u00e1rios do site receber\u00e3o o tratamento de \u201cUsu\u00e1rios do site e assinantes\u201d. Para o tratamento dos dados dos meus usu\u00e1rios, implemento todas as medidas t\u00e9cnicas e organizacionais de seguran\u00e7a estabelecidas na legisla\u00e7\u00e3o vigente. <\/p>\n<h3>Princ\u00edpios que aplicarei \u00e0s suas informa\u00e7\u00f5es pessoais<\/h3>\n<p> No tratamento dos seus dados pessoais, aplicarei os seguintes princ\u00edpios em conformidade com o novo regulamento europeu de prote\u00e7\u00e3o de dados: <\/p>\n<ul>\n<li>Princ\u00edpio da legalidade, lealdade e transpar\u00eancia: sempre solicitarei seu consentimento para o tratamento dos seus dados pessoais para uma ou mais finalidades espec\u00edficas, que ser\u00e3o informadas previamente com total transpar\u00eancia.<\/li>\n<li>Princ\u00edpio da minimiza\u00e7\u00e3o de dados: solicitarei apenas os dados estritamente necess\u00e1rios para as finalidades pretendidas. O m\u00ednimo poss\u00edvel.<\/li>\n<li>Princ\u00edpio da limita\u00e7\u00e3o do prazo de conserva\u00e7\u00e3o: os dados ser\u00e3o mantidos apenas pelo tempo necess\u00e1rio para as finalidades do tratamento. Dependendo da finalidade, informarei o respectivo per\u00edodo de conserva\u00e7\u00e3o. No caso de assinaturas, revisarei periodicamente minhas listas e eliminarei registros inativos por um per\u00edodo consider\u00e1vel.<\/li>\n<li>Princ\u00edpio da integridade e confidencialidade: seus dados ser\u00e3o tratados de forma a garantir a seguran\u00e7a adequada dos dados pessoais e assegurar a confidencialidade. Voc\u00ea deve saber que tomo todas as precau\u00e7\u00f5es necess\u00e1rias para evitar o acesso n\u00e3o autorizado ou o uso indevido dos dados dos meus usu\u00e1rios por terceiros.<\/li>\n<\/ul>\n<h3>Como obtive seus dados?<\/h3>\n<p> Os dados pessoais que trato na TOP OnlyFans Models prov\u00eam de: <\/p>\n<ul>\n<li>Formul\u00e1rio de assinatura<\/li>\n<li>Coment\u00e1rios no blog<\/li>\n<\/ul>\n<h3>Quais s\u00e3o seus direitos ao fornecer seus dados?<\/h3>\n<p> Qualquer pessoa tem o direito de obter confirma\u00e7\u00e3o sobre se na TOP OnlyFans Models estou tratando dados pessoais que lhe digam respeito ou n\u00e3o. As pessoas interessadas t\u00eam o direito de: <\/p>\n<ul>\n<li>Solicitar acesso aos dados pessoais que lhes dizem respeito<\/li>\n<li>Solicitar retifica\u00e7\u00e3o ou exclus\u00e3o<\/li>\n<li>Solicitar a limita\u00e7\u00e3o do tratamento<\/li>\n<li>Opor-se ao tratamento<\/li>\n<li>Solicitar a portabilidade dos dados<\/li>\n<\/ul>\n<p> Os interessados podem acessar seus dados pessoais, bem como solicitar a retifica\u00e7\u00e3o de dados incorretos ou, quando aplic\u00e1vel, solicitar sua exclus\u00e3o quando, entre outros motivos, os dados deixarem de ser necess\u00e1rios para as finalidades para as quais foram coletados. Em determinadas circunst\u00e2ncias, os interessados podem solicitar a limita\u00e7\u00e3o do tratamento de seus dados, caso em que eu os conservarei apenas para o exerc\u00edcio ou defesa de reivindica\u00e7\u00f5es. Em determinadas circunst\u00e2ncias e por motivos relacionados \u00e0 sua situa\u00e7\u00e3o particular, os interessados podem se opor ao tratamento de seus dados. A TOP OnlyFans Models deixar\u00e1 de tratar os dados, exceto por motivos leg\u00edtimos imperiosos ou para o exerc\u00edcio ou defesa de poss\u00edveis reivindica\u00e7\u00f5es. Como interessado, voc\u00ea tem o direito de receber os dados pessoais que lhe dizem respeito, que tenha fornecido, em formato estruturado, de uso comum e leitura mec\u00e2nica, e de transmiti-los a outro respons\u00e1vel pelo tratamento quando: <\/p>\n<ul>\n<li>O tratamento for baseado no consentimento<\/li>\n<li>Os dados tiverem sido fornecidos pelo interessado<\/li>\n<li>O tratamento for realizado por meios automatizados<\/li>\n<\/ul>\n<p> Ao exercer seu direito \u00e0 portabilidade dos dados, voc\u00ea ter\u00e1 o direito de que os dados pessoais sejam transmitidos diretamente de respons\u00e1vel para respons\u00e1vel, quando tecnicamente poss\u00edvel. Os interessados tamb\u00e9m t\u00eam o direito \u00e0 tutela judicial efetiva e de apresentar reclama\u00e7\u00e3o \u00e0 autoridade supervisora, neste caso, a Ag\u00eancia Espanhola de Prote\u00e7\u00e3o de Dados, caso considerem que o tratamento dos dados pessoais que lhes dizem respeito viola o Regulamento.<\/p>\n","protected":false},"excerpt":{"rendered":"<p>Sua privacidade \u00e9 importante para mim. Nesta declara\u00e7\u00e3o de privacidade explico quais informa\u00e7\u00f5es pessoais recolho dos meus usu\u00e1rios e como as utilizo. Recomendo que leia estes termos com aten\u00e7\u00e3o antes de fornecer seus dados pessoais neste site. Pessoas maiores de treze anos podem se registrar em http:\/\/topofmodels.com como usu\u00e1rios sem o consentimento pr\u00e9vio dos pais [&hellip;]<\/p>\n","protected":false},"author":2,"featured_media":0,"parent":0,"menu_order":0,"comment_status":"closed","ping_status":"open","template":"","meta":{"_acf_changed":false,"footnotes":""},"class_list":["post-21718","page","type-page","status-publish","hentry"],"acf":[],"aioseo_notices":[],"_links":{"self":[{"href":"https:\/\/topofmodels.com\/pt-pt\/wp-json\/wp\/v2\/pages\/21718","targetHints":{"allow":["GET"]}}],"collection":[{"href":"https:\/\/topofmodels.com\/pt-pt\/wp-json\/wp\/v2\/pages"}],"about":[{"href":"https:\/\/topofmodels.com\/pt-pt\/wp-json\/wp\/v2\/types\/page"}],"author":[{"embeddable":true,"href":"https:\/\/topofmodels.com\/pt-pt\/wp-json\/wp\/v2\/users\/2"}],"replies":[{"embeddable":true,"href":"https:\/\/topofmodels.com\/pt-pt\/wp-json\/wp\/v2\/comments?post=21718"}],"version-history":[{"count":1,"href":"https:\/\/topofmodels.com\/pt-pt\/wp-json\/wp\/v2\/pages\/21718\/revisions"}],"predecessor-version":[{"id":21719,"href":"https:\/\/topofmodels.com\/pt-pt\/wp-json\/wp\/v2\/pages\/21718\/revisions\/21719"}],"wp:attachment":[{"href":"https:\/\/topofmodels.com\/pt-pt\/wp-json\/wp\/v2\/media?parent=21718"}],"curies":[{"name":"wp","href":"https:\/\/api.w.org\/{rel}","templated":true}]}}