{"id":21307,"date":"2026-01-16T15:37:11","date_gmt":"2026-01-16T15:37:11","guid":{"rendered":"https:\/\/topofmodels.com\/?page_id=21307"},"modified":"2026-03-17T18:12:32","modified_gmt":"2026-03-17T18:12:32","slug":"dmca-e-remocao-de-conteudo","status":"publish","type":"page","link":"https:\/\/topofmodels.com\/pt-pt\/dmca-e-remocao-de-conteudo\/","title":{"rendered":"Aviso DMCA e Pol\u00edtica de Remo\u00e7\u00e3o de Conte\u00fado de Criadores"},"content":{"rendered":"\t\t<div data-elementor-type=\"wp-page\" data-elementor-id=\"21307\" class=\"elementor elementor-21307 elementor-279\" data-elementor-post-type=\"page\">\n\t\t\t\t<div class=\"elementor-element elementor-element-4c8a3c4 e-flex e-con-boxed e-con e-parent\" data-id=\"4c8a3c4\" data-element_type=\"container\" data-e-type=\"container\">\n\t\t\t\t\t<div class=\"e-con-inner\">\n\t\t\t\t<div class=\"elementor-element elementor-element-05fa71a elementor-widget elementor-widget-text-editor\" data-id=\"05fa71a\" data-element_type=\"widget\" data-e-type=\"widget\" data-widget_type=\"text-editor.default\">\n\t\t\t\t\t\t\t\t\t<p data-start=\"956\" data-end=\"1070\">Respeitamos os direitos de propriedade intelectual de terceiros e estamos comprometidos em responder a preocupa\u00e7\u00f5es leg\u00edtimas relacionadas a direitos autorais.<\/p><p data-start=\"1072\" data-end=\"1268\">Este site funciona como um\u00a0<strong data-start=\"1099\" data-end=\"1150\">diret\u00f3rio e plataforma de busca para descoberta de criadores<\/strong>, ajudando os usu\u00e1rios a encontrar perfis p\u00fablicos de criadores e navegar para plataformas externas como OnlyFans e servi\u00e7os semelhantes.<\/p><p data-start=\"1270\" data-end=\"1504\">N\u00f3s\u00a0<strong data-start=\"1273\" data-end=\"1347\">n\u00e3o hospedamos nem armazenamos m\u00eddias protegidas por direitos autorais provenientes de plataformas externas de criadores<\/strong>. As listagens neste site geralmente consistem em informa\u00e7\u00f5es de perfil dispon\u00edveis publicamente, links e textos descritivos projetados para ajudar os usu\u00e1rios a descobrir criadores.<\/p><p data-start=\"1506\" data-end=\"1709\">Se voc\u00ea acredita que sua obra protegida por direitos autorais foi mencionada de uma forma que viola seus direitos, ou se voc\u00ea \u00e9 um criador que prefere n\u00e3o ter seu perfil listado, voc\u00ea pode solicitar a remo\u00e7\u00e3o a qualquer momento.<\/p><h1 data-section-id=\"2tw6eu\" data-start=\"1716\" data-end=\"1736\">Sobre Este Site<\/h1><p data-start=\"1738\" data-end=\"1957\">Nossa plataforma funciona de forma semelhante a um\u00a0<strong data-start=\"1776\" data-end=\"1806\">mecanismo de busca ou diret\u00f3rio<\/strong>. Organizamos informa\u00e7\u00f5es publicamente dispon\u00edveis sobre criadores para que os usu\u00e1rios possam descobrir perfis facilmente e navegar para a plataforma oficial do criador.<\/p><p data-start=\"1959\" data-end=\"2082\">Todas as transa\u00e7\u00f5es, assinaturas e consumo de conte\u00fado ocorrem na\u00a0<strong data-start=\"2029\" data-end=\"2060\">plataforma oficial do criador<\/strong>, n\u00e3o neste site.<\/p><p data-start=\"2084\" data-end=\"2177\">Respeitamos as prefer\u00eancias dos criadores e processaremos rapidamente solicita\u00e7\u00f5es leg\u00edtimas de remo\u00e7\u00e3o.<\/p><h1 data-section-id=\"18lwxys\" data-start=\"2184\" data-end=\"2220\">Pol\u00edtica de Direitos Autorais (Conformidade com DMCA)<\/h1><p data-start=\"2222\" data-end=\"2362\">De acordo com a\u00a0<strong data-start=\"2245\" data-end=\"2304\">Digital Millennium Copyright Act (DMCA), 17 U.S.C. \u00a7512<\/strong>, respondemos a notifica\u00e7\u00f5es de alegadas infra\u00e7\u00f5es de direitos autorais.<\/p><p data-start=\"2364\" data-end=\"2528\">Se voc\u00ea acredita que algum conte\u00fado exibido neste site infringe seus direitos autorais, voc\u00ea pode enviar uma notifica\u00e7\u00e3o DMCA solicitando a remo\u00e7\u00e3o ou a desativa\u00e7\u00e3o do acesso ao material.<\/p><p data-start=\"2530\" data-end=\"2669\">Ao receber uma notifica\u00e7\u00e3o v\u00e1lida, investigaremos a reclama\u00e7\u00e3o e tomaremos as medidas apropriadas, o que pode incluir a remo\u00e7\u00e3o do material em quest\u00e3o.<\/p><h1 data-section-id=\"7sl8qi\" data-start=\"2676\" data-end=\"2713\">Conformidade com Direitos Autorais na Uni\u00e3o Europeia<\/h1><p data-start=\"2715\" data-end=\"2835\">Para usu\u00e1rios e titulares de direitos localizados na Uni\u00e3o Europeia, tamb\u00e9m cumprimos as leis de direitos autorais aplic\u00e1veis, incluindo:<\/p><ul data-start=\"2837\" data-end=\"2994\"><li data-section-id=\"11xodiu\" data-start=\"2837\" data-end=\"2883\"><p data-start=\"2839\" data-end=\"2883\"><strong data-start=\"2839\" data-end=\"2883\">Diretiva 2001\/29\/EC (Diretiva InfoSoc)<\/strong><\/p><\/li><li data-section-id=\"1t5rrig\" data-start=\"2884\" data-end=\"2924\"><p data-start=\"2886\" data-end=\"2924\"><strong data-start=\"2886\" data-end=\"2924\">Diretiva 2019\/790 (Diretiva DSM)<\/strong><\/p><\/li><li data-section-id=\"y97e5x\" data-start=\"2925\" data-end=\"2994\"><p data-start=\"2927\" data-end=\"2994\">Disposi\u00e7\u00f5es relevantes sob a\u00a0<strong data-start=\"2957\" data-end=\"2994\">Diretiva de Com\u00e9rcio Eletr\u00f4nico (2000\/31\/EC)<\/strong><\/p><\/li><\/ul><p data-start=\"2996\" data-end=\"3169\">Quando recebemos uma notifica\u00e7\u00e3o v\u00e1lida de um titular de direitos localizado na UE, investigaremos rapidamente a reclama\u00e7\u00e3o e removeremos ou desativaremos o acesso ao material quando apropriado.<\/p><h1 data-section-id=\"59uj4m\" data-start=\"3176\" data-end=\"3211\">Remo\u00e7\u00e3o de Perfil de Criador (Opt-Out)<\/h1><p data-start=\"3213\" data-end=\"3292\">Os criadores t\u00eam o direito de solicitar a remo\u00e7\u00e3o de sua listagem do nosso diret\u00f3rio.<\/p><p data-start=\"3294\" data-end=\"3434\">Se voc\u00ea \u00e9 o propriet\u00e1rio de uma conta de criador listada neste site e prefere n\u00e3o aparecer em nossas listagens, voc\u00ea pode enviar uma solicita\u00e7\u00e3o de remo\u00e7\u00e3o.<\/p><p data-start=\"3436\" data-end=\"3476\">Para acelerar o processo, por favor inclua:<\/p><ul data-start=\"3478\" data-end=\"3604\"><li data-section-id=\"7l1cp7\" data-start=\"3478\" data-end=\"3514\"><p data-start=\"3480\" data-end=\"3514\">A URL da p\u00e1gina em nosso site<\/p><\/li><li data-section-id=\"p1uu5r\" data-start=\"3515\" data-end=\"3551\"><p data-start=\"3517\" data-end=\"3551\">O link do seu perfil oficial de criador<\/p><\/li><li data-section-id=\"l6if3m\" data-start=\"3552\" data-end=\"3604\"><p data-start=\"3554\" data-end=\"3604\">Confirma\u00e7\u00e3o de que voc\u00ea \u00e9 o propriet\u00e1rio da conta<\/p><\/li><\/ul><p data-start=\"3606\" data-end=\"3675\">Normalmente processamos solicita\u00e7\u00f5es de remo\u00e7\u00e3o de criadores dentro de\u00a0<strong data-start=\"3659\" data-end=\"3674\">48\u201372 horas<\/strong>.<\/p><h1 data-section-id=\"1m015jd\" data-start=\"3682\" data-end=\"3711\">Como Enviar uma Notifica\u00e7\u00e3o DMCA<\/h1><p data-start=\"3713\" data-end=\"3795\">Para enviar uma notifica\u00e7\u00e3o de infra\u00e7\u00e3o de direitos autorais, forne\u00e7a as seguintes informa\u00e7\u00f5es:<\/p><ol data-start=\"3797\" data-end=\"4427\"><li data-section-id=\"7tm93z\" data-start=\"3797\" data-end=\"3870\"><p data-start=\"3800\" data-end=\"3870\">Identifica\u00e7\u00e3o da obra protegida por direitos autorais que se alega ter sido infringida.<\/p><\/li><li data-section-id=\"ju43dt\" data-start=\"3871\" data-end=\"3983\"><p data-start=\"3874\" data-end=\"3983\">Identifica\u00e7\u00e3o do material neste site que se alega ser infrator, incluindo a\u00a0<strong data-start=\"3969\" data-end=\"3982\">URL exata<\/strong>.<\/p><\/li><li data-section-id=\"167iura\" data-start=\"3984\" data-end=\"4060\"><p data-start=\"3987\" data-end=\"4060\">Seu\u00a0<strong data-start=\"3992\" data-end=\"4059\">nome completo, endere\u00e7o postal, n\u00famero de telefone e endere\u00e7o de email<\/strong>.<\/p><\/li><li data-section-id=\"enjn0u\" data-start=\"4061\" data-end=\"4200\"><p data-start=\"4064\" data-end=\"4200\">Uma declara\u00e7\u00e3o de que voc\u00ea possui uma\u00a0<strong data-start=\"4092\" data-end=\"4113\">cren\u00e7a de boa-f\u00e9<\/strong>\u00a0de que o uso contestado n\u00e3o est\u00e1 autorizado pelo titular dos direitos autorais, seu agente ou pela lei.<\/p><\/li><li data-section-id=\"10lfvh3\" data-start=\"4201\" data-end=\"4381\"><p data-start=\"4204\" data-end=\"4381\">Uma declara\u00e7\u00e3o de que as informa\u00e7\u00f5es na notifica\u00e7\u00e3o s\u00e3o\u00a0<strong data-start=\"4260\" data-end=\"4272\">precisas<\/strong>\u00a0e, sob pena de perj\u00fario, que voc\u00ea \u00e9 o titular dos direitos autorais ou est\u00e1 autorizado a agir em nome do titular.<\/p><\/li><li data-section-id=\"m2xobw\" data-start=\"4382\" data-end=\"4427\"><p data-start=\"4385\" data-end=\"4427\">Sua\u00a0<strong data-start=\"4390\" data-end=\"4426\">assinatura eletr\u00f4nica ou f\u00edsica<\/strong>.<\/p><\/li><\/ol><h1 data-section-id=\"1g4c5ll\" data-start=\"4434\" data-end=\"4455\">Declara\u00e7\u00f5es Obrigat\u00f3rias<\/h1><p data-start=\"4457\" data-end=\"4507\">Sua notifica\u00e7\u00e3o deve incluir as seguintes declara\u00e7\u00f5es:<\/p><p data-start=\"4509\" data-end=\"4659\">\u201c<em>Tenho uma cren\u00e7a de boa-f\u00e9 de que o uso do material protegido por direitos autorais descrito acima n\u00e3o est\u00e1 autorizado pelo titular dos direitos autorais, seu agente ou pela lei.<\/em>\u201c<\/p><p data-start=\"4661\" data-end=\"4834\">\u201c<em>Declaro, sob pena de perj\u00fario, que as informa\u00e7\u00f5es nesta notifica\u00e7\u00e3o s\u00e3o precisas e que sou o titular dos direitos autorais ou estou autorizado a agir em nome do titular dos direitos autorais.<\/em>\u201c<\/p><h1 data-section-id=\"mgp095\" data-start=\"4841\" data-end=\"4871\">O que acontece ap\u00f3s uma solicita\u00e7\u00e3o<\/h1><p data-start=\"4873\" data-end=\"4913\">Ap\u00f3s receber uma notifica\u00e7\u00e3o v\u00e1lida, n\u00f3s iremos:<\/p><ol data-start=\"4915\" data-end=\"5039\"><li data-section-id=\"1m22lm0\" data-start=\"4915\" data-end=\"4936\"><p data-start=\"4918\" data-end=\"4936\">Revisar a solicita\u00e7\u00e3o<\/p><\/li><li data-section-id=\"1yr6x7w\" data-start=\"4937\" data-end=\"4971\"><p data-start=\"4940\" data-end=\"4971\">Verificar as informa\u00e7\u00f5es fornecidas<\/p><\/li><li data-section-id=\"1j985rw\" data-start=\"4972\" data-end=\"5039\"><p data-start=\"4975\" data-end=\"5039\">Remover ou desativar o acesso ao material contestado, quando apropriado<\/p><\/li><\/ol><p data-start=\"5041\" data-end=\"5114\">Podemos entrar em contato com a parte que enviou a notifica\u00e7\u00e3o caso sejam necess\u00e1rias informa\u00e7\u00f5es adicionais.<\/p><h1 data-section-id=\"1hzw6tb\" data-start=\"5121\" data-end=\"5148\">Contato e Solicita\u00e7\u00e3o de Remo\u00e7\u00e3o<\/h1><p data-start=\"5150\" data-end=\"5227\">Voc\u00ea pode enviar solicita\u00e7\u00f5es de remo\u00e7\u00e3o ou notifica\u00e7\u00f5es DMCA utilizando o formul\u00e1rio de contato abaixo.<\/p><p data-start=\"5229\" data-end=\"5273\">Alternativamente, voc\u00ea pode enviar sua solicita\u00e7\u00e3o para:<\/p><p data-start=\"5275\" data-end=\"5310\"><strong data-start=\"5275\" data-end=\"5290\">Email DMCA:<\/strong>\u00a0contact@growwithfans.com<\/p><p data-start=\"5312\" data-end=\"5367\">Por favor, aguarde\u00a0<strong data-start=\"5325\" data-end=\"5340\">48\u201372 horas<\/strong>\u00a0para revis\u00e3o e processamento.<\/p>\t\t\t\t\t\t\t\t<\/div>\n\t\t\t\t<div class=\"elementor-element elementor-element-5bcff68 elementor-button-align-stretch elementor-widget elementor-widget-form\" data-id=\"5bcff68\" data-element_type=\"widget\" data-e-type=\"widget\" data-settings=\"{&quot;step_next_label&quot;:&quot;Next&quot;,&quot;step_previous_label&quot;:&quot;Previous&quot;,&quot;button_width&quot;:&quot;100&quot;,&quot;step_type&quot;:&quot;number_text&quot;,&quot;step_icon_shape&quot;:&quot;circle&quot;}\" data-widget_type=\"form.default\">\n\t\t\t\t\t\t\t<form class=\"elementor-form\" method=\"post\" name=\"New Form\" aria-label=\"New Form\">\n\t\t\t<input type=\"hidden\" name=\"post_id\" value=\"21307\"\/>\n\t\t\t<input type=\"hidden\" name=\"form_id\" value=\"5bcff68\"\/>\n\t\t\t<input type=\"hidden\" name=\"referer_title\" value=\"Aviso DMCA e Pol\u00edtica de Remo\u00e7\u00e3o de Conte\u00fado de Criadores\" \/>\n\n\t\t\t\t\t\t\t<input type=\"hidden\" name=\"queried_id\" value=\"21307\"\/>\n\t\t\t\n\t\t\t<div class=\"elementor-form-fields-wrapper elementor-labels-above\">\n\t\t\t\t\t\t\t\t<div class=\"elementor-field-type-text elementor-field-group elementor-column elementor-field-group-name elementor-col-100\">\n\t\t\t\t\t\t\t\t\t\t\t\t<label for=\"form-field-name\" class=\"elementor-field-label\">\n\t\t\t\t\t\t\t\tNome\t\t\t\t\t\t\t<\/label>\n\t\t\t\t\t\t\t\t\t\t\t\t\t\t<input size=\"1\" type=\"text\" name=\"form_fields[name]\" id=\"form-field-name\" class=\"elementor-field elementor-size-sm  elementor-field-textual\" placeholder=\"Nome\">\n\t\t\t\t\t\t\t\t\t\t\t<\/div>\n\t\t\t\t\t\t\t\t<div class=\"elementor-field-type-email elementor-field-group elementor-column elementor-field-group-email elementor-col-100 elementor-field-required\">\n\t\t\t\t\t\t\t\t\t\t\t\t<label for=\"form-field-email\" class=\"elementor-field-label\">\n\t\t\t\t\t\t\t\tEmail\t\t\t\t\t\t\t<\/label>\n\t\t\t\t\t\t\t\t\t\t\t\t\t\t<input size=\"1\" type=\"email\" name=\"form_fields[email]\" id=\"form-field-email\" class=\"elementor-field elementor-size-sm  elementor-field-textual\" placeholder=\"Email\" required=\"required\">\n\t\t\t\t\t\t\t\t\t\t\t<\/div>\n\t\t\t\t\t\t\t\t<div class=\"elementor-field-type-url elementor-field-group elementor-column elementor-field-group-field_7e3c8b6 elementor-col-100 elementor-field-required\">\n\t\t\t\t\t\t\t\t\t\t\t\t<label for=\"form-field-field_7e3c8b6\" class=\"elementor-field-label\">\n\t\t\t\t\t\t\t\tURL no nosso site\t\t\t\t\t\t\t<\/label>\n\t\t\t\t\t\t\t\t\t\t\t\t\t\t<input size=\"1\" type=\"url\" name=\"form_fields[field_7e3c8b6]\" id=\"form-field-field_7e3c8b6\" class=\"elementor-field elementor-size-sm  elementor-field-textual\" placeholder=\"URL no nosso site\" required=\"required\">\n\t\t\t\t\t\t\t\t\t\t\t<\/div>\n\t\t\t\t\t\t\t\t<div class=\"elementor-field-type-url elementor-field-group elementor-column elementor-field-group-field_a1af008 elementor-col-100 elementor-field-required\">\n\t\t\t\t\t\t\t\t\t\t\t\t<label for=\"form-field-field_a1af008\" class=\"elementor-field-label\">\n\t\t\t\t\t\t\t\tURL do perfil oficial do criador\t\t\t\t\t\t\t<\/label>\n\t\t\t\t\t\t\t\t\t\t\t\t\t\t<input size=\"1\" type=\"url\" name=\"form_fields[field_a1af008]\" id=\"form-field-field_a1af008\" class=\"elementor-field elementor-size-sm  elementor-field-textual\" placeholder=\"URL do perfil oficial do criador\" required=\"required\">\n\t\t\t\t\t\t\t\t\t\t\t<\/div>\n\t\t\t\t\t\t\t\t<div class=\"elementor-field-type-select elementor-field-group elementor-column elementor-field-group-field_03f0bfc elementor-col-100 elementor-field-required\">\n\t\t\t\t\t\t\t\t\t\t\t\t<label for=\"form-field-field_03f0bfc\" class=\"elementor-field-label\">\n\t\t\t\t\t\t\t\tMotivo da solicita\u00e7\u00e3o\t\t\t\t\t\t\t<\/label>\n\t\t\t\t\t\t\t\t<div class=\"elementor-field elementor-select-wrapper remove-before \">\n\t\t\t<div class=\"select-caret-down-wrapper\">\n\t\t\t\t<svg aria-hidden=\"true\" class=\"e-font-icon-svg e-eicon-caret-down\" viewBox=\"0 0 571.4 571.4\" xmlns=\"http:\/\/www.w3.org\/2000\/svg\"><path d=\"M571 393Q571 407 561 418L311 668Q300 679 286 679T261 668L11 418Q0 407 0 393T11 368 36 357H536Q550 357 561 368T571 393Z\"><\/path><\/svg>\t\t\t<\/div>\n\t\t\t<select name=\"form_fields[field_03f0bfc]\" id=\"form-field-field_03f0bfc\" class=\"elementor-field-textual elementor-size-sm\" required=\"required\">\n\t\t\t\t\t\t\t\t\t<option value=\"Reivindica\u00e7\u00e3o de direitos de autor\">Reivindica\u00e7\u00e3o de direitos de autor<\/option>\n\t\t\t\t\t\t\t\t\t<option value=\"Op\u00e7\u00e3o de exclus\u00e3o do criador\">Op\u00e7\u00e3o de exclus\u00e3o do criador<\/option>\n\t\t\t\t\t\t\t\t\t<option value=\"Outro\">Outro<\/option>\n\t\t\t\t\t\t\t<\/select>\n\t\t<\/div>\n\t\t\t\t\t\t<\/div>\n\t\t\t\t\t\t\t\t<div class=\"elementor-field-type-textarea elementor-field-group elementor-column elementor-field-group-message elementor-col-100\">\n\t\t\t\t\t\t\t\t\t\t\t\t<label for=\"form-field-message\" class=\"elementor-field-label\">\n\t\t\t\t\t\t\t\tMensagem\t\t\t\t\t\t\t<\/label>\n\t\t\t\t\t\t<textarea class=\"elementor-field-textual elementor-field  elementor-size-sm\" name=\"form_fields[message]\" id=\"form-field-message\" rows=\"4\" placeholder=\"Mensagem\"><\/textarea>\t\t\t\t<\/div>\n\t\t\t\t\t\t\t\t<div class=\"elementor-field-type-acceptance elementor-field-group elementor-column elementor-field-group-field_7e8be7b elementor-col-100 elementor-field-required\">\n\t\t\t\t\t\t\t<div class=\"elementor-field-subgroup\">\n\t\t\t<span class=\"elementor-field-option\">\n\t\t\t\t<input type=\"checkbox\" name=\"form_fields[field_7e8be7b]\" id=\"form-field-field_7e8be7b\" class=\"elementor-field elementor-size-sm  elementor-acceptance-field\" required=\"required\">\n\t\t\t\t<label for=\"form-field-field_7e8be7b\">Confirmo que as informa\u00e7\u00f5es fornecidas s\u00e3o precisas e que estou autorizado(a) a enviar este pedido.<\/label>\t\t\t<\/span>\n\t\t<\/div>\n\t\t\t\t\t\t<\/div>\n\t\t\t\t\t\t\t\t<div class=\"elementor-field-group elementor-column elementor-field-type-submit elementor-col-100 e-form__buttons\">\n\t\t\t\t\t<button class=\"elementor-button elementor-size-sm\" type=\"submit\">\n\t\t\t\t\t\t<span class=\"elementor-button-content-wrapper\">\n\t\t\t\t\t\t\t\t\t\t\t\t\t\t\t\t\t\t\t\t\t\t<span class=\"elementor-button-text\">Enviar<\/span>\n\t\t\t\t\t\t\t\t\t\t\t\t\t<\/span>\n\t\t\t\t\t<\/button>\n\t\t\t\t<\/div>\n\t\t\t<\/div>\n\t\t<\/form>\n\t\t\t\t\t\t<\/div>\n\t\t\t\t<div class=\"elementor-element elementor-element-5841c1f elementor-widget elementor-widget-spacer\" data-id=\"5841c1f\" data-element_type=\"widget\" data-e-type=\"widget\" data-widget_type=\"spacer.default\">\n\t\t\t\t\t\t\t<div class=\"elementor-spacer\">\n\t\t\t<div class=\"elementor-spacer-inner\"><\/div>\n\t\t<\/div>\n\t\t\t\t\t\t<\/div>\n\t\t\t\t\t<\/div>\n\t\t\t\t<\/div>\n\t\t\t\t<\/div>\n\t\t","protected":false},"excerpt":{"rendered":"<p>Respeitamos os direitos de propriedade intelectual de terceiros e estamos comprometidos em responder a preocupa\u00e7\u00f5es leg\u00edtimas relacionadas a direitos autorais. Este site funciona como um\u00a0diret\u00f3rio e plataforma de busca para descoberta de criadores, ajudando os usu\u00e1rios a encontrar perfis p\u00fablicos de criadores e navegar para plataformas externas como OnlyFans e servi\u00e7os semelhantes. N\u00f3s\u00a0n\u00e3o hospedamos nem [&hellip;]<\/p>\n","protected":false},"author":2,"featured_media":0,"parent":0,"menu_order":0,"comment_status":"closed","ping_status":"closed","template":"","meta":{"_acf_changed":false,"footnotes":""},"class_list":["post-21307","page","type-page","status-publish","hentry"],"acf":[],"aioseo_notices":[],"_links":{"self":[{"href":"https:\/\/topofmodels.com\/pt-pt\/wp-json\/wp\/v2\/pages\/21307","targetHints":{"allow":["GET"]}}],"collection":[{"href":"https:\/\/topofmodels.com\/pt-pt\/wp-json\/wp\/v2\/pages"}],"about":[{"href":"https:\/\/topofmodels.com\/pt-pt\/wp-json\/wp\/v2\/types\/page"}],"author":[{"embeddable":true,"href":"https:\/\/topofmodels.com\/pt-pt\/wp-json\/wp\/v2\/users\/2"}],"replies":[{"embeddable":true,"href":"https:\/\/topofmodels.com\/pt-pt\/wp-json\/wp\/v2\/comments?post=21307"}],"version-history":[{"count":4,"href":"https:\/\/topofmodels.com\/pt-pt\/wp-json\/wp\/v2\/pages\/21307\/revisions"}],"predecessor-version":[{"id":22999,"href":"https:\/\/topofmodels.com\/pt-pt\/wp-json\/wp\/v2\/pages\/21307\/revisions\/22999"}],"wp:attachment":[{"href":"https:\/\/topofmodels.com\/pt-pt\/wp-json\/wp\/v2\/media?parent=21307"}],"curies":[{"name":"wp","href":"https:\/\/api.w.org\/{rel}","templated":true}]}}