{"id":21285,"date":"2026-01-16T15:45:30","date_gmt":"2026-01-16T15:45:30","guid":{"rendered":"https:\/\/topofmodels.com\/?page_id=21285"},"modified":"2026-02-09T18:56:48","modified_gmt":"2026-02-09T18:56:48","slug":"politica-de-cookies","status":"publish","type":"page","link":"https:\/\/topofmodels.com\/pt-pt\/politica-de-cookies\/","title":{"rendered":"Pol\u00edtica de Cookies"},"content":{"rendered":"<p>Neste site coletamos e utilizamos informa\u00e7\u00f5es conforme indicado em nossa Pol\u00edtica de Privacidade. Uma das formas pelas quais coletamos informa\u00e7\u00f5es \u00e9 por meio do uso de uma tecnologia chamada \u201ccookies\u201d. Na TOP OnlyFans Models, os cookies s\u00e3o utilizados para diversas finalidades.<\/p>\n<h3>O que \u00e9 um cookie?<\/h3>\n<p>Um \u201ccookie\u201d \u00e9 uma pequena quantidade de texto que \u00e9 armazenada no seu navegador (como Google Chrome ou Apple Safari) quando voc\u00ea acessa a maioria dos sites.<\/p>\n<h3>O que N\u00c3O \u00e9 um cookie?<\/h3>\n<p>N\u00e3o \u00e9 um v\u00edrus, nem um trojan, nem um worm, nem spam, nem spyware, nem abre janelas pop-up.<\/p>\n<h3>Que informa\u00e7\u00f5es um cookie armazena?<\/h3>\n<p>Os cookies normalmente n\u00e3o armazenam informa\u00e7\u00f5es sens\u00edveis sobre voc\u00ea, como dados de cart\u00e3o de cr\u00e9dito ou banc\u00e1rios, fotografias ou informa\u00e7\u00f5es pessoais. Os dados que eles armazenam s\u00e3o de natureza t\u00e9cnica, estat\u00edstica, prefer\u00eancias pessoais, personaliza\u00e7\u00e3o de conte\u00fados, entre outros.<\/p>\n<p>O servidor web n\u00e3o associa voc\u00ea como pessoa, mas sim ao seu navegador. De fato, se voc\u00ea costuma navegar com o navegador Chrome e acessa este mesmo site utilizando o Firefox, perceber\u00e1 que o site n\u00e3o reconhece que voc\u00ea \u00e9 a mesma pessoa, pois as informa\u00e7\u00f5es s\u00e3o associadas ao navegador e n\u00e3o ao usu\u00e1rio.<\/p>\n<h3>Que tipos de cookies existem?<\/h3>\n<ul>\n<li>Cookies t\u00e9cnicos: S\u00e3o os mais b\u00e1sicos e permitem, entre outras coisas, identificar quando uma pessoa ou uma aplica\u00e7\u00e3o automatizada est\u00e1 navegando, quando um usu\u00e1rio an\u00f4nimo ou registrado acessa o site, al\u00e9m de realizar tarefas b\u00e1sicas para o funcionamento correto de qualquer site din\u00e2mico.<\/li>\n<li>Cookies de an\u00e1lise: Coletam informa\u00e7\u00f5es sobre o tipo de navega\u00e7\u00e3o que voc\u00ea realiza, as se\u00e7\u00f5es mais utilizadas, produtos consultados, tempo de uso, idioma, etc.<\/li>\n<li>Cookies publicit\u00e1rios: Exibem publicidade com base na sua navega\u00e7\u00e3o, pa\u00eds de origem, idioma, entre outros fatores.<\/li>\n<\/ul>\n<p>O que s\u00e3o cookies pr\u00f3prios e de terceiros?<\/p>\n<p>Cookies pr\u00f3prios s\u00e3o aqueles gerados pelo site que voc\u00ea est\u00e1 visitando, enquanto cookies de terceiros s\u00e3o gerados por servi\u00e7os ou provedores externos, como Mailchimp, Mailrelay, Facebook, Twitter, Google Adsense, entre outros.<\/p>\n<h3>Quais cookies este site utiliza?<\/h3>\n<p>Este site utiliza cookies pr\u00f3prios e de terceiros. A seguir, detalhamos os cookies utilizados neste site:<\/p>\n<h3>Cookies pr\u00f3prios:<\/h3>\n<p>Login: Os cookies de login permitem que voc\u00ea entre e saia da sua conta da TOP OnlyFans Models.<\/p>\n<p>Personaliza\u00e7\u00e3o: Os cookies ajudam a lembrar com quais pessoas ou sites voc\u00ea interagiu, permitindo exibir conte\u00fados relacionados.<\/p>\n<p>Prefer\u00eancias: Os cookies permitem lembrar suas configura\u00e7\u00f5es e prefer\u00eancias, como o idioma preferido e as configura\u00e7\u00f5es de privacidade.<\/p>\n<p>Seguran\u00e7a: Utilizamos cookies para evitar riscos de seguran\u00e7a, principalmente para detectar tentativas de acesso n\u00e3o autorizado \u00e0 sua conta da TOP OnlyFans Models.<\/p>\n<h3>Cookies de terceiros<\/h3>\n<p>Este site utiliza servi\u00e7os de an\u00e1lise, especificamente o Google Analytics, para ajudar a analisar como os usu\u00e1rios utilizam o site e melhorar sua usabilidade. Em nenhum caso esses dados s\u00e3o associados a informa\u00e7\u00f5es que possam identificar o usu\u00e1rio. O Google Analytics \u00e9 um servi\u00e7o de an\u00e1lise web fornecido pela Google, Inc. O usu\u00e1rio pode consultar aqui os tipos de cookies utilizados pelo Google.<\/p>\n<p>A TOP OnlyFans Models utiliza a plataforma de fornecimento e hospedagem de blogs WordPress, pertencente \u00e0 empresa norte-americana Automattic, Inc. Por esse motivo, o uso desses cookies nunca est\u00e1 sob o controle ou gest\u00e3o direta do respons\u00e1vel pelo site, podendo ter seu funcionamento alterado a qualquer momento e incluir novos cookies. Esses cookies tamb\u00e9m n\u00e3o geram nenhum benef\u00edcio direto para o respons\u00e1vel por este site. A Automattic, Inc. tamb\u00e9m utiliza outros cookies com o objetivo de identificar e rastrear visitantes dos sites WordPress, conhecer o uso do site da Automattic e suas prefer\u00eancias de acesso, conforme descrito na se\u00e7\u00e3o \u201cCookies\u201d de sua pol\u00edtica de privacidade.<\/p>\n<p>Cookies de redes sociais do site http:\/\/topofmodels.com podem ser armazenados no seu navegador enquanto voc\u00ea navega pelo site, por exemplo, quando utiliza o bot\u00e3o de compartilhamento de http:\/\/topofmodels.com em uma rede social.<\/p>\n<p>A seguir, voc\u00ea encontrar\u00e1 informa\u00e7\u00f5es sobre os cookies das redes sociais utilizados por este site, conforme suas respectivas pol\u00edticas de cookies:<\/p>\n<p>Facebook cookies, veja mais informa\u00e7\u00f5es em sua <a href=\"https:\/\/www.facebook.com\/policy.php\" rel=\"nofollow \">pol\u00edtica de cookies<\/a><br \/>\nTwitter cookies, veja mais informa\u00e7\u00f5es em sua <a href=\"https:\/\/help.x.com\/es\/rules-and-policies\/x-rules\" rel=\"nofollow \">pol\u00edtica de cookies<\/a><br \/>\nInstagram cookies, veja mais informa\u00e7\u00f5es em sua <a href=\"https:\/\/help.instagram.com\/155833707900388\" rel=\"nofollow \">pol\u00edtica de cookies<\/a><br \/>\nLinkedIn cookies, veja mais informa\u00e7\u00f5es em sua <a href=\"https:\/\/www.linkedin.com\/legal\/privacy-policy\" rel=\"nofollow \">pol\u00edtica de cookies<\/a><br \/>\nPinterest cookies, veja mais informa\u00e7\u00f5es em sua <a href=\"https:\/\/policy.pinterest.com\/en\/privacy-policy\" rel=\"nofollow \">pol\u00edtica de cookies<\/a><br \/>\nYouTube cookies, veja mais informa\u00e7\u00f5es em sua <a href=\"https:\/\/safety.google\/privacy\/data\/\" rel=\"nofollow \">pol\u00edtica de cookies<\/a><\/p>\n<h3>Lista de cookies<\/h3>\n<p>Necess\u00e1rios: Os cookies necess\u00e1rios ajudam a tornar um site utiliz\u00e1vel ao ativar fun\u00e7\u00f5es b\u00e1sicas, como a navega\u00e7\u00e3o na p\u00e1gina e o acesso a \u00e1reas seguras do site. O site n\u00e3o pode funcionar corretamente sem esses cookies.<\/p>\n<p>Prefer\u00eancias: Os cookies de prefer\u00eancia permitem que o site lembre informa\u00e7\u00f5es que alteram a forma como a p\u00e1gina se comporta ou a apar\u00eancia que possui, como o idioma preferido ou a regi\u00e3o em que voc\u00ea est\u00e1 localizado.<\/p>\n<p>Estat\u00edsticas: Os cookies estat\u00edsticos ajudam os propriet\u00e1rios dos sites a compreender como os visitantes interagem com as p\u00e1ginas, coletando e fornecendo informa\u00e7\u00f5es de forma an\u00f4nima.<\/p>\n<p>Marketing: Os cookies de marketing s\u00e3o utilizados para rastrear visitantes nos sites. O objetivo \u00e9 exibir an\u00fancios relevantes e atrativos para o usu\u00e1rio individual e, portanto, mais valiosos para editores e anunciantes terceiros.<\/p>\n<p>N\u00e3o classificados: Os cookies n\u00e3o classificados s\u00e3o aqueles que ainda est\u00e3o em processo de classifica\u00e7\u00e3o, juntamente com os respectivos fornecedores de cookies.<\/p>\n<h3>Os cookies podem ser exclu\u00eddos?<\/h3>\n<p>Sim, e n\u00e3o apenas exclu\u00eddos, mas tamb\u00e9m bloqueados, de forma geral ou espec\u00edfica para um determinado dom\u00ednio.<\/p>\n<p>Para excluir cookies de um site, voc\u00ea deve acessar as configura\u00e7\u00f5es do seu navegador e l\u00e1 poder\u00e1 localizar aqueles associados ao dom\u00ednio em quest\u00e3o e proceder com a sua exclus\u00e3o.<\/p>\n<ul>\n<li>Configura\u00e7\u00e3o de cookies no <a href=\"https:\/\/support.google.com\/chrome\/bin\/answer.py?hl=es&amp;answer=95647\" target=\"_blank\" rel=\"nofollow noopener noreferrer\">Google Chrome<\/a><\/li>\n<li>Configura\u00e7\u00e3o de cookies no <a href=\"https:\/\/support.apple.com\/es-es\/HT201265\" target=\"_blank\" rel=\"nofollow noopener noreferrer\">Apple Safari<\/a><\/li>\n<li>Configura\u00e7\u00e3o de cookies no <a href=\"https:\/\/support.microsoft.com\/en-us\/help\/17442\/windows-internet-explorer-delete-manage-cookies#ie=ie-10\" target=\"_blank\" rel=\"nofollow noopener noreferrer\">Internet Explorer<\/a><\/li>\n<li>Configura\u00e7\u00e3o de cookies no <a href=\"https:\/\/support.mozilla.org\/es\/kb\/habilitar-y-deshabilitar-cookies-sitios-web-rastrear-preferencias?redirectlocale=es&amp;redirectslug=habilitar-y-deshabilitar-cookies-que-los-sitios-we\" target=\"_blank\" rel=\"nofollow noopener noreferrer\">Mozilla Firefox<\/a><\/li>\n<\/ul>\n<p>Se desejar, voc\u00ea pode desativar o rastreamento do Google Analytics por meio deste <a href=\"https:\/\/tools.google.com\/dlpage\/gaoptout\" rel=\"nofollow \">complemento para navegador oferecido pelo Google<\/a>.<\/p>\n<h3>Mais informa\u00e7\u00f5es sobre cookies<\/h3>\n<p>Voc\u00ea pode consultar a regulamenta\u00e7\u00e3o sobre cookies publicada pela Ag\u00eancia Espanhola de Prote\u00e7\u00e3o de Dados em seu \u201cGuia sobre o uso de cookies\u201d e obter mais informa\u00e7\u00f5es sobre cookies na Internet em http:\/\/www.aboutcookies.org\/<\/p>\n<p>Se voc\u00ea deseja ter mais controle sobre a instala\u00e7\u00e3o de cookies, pode instalar programas ou complementos no seu navegador, conhecidos como ferramentas \u201cDo Not Track\u201d, que permitir\u00e3o escolher quais cookies voc\u00ea deseja permitir.<\/p>\n","protected":false},"excerpt":{"rendered":"<p>Neste site coletamos e utilizamos informa\u00e7\u00f5es conforme indicado em nossa Pol\u00edtica de Privacidade. Uma das formas pelas quais coletamos informa\u00e7\u00f5es \u00e9 por meio do uso de uma tecnologia chamada \u201ccookies\u201d. Na TOP OnlyFans Models, os cookies s\u00e3o utilizados para diversas finalidades. O que \u00e9 um cookie? Um \u201ccookie\u201d \u00e9 uma pequena quantidade de texto que [&hellip;]<\/p>\n","protected":false},"author":2,"featured_media":0,"parent":0,"menu_order":0,"comment_status":"closed","ping_status":"closed","template":"","meta":{"_acf_changed":false,"footnotes":""},"class_list":["post-21285","page","type-page","status-publish","hentry"],"acf":[],"aioseo_notices":[],"_links":{"self":[{"href":"https:\/\/topofmodels.com\/pt-pt\/wp-json\/wp\/v2\/pages\/21285","targetHints":{"allow":["GET"]}}],"collection":[{"href":"https:\/\/topofmodels.com\/pt-pt\/wp-json\/wp\/v2\/pages"}],"about":[{"href":"https:\/\/topofmodels.com\/pt-pt\/wp-json\/wp\/v2\/types\/page"}],"author":[{"embeddable":true,"href":"https:\/\/topofmodels.com\/pt-pt\/wp-json\/wp\/v2\/users\/2"}],"replies":[{"embeddable":true,"href":"https:\/\/topofmodels.com\/pt-pt\/wp-json\/wp\/v2\/comments?post=21285"}],"version-history":[{"count":2,"href":"https:\/\/topofmodels.com\/pt-pt\/wp-json\/wp\/v2\/pages\/21285\/revisions"}],"predecessor-version":[{"id":21287,"href":"https:\/\/topofmodels.com\/pt-pt\/wp-json\/wp\/v2\/pages\/21285\/revisions\/21287"}],"wp:attachment":[{"href":"https:\/\/topofmodels.com\/pt-pt\/wp-json\/wp\/v2\/media?parent=21285"}],"curies":[{"name":"wp","href":"https:\/\/api.w.org\/{rel}","templated":true}]}}