{"id":21209,"date":"2026-01-16T15:32:45","date_gmt":"2026-01-16T15:32:45","guid":{"rendered":"https:\/\/topofmodels.com\/?page_id=21209"},"modified":"2026-02-09T18:42:41","modified_gmt":"2026-02-09T18:42:41","slug":"aviso-legal","status":"publish","type":"page","link":"https:\/\/topofmodels.com\/pt-pt\/aviso-legal\/","title":{"rendered":"Aviso Legal"},"content":{"rendered":"<h3>Dados do respons\u00e1vel<\/h3>\n<ul>\n<li>Site: http:\/\/topofmodels.com<\/li>\n<li>E-mail: contact@topofmodels.com<\/li>\n<\/ul>\n<p>Neste espa\u00e7o, o usu\u00e1rio poder\u00e1 encontrar todas as informa\u00e7\u00f5es relacionadas aos termos e condi\u00e7\u00f5es legais que regulam a rela\u00e7\u00e3o entre os usu\u00e1rios e eu, como respons\u00e1vel por este site. Como usu\u00e1rio, \u00e9 importante que voc\u00ea conhe\u00e7a estes termos antes de continuar navegando.<\/p>\n<p>TOP OnlyFans Models, como respons\u00e1vel por este site, assume o compromisso de tratar as informa\u00e7\u00f5es de seus usu\u00e1rios e clientes com total garantia e de cumprir os requisitos nacionais e europeus que regulam a coleta e o uso de dados pessoais dos usu\u00e1rios.<\/p>\n<p>Este site cumpre rigorosamente a Lei Org\u00e2nica 15\/1999, de 13 de dezembro, de Prote\u00e7\u00e3o de Dados de Car\u00e1ter Pessoal (LOPD), e o Real Decreto 1720\/2007, de 21 de dezembro, conhecido como o Regulamento de desenvolvimento da LOPD. Tamb\u00e9m cumpre o Regulamento (UE) 2016\/679 do Parlamento Europeu e do Conselho, de 27 de abril de 2016, relativo \u00e0 prote\u00e7\u00e3o das pessoas f\u00edsicas (RGPD), bem como a Lei 34\/2002, de 11 de julho, sobre Servi\u00e7os da Sociedade da Informa\u00e7\u00e3o e Com\u00e9rcio Eletr\u00f4nico (LSSICE ou LSSI).<\/p>\n<h4>Condi\u00e7\u00f5es gerais de uso<\/h4>\n<p>As presentes Condi\u00e7\u00f5es Gerais regulam o uso (incluindo o simples acesso) das p\u00e1ginas web que comp\u00f5em o site TOP OnlyFans Models, incluindo os conte\u00fados e servi\u00e7os disponibilizados nelas. Qualquer pessoa que acesse o site http:\/\/topofmodels.com (\u201cusu\u00e1rio\u201d) aceita submeter-se \u00e0s Condi\u00e7\u00f5es Gerais vigentes a cada momento do portal http:\/\/topofmodels.com.<\/p>\n<h3>Informa\u00e7\u00f5es pessoais que recolho e como fa\u00e7o isso<\/h3>\n<p>Consulte a Pol\u00edtica de Privacidade.<\/p>\n<h3>Compromissos e obriga\u00e7\u00f5es dos usu\u00e1rios<\/h3>\n<p>O usu\u00e1rio \u00e9 informado e aceita que o acesso a este site n\u00e3o implica, em nenhum caso, o in\u00edcio de uma rela\u00e7\u00e3o comercial com a TOP OnlyFans Models. Dessa forma, o usu\u00e1rio compromete-se a utilizar o site, seus servi\u00e7os e conte\u00fados sem infringir a legisla\u00e7\u00e3o vigente, a boa-f\u00e9 e a ordem p\u00fablica.<\/p>\n<p>\u00c9 proibido o uso do site para fins il\u00edcitos ou prejudiciais, ou que de qualquer forma possam causar danos ou impedir o funcionamento normal do mesmo. Em rela\u00e7\u00e3o aos conte\u00fados deste site, \u00e9 proibido:<\/p>\n<p>A sua reprodu\u00e7\u00e3o, distribui\u00e7\u00e3o ou modifica\u00e7\u00e3o, total ou parcial, salvo com autoriza\u00e7\u00e3o expressa do titular leg\u00edtimo;<br \/>\nQualquer viola\u00e7\u00e3o dos direitos do provedor ou do titular leg\u00edtimo;<br \/>\nO seu uso para fins comerciais ou publicit\u00e1rios.<\/p>\n<p>No uso do site http:\/\/topofmodels.com, o usu\u00e1rio compromete-se a n\u00e3o realizar nenhuma conduta que possa prejudicar a imagem, os interesses e os direitos da TOP OnlyFans Models ou de terceiros, nem que possa danificar, inutilizar ou sobrecarregar o portal, ou impedir de qualquer forma o seu uso normal.<\/p>\n<p>No entanto, o usu\u00e1rio deve estar ciente de que as medidas de seguran\u00e7a dos sistemas inform\u00e1ticos na Internet n\u00e3o s\u00e3o totalmente confi\u00e1veis e que, portanto, http:\/\/topofmodels.com n\u00e3o pode garantir a inexist\u00eancia de malware ou outros elementos que possam causar altera\u00e7\u00f5es nos sistemas inform\u00e1ticos (software e hardware) do usu\u00e1rio ou em seus documentos eletr\u00f4nicos e arquivos, embora sejam utilizados todos os meios necess\u00e1rios e as medidas de seguran\u00e7a adequadas para evitar a presen\u00e7a desses elementos nocivos.<\/p>\n<h3>Medidas de seguran\u00e7a<\/h3>\n<p>Os dados pessoais comunicados pelo usu\u00e1rio \u00e0 TOP OnlyFans Models podem ser armazenados em bases de dados automatizadas ou n\u00e3o, cuja titularidade corresponde exclusivamente \u00e0 TOP OnlyFans Models, assumindo todas as medidas t\u00e9cnicas, organizacionais e de seguran\u00e7a necess\u00e1rias para garantir a confidencialidade, integridade e qualidade das informa\u00e7\u00f5es, de acordo com a legisla\u00e7\u00e3o vigente em mat\u00e9ria de prote\u00e7\u00e3o de dados.<\/p>\n<p>A comunica\u00e7\u00e3o entre os usu\u00e1rios e http:\/\/topofmodels.com utiliza um canal seguro, e os dados transmitidos s\u00e3o criptografados por meio de protocolos https, garantindo assim as melhores condi\u00e7\u00f5es de seguran\u00e7a e confidencialidade.<\/p>\n<h3>Plataforma de resolu\u00e7\u00e3o de conflitos<\/h3>\n<p>Tamb\u00e9m \u00e9 disponibilizada aos usu\u00e1rios a plataforma de resolu\u00e7\u00e3o de lit\u00edgios fornecida pela Comiss\u00e3o Europeia, dispon\u00edvel no seguinte link:<br \/>\nhttp:\/\/ec.europa.eu\/consumers\/odr\/<\/p>\n<h3>Direitos de propriedade intelectual e industrial<\/h3>\n<p>Em virtude do disposto nos artigos 8 e 32.1, segundo par\u00e1grafo, da Lei de Propriedade Intelectual, fica expressamente proibida a reprodu\u00e7\u00e3o, distribui\u00e7\u00e3o e comunica\u00e7\u00e3o p\u00fablica, incluindo a sua disponibiliza\u00e7\u00e3o, da totalidade ou parte dos conte\u00fados desta p\u00e1gina web, com fins comerciais, por qualquer meio e suporte, sem a autoriza\u00e7\u00e3o da TOP OnlyFans Models.<\/p>\n<p>O usu\u00e1rio compromete-se a respeitar os direitos de Propriedade Intelectual e Industrial de titularidade da TOP OnlyFans Models.<\/p>\n<p>O usu\u00e1rio conhece e aceita que a totalidade do site, incluindo, de forma n\u00e3o exaustiva, textos, software, conte\u00fados (incluindo estrutura, sele\u00e7\u00e3o, organiza\u00e7\u00e3o e apresenta\u00e7\u00e3o), podcasts, fotografias, material audiovisual e gr\u00e1ficos, est\u00e1 protegida por marcas, direitos autorais e outros direitos leg\u00edtimos, de acordo com os tratados internacionais e a legisla\u00e7\u00e3o espanhola vigente.<\/p>\n<p>Caso um usu\u00e1rio ou terceiro considere que houve viola\u00e7\u00e3o de seus direitos leg\u00edtimos de propriedade intelectual pela introdu\u00e7\u00e3o de determinados conte\u00fados no site, dever\u00e1 notificar a TOP OnlyFans Models, indicando:<\/p>\n<ul>\n<li>Os dados pessoais do titular dos direitos supostamente violados, ou a representa\u00e7\u00e3o com a qual atua, caso a reclama\u00e7\u00e3o seja apresentada por um terceiro.<\/li>\n<li>Os conte\u00fados protegidos pelos direitos de propriedade intelectual e sua localiza\u00e7\u00e3o no site, a comprova\u00e7\u00e3o desses direitos e uma declara\u00e7\u00e3o expressa na qual o interessado se responsabiliza pela veracidade das informa\u00e7\u00f5es fornecidas.<\/li>\n<\/ul>\n<h3>Links externos<\/h3>\n<p>O site http:\/\/topofmodels.com pode fornecer links para outros sites pr\u00f3prios ou para conte\u00fados pertencentes a terceiros, tais como:<\/p>\n<ul>\n<li>Conte\u00fados de outros blogs<\/li>\n<li>Ferramentas<\/li>\n<li>Recursos<\/li>\n<\/ul>\n<h3>Exclus\u00e3o de garantias e responsabilidade<\/h3>\n<p>A TOP OnlyFans Models n\u00e3o oferece qualquer garantia nem se responsabiliza, em nenhum caso, por danos e preju\u00edzos de qualquer natureza que possam resultar de:<\/p>\n<ul>\n<li>A falta de disp<br \/>\n","protected":false},"excerpt":{"rendered":"<p>Dados do respons\u00e1vel Site: http:\/\/topofmodels.com E-mail: contact@topofmodels.com Neste espa\u00e7o, o usu\u00e1rio poder\u00e1 encontrar todas as informa\u00e7\u00f5es relacionadas aos termos e condi\u00e7\u00f5es legais que regulam a rela\u00e7\u00e3o entre os usu\u00e1rios e eu, como respons\u00e1vel por este site. Como usu\u00e1rio, \u00e9 importante que voc\u00ea conhe\u00e7a estes termos antes de continuar navegando. TOP OnlyFans Models, como respons\u00e1vel por [&hellip;]<\/p>\n","protected":false},"author":2,"featured_media":0,"parent":0,"menu_order":0,"comment_status":"closed","ping_status":"closed","template":"","meta":{"_acf_changed":false,"footnotes":""},"class_list":["post-21209","page","type-page","status-publish","hentry"],"acf":[],"aioseo_notices":[],"_links":{"self":[{"href":"https:\/\/topofmodels.com\/pt-pt\/wp-json\/wp\/v2\/pages\/21209","targetHints":{"allow":["GET"]}}],"collection":[{"href":"https:\/\/topofmodels.com\/pt-pt\/wp-json\/wp\/v2\/pages"}],"about":[{"href":"https:\/\/topofmodels.com\/pt-pt\/wp-json\/wp\/v2\/types\/page"}],"author":[{"embeddable":true,"href":"https:\/\/topofmodels.com\/pt-pt\/wp-json\/wp\/v2\/users\/2"}],"replies":[{"embeddable":true,"href":"https:\/\/topofmodels.com\/pt-pt\/wp-json\/wp\/v2\/comments?post=21209"}],"version-history":[{"count":1,"href":"https:\/\/topofmodels.com\/pt-pt\/wp-json\/wp\/v2\/pages\/21209\/revisions"}],"predecessor-version":[{"id":21210,"href":"https:\/\/topofmodels.com\/pt-pt\/wp-json\/wp\/v2\/pages\/21209\/revisions\/21210"}],"wp:attachment":[{"href":"https:\/\/topofmodels.com\/pt-pt\/wp-json\/wp\/v2\/media?parent=21209"}],"curies":[{"name":"wp","href":"https:\/\/api.w.org\/{rel}","templated":true}]}}