{"id":21721,"date":"2026-01-07T19:18:08","date_gmt":"2026-01-07T19:18:08","guid":{"rendered":"https:\/\/topofmodels.com\/?page_id=21721"},"modified":"2026-02-18T13:20:19","modified_gmt":"2026-02-18T13:20:19","slug":"politica-sulla-riservatezza","status":"publish","type":"page","link":"https:\/\/topofmodels.com\/it\/politica-sulla-riservatezza\/","title":{"rendered":"Politica sulla riservatezza"},"content":{"rendered":"<p>La tua privacy \u00e8 importante per me. In questa informativa sulla privacy spiego quali dati personali raccolgo dai miei utenti e come li utilizzo. Ti invito a leggere attentamente questi termini prima di fornire i tuoi dati personali su questo sito web. I maggiori di tredici anni possono registrarsi su http:\/\/topofmodels.com<br \/>\n come utenti senza il consenso preventivo dei genitori o tutori. Nel caso di minori di tredici anni, \u00e8 necessario il consenso dei genitori o tutori per il trattamento dei loro dati personali. In nessun caso verranno raccolti dati del minore relativi alla situazione professionale, economica o alla vita privata di altri membri della famiglia senza il consenso di questi ultimi. Se hai meno di tredici anni e hai accesso a questo sito senza aver informato i tuoi genitori, non devi registrarti come utente. Su questo sito i dati personali degli utenti sono rispettati e protetti. Come utente devi sapere che i tuoi diritti sono garantiti. Mi sono impegnato a creare uno spazio sicuro e affidabile ed \u00e8 per questo che voglio condividere i miei principi in materia di privacy:<\/p>\n<ul>\n<li>Non richiedo mai informazioni personali a meno che non siano realmente necessarie per fornirti i servizi richiesti.<\/li>\n<li>Non condivido mai le informazioni personali dei miei utenti con nessuno, salvo per adempiere a obblighi di legge o in caso di tua autorizzazione espressa.<\/li>\n<li>Non utilizzo mai i tuoi dati personali per finalit\u00e0 diverse da quelle indicate in questa informativa sulla privacy.<\/li>\n<\/ul>\n<p> Si segnala che la presente Informativa sulla Privacy pu\u00f2 variare in base a requisiti legislativi o di autoregolamentazione, pertanto si consiglia agli utenti di consultarla periodicamente. Sar\u00e0 applicabile qualora gli utenti decidano di compilare qualsiasi modulo di contatto in cui vengano raccolti dati personali. TOP OnlyFans Models ha adeguato questo sito ai requisiti della Legge Organica 15\/1999 del 13 dicembre sulla Protezione dei Dati Personali (LOPD) e del Regio Decreto 1720\/2007 del 21 dicembre, noto come Regolamento di attuazione della LOPD. \u00c8 inoltre conforme al Regolamento (UE) 2016\/679 del Parlamento Europeo e del Consiglio del 27 aprile 2016 (RGPD), nonch\u00e9 alla Legge 34\/2002 dell\u201911 luglio sui Servizi della Societ\u00e0 dell\u2019Informazione e sul Commercio Elettronico (LSSICE o LSSI). <\/p>\n<h3>Responsabile del trattamento dei tuoi dati personali<\/h3>\n<ul>\n<li>Nome commerciale: TOP OnlyFans Models<\/li>\n<li>Sito web: http:\/\/topofmodels.com<\/li>\n<li>Email: contact@topofmodels.com<\/li>\n<li>Attivit\u00e0: Divulgazione di contenuti tramite blog<\/li>\n<\/ul>\n<p> Ai sensi del Regolamento Generale sulla Protezione dei Dati sopra menzionato, i dati personali che invii tramite i moduli web saranno trattati come \u201cUtenti del sito e iscritti\u201d. Per il trattamento dei dati dei miei utenti, implemento tutte le misure tecniche e organizzative di sicurezza previste dalla normativa vigente. <\/p>\n<h3>Principi che applicher\u00f2 ai tuoi dati personali<\/h3>\n<p> Nel trattamento dei tuoi dati personali applicher\u00f2 i seguenti principi, conformi alle disposizioni del nuovo regolamento europeo sulla protezione dei dati: <\/p>\n<ul>\n<li>Principio di liceit\u00e0, correttezza e trasparenza: richieder\u00f2 sempre il tuo consenso per il trattamento dei tuoi dati personali per una o pi\u00f9 finalit\u00e0 specifiche, che ti verranno comunicate in modo chiaro e trasparente.<\/li>\n<li>Principio di minimizzazione dei dati: richieder\u00f2 solo i dati strettamente necessari in relazione alle finalit\u00e0 per cui sono richiesti. Il minimo indispensabile.<\/li>\n<li>Principio di limitazione della conservazione: i dati saranno conservati per un periodo non superiore a quello necessario per le finalit\u00e0 del trattamento. A seconda della finalit\u00e0, ti informer\u00f2 del relativo periodo di conservazione. Nel caso delle iscrizioni, revisioner\u00f2 periodicamente le mie liste eliminando i registri inattivi da tempo considerevole.<\/li>\n<li>Principio di integrit\u00e0 e riservatezza: i tuoi dati saranno trattati in modo da garantire un\u2019adeguata sicurezza e la massima riservatezza. Ti informo che adotto tutte le precauzioni necessarie per evitare accessi non autorizzati o usi impropri dei dati da parte di terzi.<\/li>\n<\/ul>\n<h3>Come ho ottenuto i tuoi dati?<\/h3>\n<p> I dati personali trattati da TOP OnlyFans Models provengono da: <\/p>\n<ul>\n<li>Modulo di iscrizione<\/li>\n<li>Commenti sul blog<\/li>\n<\/ul>\n<h3>Quali sono i tuoi diritti quando fornisci i tuoi dati?<\/h3>\n<p> Chiunque ha il diritto di ottenere conferma dell\u2019esistenza o meno di un trattamento di dati personali che lo riguardano da parte di TOP OnlyFans Models. Gli interessati hanno il diritto di: <\/p>\n<ul>\n<li>Richiedere l\u2019accesso ai dati personali che li riguardano<\/li>\n<li>Richiedere la rettifica o la cancellazione<\/li>\n<li>Richiedere la limitazione del trattamento<\/li>\n<li>Opporsi al trattamento<\/li>\n<li>Richiedere la portabilit\u00e0 dei dati<\/li>\n<\/ul>\n<p> Gli interessati possono accedere ai propri dati personali e richiederne la rettifica se inesatti o, se del caso, la cancellazione quando, tra l\u2019altro, i dati non siano pi\u00f9 necessari rispetto alle finalit\u00e0 per cui sono stati raccolti. In determinate circostanze, gli interessati possono richiedere la limitazione del trattamento dei propri dati; in tal caso conserver\u00f2 i dati solo per l\u2019esercizio o la difesa di eventuali diritti in sede giudiziaria. In determinate circostanze e per motivi connessi alla loro situazione particolare, gli interessati possono opporsi al trattamento dei dati. TOP OnlyFans Models cesser\u00e0 il trattamento, salvo per motivi legittimi prevalenti o per l\u2019esercizio o la difesa di possibili rivendicazioni. In qualit\u00e0 di interessato, hai il diritto di ricevere i dati personali che ti riguardano, da te forniti, in formato strutturato, di uso comune e leggibile da dispositivo automatico, nonch\u00e9 di trasmetterli a un altro titolare del trattamento quando: <\/p>\n<ul>\n<li>Il trattamento si basa sul consenso<\/li>\n<li>I dati sono stati forniti dall\u2019interessato<\/li>\n<li>Il trattamento \u00e8 effettuato con mezzi automatizzati<\/li>\n<\/ul>\n<p> Esercitando il diritto alla portabilit\u00e0 dei dati, hai il diritto che i dati personali siano trasmessi direttamente da un titolare all\u2019altro, ove tecnicamente possibile. Gli interessati hanno inoltre diritto a una tutela giurisdizionale effettiva e a presentare reclamo all\u2019autorit\u00e0 di controllo competente, in questo caso l\u2019Agenzia Spagnola per la Protezione dei Dati, qualora ritengano che il trattamento dei dati personali che li riguarda violi il Regolamento.<\/p>\n","protected":false},"excerpt":{"rendered":"<p>La tua privacy \u00e8 importante per me. In questa informativa sulla privacy spiego quali dati personali raccolgo dai miei utenti e come li utilizzo. Ti invito a leggere attentamente questi termini prima di fornire i tuoi dati personali su questo sito web. I maggiori di tredici anni possono registrarsi su http:\/\/topofmodels.com come utenti senza il [&hellip;]<\/p>\n","protected":false},"author":2,"featured_media":0,"parent":0,"menu_order":0,"comment_status":"closed","ping_status":"open","template":"","meta":{"_acf_changed":false,"footnotes":""},"class_list":["post-21721","page","type-page","status-publish","hentry"],"acf":[],"aioseo_notices":[],"_links":{"self":[{"href":"https:\/\/topofmodels.com\/it\/wp-json\/wp\/v2\/pages\/21721","targetHints":{"allow":["GET"]}}],"collection":[{"href":"https:\/\/topofmodels.com\/it\/wp-json\/wp\/v2\/pages"}],"about":[{"href":"https:\/\/topofmodels.com\/it\/wp-json\/wp\/v2\/types\/page"}],"author":[{"embeddable":true,"href":"https:\/\/topofmodels.com\/it\/wp-json\/wp\/v2\/users\/2"}],"replies":[{"embeddable":true,"href":"https:\/\/topofmodels.com\/it\/wp-json\/wp\/v2\/comments?post=21721"}],"version-history":[{"count":1,"href":"https:\/\/topofmodels.com\/it\/wp-json\/wp\/v2\/pages\/21721\/revisions"}],"predecessor-version":[{"id":21722,"href":"https:\/\/topofmodels.com\/it\/wp-json\/wp\/v2\/pages\/21721\/revisions\/21722"}],"wp:attachment":[{"href":"https:\/\/topofmodels.com\/it\/wp-json\/wp\/v2\/media?parent=21721"}],"curies":[{"name":"wp","href":"https:\/\/api.w.org\/{rel}","templated":true}]}}