{"id":21289,"date":"2026-01-16T15:45:30","date_gmt":"2026-01-16T15:45:30","guid":{"rendered":"https:\/\/topofmodels.com\/?page_id=21289"},"modified":"2026-02-09T18:58:19","modified_gmt":"2026-02-09T18:58:19","slug":"informativa-sui-cookie","status":"publish","type":"page","link":"https:\/\/topofmodels.com\/it\/informativa-sui-cookie\/","title":{"rendered":"Informativa sui Cookie"},"content":{"rendered":"<h1>Informativa sui Cookie<\/h1>\n<p>In questo sito web raccogliamo e utilizziamo le informazioni come indicato nella nostra Informativa sulla Privacy. Uno dei modi in cui raccogliamo informazioni \u00e8 attraverso l\u2019uso di una tecnologia chiamata \u201ccookie\u201d. In TOP OnlyFans Models, i cookie vengono utilizzati per diverse finalit\u00e0.<\/p>\n<h3>Che cos\u2019\u00e8 un cookie?<\/h3>\n<p>Un \u201ccookie\u201d \u00e8 una piccola quantit\u00e0 di testo che viene memorizzata nel tuo browser (come Google Chrome o Apple Safari) quando visiti la maggior parte dei siti web.<\/p>\n<h3>Che cosa NON \u00e8 un cookie?<\/h3>\n<p>Non \u00e8 un virus, n\u00e9 un trojan, n\u00e9 un worm, n\u00e9 spam, n\u00e9 spyware, n\u00e9 apre finestre pop-up.<\/p>\n<h3>Quali informazioni memorizza un cookie?<\/h3>\n<p>I cookie normalmente non memorizzano informazioni sensibili su di te, come dati di carte di credito o bancari, fotografie o informazioni personali. I dati che conservano sono di natura tecnica, statistica, preferenze personali, personalizzazione dei contenuti, ecc.<\/p>\n<p>Il server web non ti associa come persona, ma al tuo browser. Infatti, se navighi abitualmente con il browser Chrome e accedi allo stesso sito web utilizzando Firefox, noterai che il sito non riconosce che sei la stessa persona, poich\u00e9 le informazioni vengono associate al browser e non all\u2019utente.<\/p>\n<h3>Quali tipi di cookie esistono?<\/h3>\n<ul>\n<li>Cookie tecnici: Sono i pi\u00f9 basilari e consentono, tra le altre cose, di sapere quando sta navigando una persona o un\u2019applicazione automatizzata, quando naviga un utente anonimo o registrato, e di svolgere le attivit\u00e0 di base necessarie al corretto funzionamento di qualsiasi sito web dinamico.<\/li>\n<li>Cookie di analisi: Raccolgono informazioni sul tipo di navigazione effettuata, sulle sezioni pi\u00f9 utilizzate, sui prodotti consultati, sul tempo di utilizzo, sulla lingua, ecc.<\/li>\n<li>Cookie pubblicitari: Mostrano pubblicit\u00e0 in base alla navigazione dell\u2019utente, al paese di origine, alla lingua, ecc.<\/li>\n<\/ul>\n<p>Che cosa sono i cookie propri e di terze parti?<\/p>\n<p>I cookie propri sono quelli generati dal sito che stai visitando, mentre i cookie di terze parti sono quelli generati da servizi o fornitori esterni come Mailchimp, Mailrelay, Facebook, Twitter, Google Adsense, ecc.<\/p>\n<h3>Quali cookie utilizza questo sito web?<\/h3>\n<p>Questo sito web utilizza cookie propri e di terze parti. Di seguito sono riportati i cookie utilizzati su questo sito:<\/p>\n<h3>Cookie propri:<\/h3>\n<p>Login: I cookie di accesso consentono di entrare e uscire dal tuo account TOP OnlyFans Models.<\/p>\n<p>Personalizzazione: I cookie aiutano a ricordare con quali persone o siti web hai interagito, in modo da poter mostrare contenuti correlati.<\/p>\n<p>Preferenze: I cookie consentono di ricordare le tue impostazioni e preferenze, come la lingua preferita o le impostazioni sulla privacy.<\/p>\n<p>Sicurezza: Utilizziamo i cookie per prevenire rischi di sicurezza, principalmente per rilevare tentativi di accesso non autorizzati al tuo account TOP OnlyFans Models.<\/p>\n<h3>Cookie di terze parti<\/h3>\n<p>Questo sito web utilizza servizi di analisi, in particolare Google Analytics, per aiutare ad analizzare l\u2019utilizzo del sito da parte degli utenti e migliorarne l\u2019usabilit\u00e0. In nessun caso tali dati sono associati a informazioni che possano identificare l\u2019utente. Google Analytics \u00e8 un servizio di analisi web fornito da Google, Inc. L\u2019utente pu\u00f2 consultare qui i tipi di cookie utilizzati da Google.<\/p>\n<p>TOP OnlyFans Models utilizza la piattaforma di fornitura e hosting di blog WordPress, di propriet\u00e0 della societ\u00e0 statunitense Automattic, Inc. Per questo motivo, l\u2019uso di tali cookie non \u00e8 mai sotto il controllo o la gestione diretta del responsabile del sito web e pu\u00f2 cambiare funzione in qualsiasi momento, includendo nuovi cookie. Questi cookie non apportano inoltre alcun beneficio diretto al responsabile di questo sito web. Automattic, Inc. utilizza anche altri cookie per aiutare a identificare e tracciare i visitatori dei siti WordPress, comprendere l\u2019uso del sito web di Automattic e le preferenze di accesso, come indicato nella sezione \u201cCookie\u201d della propria informativa sulla privacy.<\/p>\n<p>I cookie dei social media di http:\/\/topofmodels.com possono essere memorizzati nel tuo browser mentre navighi sul sito web, ad esempio quando utilizzi il pulsante di condivisione di http:\/\/topofmodels.com su un social network.<\/p>\n<p>Di seguito trovi informazioni sui cookie dei social network utilizzati da questo sito web, secondo le rispettive politiche sui cookie:<\/p>\n<p>Facebook cookies, maggiori informazioni nella sua <a href=\"https:\/\/www.facebook.com\/policy.php\" rel=\"nofollow \">politica sui cookie<\/a><br \/>\nTwitter cookies, maggiori informazioni nella sua <a href=\"https:\/\/help.x.com\/es\/rules-and-policies\/x-rules\" rel=\"nofollow \">politica sui cookie<\/a><br \/>\nInstagram cookies, maggiori informazioni nella sua <a href=\"https:\/\/help.instagram.com\/155833707900388\" rel=\"nofollow \">politica sui cookie<\/a><br \/>\nLinkedIn cookies, maggiori informazioni nella sua <a href=\"https:\/\/www.linkedin.com\/legal\/privacy-policy\" rel=\"nofollow \">politica sui cookie<\/a><br \/>\nPinterest cookies, maggiori informazioni nella sua <a href=\"https:\/\/policy.pinterest.com\/en\/privacy-policy\" rel=\"nofollow \">politica sui cookie<\/a><br \/>\nYouTube cookies, maggiori informazioni nella sua <a href=\"https:\/\/safety.google\/privacy\/data\/\" rel=\"nofollow \">politica sui cookie<\/a><\/p>\n<h3>Elenco dei cookie<\/h3>\n<p>Necessari: I cookie necessari aiutano a rendere un sito web utilizzabile attivando funzioni di base come la navigazione delle pagine e l\u2019accesso alle aree protette del sito. Il sito web non pu\u00f2 funzionare correttamente senza questi cookie.<\/p>\n<p>Preferenze: I cookie di preferenza consentono al sito web di ricordare informazioni che modificano il comportamento o l\u2019aspetto del sito, come la lingua preferita o la regione in cui ti trovi.<\/p>\n<p>Statistiche: I cookie statistici aiutano i proprietari dei siti web a comprendere come i visitatori interagiscono con le pagine web, raccogliendo e fornendo informazioni in forma anonima.<\/p>\n<p>Marketing: I cookie di marketing vengono utilizzati per tracciare i visitatori sui siti web. L\u2019obiettivo \u00e8 mostrare annunci pertinenti e interessanti per il singolo utente e quindi pi\u00f9 preziosi per editori e inserzionisti terzi.<\/p>\n<p>Non classificati: I cookie non classificati sono quelli che sono ancora in fase di classificazione, insieme ai rispettivi fornitori di cookie.<\/p>\n<h3>\u00c8 possibile eliminare i cookie?<\/h3>\n<p>S\u00ec, e non solo eliminarli, ma anche bloccarli, in modo generale o specifico per un determinato dominio.<\/p>\n<p>Per eliminare i cookie da un sito web, devi accedere alle impostazioni del tuo browser e l\u00ec potrai cercare quelli associati al dominio in questione e procedere alla loro eliminazione.<\/p>\n<ul>\n<li>Impostazioni dei cookie in <a href=\"https:\/\/support.google.com\/chrome\/bin\/answer.py?hl=es&amp;answer=95647\" target=\"_blank\" rel=\"nofollow noopener noreferrer\">Google Chrome<\/a><\/li>\n<li>Impostazioni dei cookie in <a href=\"https:\/\/support.apple.com\/es-es\/HT201265\" target=\"_blank\" rel=\"nofollow noopener noreferrer\">Apple Safari<\/a><\/li>\n<li>Impostazioni dei cookie in <a href=\"https:\/\/support.microsoft.com\/en-us\/help\/17442\/windows-internet-explorer-delete-manage-cookies#ie=ie-10\" target=\"_blank\" rel=\"nofollow noopener noreferrer\">Internet Explorer<\/a><\/li>\n<li>Impostazioni dei cookie in <a href=\"https:\/\/support.mozilla.org\/es\/kb\/habilitar-y-deshabilitar-cookies-sitios-web-rastrear-preferencias?redirectlocale=es&amp;redirectslug=habilitar-y-deshabilitar-cookies-que-los-sitios-we\" target=\"_blank\" rel=\"nofollow noopener noreferrer\">Mozilla Firefox<\/a><\/li>\n<\/ul>\n<p>Se lo desideri, puoi disattivare il tracciamento di Google Analytics tramite questo <a href=\"https:\/\/tools.google.com\/dlpage\/gaoptout\" rel=\"nofollow \">componente aggiuntivo del browser offerto da Google<\/a>.<\/p>\n<h3>Ulteriori informazioni sui cookie<\/h3>\n<p>Puoi consultare la normativa sui cookie pubblicata dall\u2019Agenzia Spagnola per la Protezione dei Dati nella sua \u201cGuida sull\u2019uso dei cookie\u201d e ottenere maggiori informazioni sui cookie su Internet all\u2019indirizzo http:\/\/www.aboutcookies.org\/<\/p>\n<p>Se desideri avere un maggiore controllo sull\u2019installazione dei cookie, puoi installare programmi o estensioni nel tuo browser, noti come strumenti \u201cDo Not Track\u201d, che ti permetteranno di scegliere quali cookie consentire.<\/p>\n","protected":false},"excerpt":{"rendered":"<p>Informativa sui Cookie In questo sito web raccogliamo e utilizziamo le informazioni come indicato nella nostra Informativa sulla Privacy. Uno dei modi in cui raccogliamo informazioni \u00e8 attraverso l\u2019uso di una tecnologia chiamata \u201ccookie\u201d. In TOP OnlyFans Models, i cookie vengono utilizzati per diverse finalit\u00e0. Che cos\u2019\u00e8 un cookie? Un \u201ccookie\u201d \u00e8 una piccola quantit\u00e0 [&hellip;]<\/p>\n","protected":false},"author":2,"featured_media":0,"parent":0,"menu_order":0,"comment_status":"closed","ping_status":"closed","template":"","meta":{"_acf_changed":false,"footnotes":""},"class_list":["post-21289","page","type-page","status-publish","hentry"],"acf":[],"aioseo_notices":[],"_links":{"self":[{"href":"https:\/\/topofmodels.com\/it\/wp-json\/wp\/v2\/pages\/21289","targetHints":{"allow":["GET"]}}],"collection":[{"href":"https:\/\/topofmodels.com\/it\/wp-json\/wp\/v2\/pages"}],"about":[{"href":"https:\/\/topofmodels.com\/it\/wp-json\/wp\/v2\/types\/page"}],"author":[{"embeddable":true,"href":"https:\/\/topofmodels.com\/it\/wp-json\/wp\/v2\/users\/2"}],"replies":[{"embeddable":true,"href":"https:\/\/topofmodels.com\/it\/wp-json\/wp\/v2\/comments?post=21289"}],"version-history":[{"count":1,"href":"https:\/\/topofmodels.com\/it\/wp-json\/wp\/v2\/pages\/21289\/revisions"}],"predecessor-version":[{"id":21290,"href":"https:\/\/topofmodels.com\/it\/wp-json\/wp\/v2\/pages\/21289\/revisions\/21290"}],"wp:attachment":[{"href":"https:\/\/topofmodels.com\/it\/wp-json\/wp\/v2\/media?parent=21289"}],"curies":[{"name":"wp","href":"https:\/\/api.w.org\/{rel}","templated":true}]}}