{"id":21212,"date":"2026-01-16T15:32:45","date_gmt":"2026-01-16T15:32:45","guid":{"rendered":"https:\/\/topofmodels.com\/?page_id=21212"},"modified":"2026-02-09T18:45:39","modified_gmt":"2026-02-09T18:45:39","slug":"avviso-legale","status":"publish","type":"page","link":"https:\/\/topofmodels.com\/it\/avviso-legale\/","title":{"rendered":"Avviso Legale"},"content":{"rendered":"<h3>Dati del responsabile<\/h3>\n<ul>\n<li>Sito web: http:\/\/topofmodels.com<\/li>\n<li>Email: contact@topofmodels.com<\/li>\n<\/ul>\n<p>In questa sezione, l\u2019utente potr\u00e0 trovare tutte le informazioni relative ai termini e alle condizioni legali che regolano il rapporto tra gli utenti e me, in qualit\u00e0 di responsabile di questo sito web. In qualit\u00e0 di utente, \u00e8 importante conoscere tali termini prima di continuare la navigazione.<\/p>\n<p>TOP OnlyFans Models, in qualit\u00e0 di responsabile di questo sito web, si impegna a trattare le informazioni dei propri utenti e clienti con tutte le garanzie necessarie e a rispettare i requisiti nazionali ed europei che regolano la raccolta e l\u2019utilizzo dei dati personali degli utenti.<\/p>\n<p>Questo sito web rispetta rigorosamente la Legge Organica 15\/1999, del 13 dicembre, sulla Protezione dei Dati Personali (LOPD), nonch\u00e9 il Regio Decreto 1720\/2007, del 21 dicembre, noto come Regolamento di attuazione della LOPD. \u00c8 inoltre conforme al Regolamento (UE) 2016\/679 del Parlamento Europeo e del Consiglio, del 27 aprile 2016, relativo alla protezione delle persone fisiche (GDPR), nonch\u00e9 alla Legge 34\/2002, dell\u201911 luglio, sui Servizi della Societ\u00e0 dell\u2019Informazione e del Commercio Elettronico (LSSICE o LSSI).<\/p>\n<h4>Condizioni generali di utilizzo<\/h4>\n<p>Le presenti Condizioni Generali regolano l\u2019utilizzo (compreso il semplice accesso) delle pagine web che compongono il sito TOP OnlyFans Models, inclusi i contenuti e i servizi messi a disposizione. Qualsiasi persona che acceda al sito web http:\/\/topofmodels.com (\u201cutente\u201d) accetta di essere vincolata alle Condizioni Generali vigenti in ogni momento sul portale http:\/\/topofmodels.com.<\/p>\n<h3>Informazioni personali che raccolgo e come lo faccio<\/h3>\n<p>Consulta l\u2019Informativa sulla Privacy.<\/p>\n<h3>Impegni e obblighi degli utenti<\/h3>\n<p>L\u2019utente \u00e8 informato e accetta che l\u2019accesso a questo sito web non comporta, in alcun caso, l\u2019instaurazione di un rapporto commerciale con TOP OnlyFans Models. Pertanto, l\u2019utente si impegna a utilizzare il sito web, i suoi servizi e contenuti nel rispetto della normativa vigente, della buona fede e dell\u2019ordine pubblico.<\/p>\n<p>\u00c8 vietato l\u2019uso del sito web per scopi illeciti o dannosi, o che possano in qualsiasi modo arrecare danni o impedire il normale funzionamento dello stesso. In relazione ai contenuti di questo sito web, \u00e8 vietato:<\/p>\n<p>La riproduzione, distribuzione o modifica, totale o parziale, salvo previa autorizzazione del legittimo titolare;<br \/>\nQualsiasi violazione dei diritti del fornitore o del legittimo titolare;<br \/>\nIl loro utilizzo per fini commerciali o pubblicitari.<\/p>\n<p>Nell\u2019utilizzo del sito web http:\/\/topofmodels.com, l\u2019utente si impegna a non porre in essere alcun comportamento che possa danneggiare l\u2019immagine, gli interessi e i diritti di TOP OnlyFans Models o di terzi, n\u00e9 che possa danneggiare, rendere inutilizzabile o sovraccaricare il portale, o impedirne in qualsiasi modo il normale utilizzo.<\/p>\n<p>Tuttavia, l\u2019utente deve essere consapevole che le misure di sicurezza dei sistemi informatici su Internet non sono completamente affidabili e che, pertanto, http:\/\/topofmodels.com non pu\u00f2 garantire l\u2019assenza di malware o di altri elementi che possano causare alterazioni nei sistemi informatici (software e hardware) dell\u2019utente o nei suoi documenti elettronici e file, nonostante vengano adottati tutti i mezzi necessari e le misure di sicurezza adeguate per evitarne la presenza.<\/p>\n<h3>Misure di sicurezza<\/h3>\n<p>I dati personali comunicati dall\u2019utente a TOP OnlyFans Models possono essere conservati in database automatizzati o meno, la cui titolarit\u00e0 appartiene esclusivamente a TOP OnlyFans Models, che adotta tutte le misure tecniche, organizzative e di sicurezza necessarie a garantire la riservatezza, l\u2019integrit\u00e0 e la qualit\u00e0 delle informazioni, in conformit\u00e0 alla normativa vigente in materia di protezione dei dati.<\/p>\n<p>La comunicazione tra gli utenti e http:\/\/topofmodels.com avviene tramite un canale sicuro e i dati trasmessi sono criptati mediante protocolli https, garantendo cos\u00ec le migliori condizioni di sicurezza e riservatezza.<\/p>\n<h3>Piattaforma di risoluzione delle controversie<\/h3>\n<p>\u00c8 inoltre messa a disposizione degli utenti la piattaforma di risoluzione delle controversie fornita dalla Commissione Europea, disponibile al seguente link:<br \/>\nhttp:\/\/ec.europa.eu\/consumers\/odr\/<\/p>\n<h3>Diritti di propriet\u00e0 intellettuale e industriale<\/h3>\n<p>In virt\u00f9 di quanto disposto dagli articoli 8 e 32.1, secondo comma, della Legge sul Diritto d\u2019Autore, \u00e8 espressamente vietata la riproduzione, distribuzione e comunicazione pubblica, inclusa la messa a disposizione, di tutto o parte dei contenuti di questa pagina web, per fini commerciali, su qualsiasi supporto e con qualsiasi mezzo tecnico, senza l\u2019autorizzazione di TOP OnlyFans Models.<\/p>\n<p>L\u2019utente si impegna a rispettare i diritti di Propriet\u00e0 Intellettuale e Industriale di titolarit\u00e0 di TOP OnlyFans Models.<\/p>\n<p>L\u2019utente riconosce e accetta che l\u2019intero sito web, comprendente a titolo esemplificativo e non esaustivo testi, software, contenuti (inclusa la loro struttura, selezione, organizzazione e presentazione), podcast, fotografie, materiale audiovisivo e grafica, \u00e8 protetto da marchi, diritti d\u2019autore e altri diritti legittimi, in conformit\u00e0 ai trattati internazionali e alla normativa spagnola vigente.<\/p>\n<p>Nel caso in cui un utente o un terzo ritenga che vi sia stata una violazione dei propri diritti legittimi di propriet\u00e0 intellettuale a causa dell\u2019inserimento di determinati contenuti nel sito web, dovr\u00e0 informare TOP OnlyFans Models indicando:<\/p>\n<ul>\n<li>I dati personali del titolare dei diritti presumibilmente violati, o la rappresentanza con cui agisce qualora il reclamo sia presentato da un terzo.<\/li>\n<li>I contenuti protetti dai diritti di propriet\u00e0 intellettuale e la loro ubicazione nel sito web, la prova della titolarit\u00e0 dei diritti e una dichiarazione espressa in cui l\u2019interessato si assume la responsabilit\u00e0 della veridicit\u00e0 delle informazioni fornite.<\/li>\n<\/ul>\n<h3>Link esterni<\/h3>\n<p>Il sito web http:\/\/topofmodels.com pu\u00f2 includere link ad altri siti web propri o a contenuti di terzi, quali:<\/p>\n<ul>\n<li>Contenuti di altri blog<\/li>\n<li>Strumenti<\/li>\n<li>Risorse<\/li>\n<\/ul>\n<h3>Esclusione di garanzie e responsabilit\u00e0<\/h3>\n<p>TOP OnlyFans Models non fornisce alcuna garanzia n\u00e9 si assume alcuna responsabilit\u00e0, in nessun caso, per eventuali danni di qualsiasi natura che possano derivare da:<\/p>\n<ul>\n<li>La mancanza di disponibilit\u00e0, manutenzione o funzionamento effettivo del sito web, o dei suoi servizi e contenuti;<\/li>\n<li>La presenza di malware, programmi dannosi o contenuti nocivi;<\/li>\n<li>L\u2019uso illecito, negligente, fraudolento o contrario al presente Avviso Legale;<\/li>\n<li>La mancanza di legalit\u00e0, qualit\u00e0, affidabilit\u00e0, utilit\u00e0 o disponibilit\u00e0 dei servizi forniti da terzi e messi a disposizione degli utenti sul sito web;<\/li>\n<li>Il fornitore non sar\u00e0 responsabile, in alcun caso, dei danni derivanti dall\u2019uso illecito o improprio di questo sito web.<\/li>\n<\/ul>\n<p>La nostra missione:<\/p>\n<blockquote><p>Offriamo un servizio rivolto ad agenzie o persone gi\u00e0 registrate su OnlyFans che desiderano ampliare il proprio pubblico per aumentare i guadagni e che sono interessate a promuoversi attraverso i nostri servizi e i suggerimenti inclusi nelle guide pubblicate.<\/p><\/blockquote>\n<h2><\/h2>\n<h3 style=\"text-align: left;\">La promozione a pagamento nel motore di ricerca dei profili non garantisce follower<\/h3>\n<p>Sebbene migliaia di visitatori consultino quotidianamente i profili nel motore di ricerca e in sezioni simili, \u00e8 <strong>impossibile garantire che tutti i profili promossi ottengano follower<\/strong>. Questo perch\u00e9 <strong>la decisione finale spetta esclusivamente ai potenziali abbonati<\/strong> e dipende dalla corrispondenza tra le loro preferenze personali e il tipo di contenuto e profilo proposto.<\/p>\n<h4>Per i potenziali follower \u2013 Differenze di prezzo tra TOP OnlyFans Models e OnlyFans.com<\/h4>\n<p>Ci\u00f2 pu\u00f2 accadere. \u00c8 importante tenere presente che le condizioni principali per sottoscrivere un profilo sono stabilite sul sito UFFICIALE. I creator possono modificare i prezzi direttamente sul sito ufficiale (OnlyFans.com\/utente\/) ed \u00e8 possibile che tali informazioni non siano ancora state aggiornate su TOP OnlyFans Models.<\/p>\n<p>I creator HANNO PIENO CONTROLLO E RESPONSABILIT\u00c0 nel leggere le condizioni PRIMA DI ACCETTARE la sottoscrizione a qualsiasi profilo trovato al di fuori di TOP OnlyFans Models.<\/p>\n<p>Leggi attentamente sul sito ufficiale (onlyfans.com\/utente\/) i prezzi, i termini e le condizioni indicati nel pulsante di iscrizione.<\/p>\n<h3><\/h3>\n<h3>Disclaimer:<\/h3>\n<p>Questo sito web \u00e8 gestito da una societ\u00e0 completamente indipendente da OnlyFans.com, <strong>di propriet\u00e0 di Fenix International<\/strong>.<\/p>\n<p>\u00a9 Tutti i diritti d\u2019autore e i marchi registrati appartengono ai rispettivi proprietari.<\/p>\n<h3>Contatti<\/h3>\n<p>Nel caso in cui un utente abbia domande su queste Condizioni Legali o desideri inviare commenti sul portale http:\/\/topofmodels.com, pu\u00f2 contattare contact@topofmodels.com.<\/p>\n","protected":false},"excerpt":{"rendered":"<p>Dati del responsabile Sito web: http:\/\/topofmodels.com Email: contact@topofmodels.com In questa sezione, l\u2019utente potr\u00e0 trovare tutte le informazioni relative ai termini e alle condizioni legali che regolano il rapporto tra gli utenti e me, in qualit\u00e0 di responsabile di questo sito web. In qualit\u00e0 di utente, \u00e8 importante conoscere tali termini prima di continuare la navigazione. [&hellip;]<\/p>\n","protected":false},"author":2,"featured_media":0,"parent":0,"menu_order":0,"comment_status":"closed","ping_status":"closed","template":"","meta":{"_acf_changed":false,"footnotes":""},"class_list":["post-21212","page","type-page","status-publish","hentry"],"acf":[],"aioseo_notices":[],"_links":{"self":[{"href":"https:\/\/topofmodels.com\/it\/wp-json\/wp\/v2\/pages\/21212","targetHints":{"allow":["GET"]}}],"collection":[{"href":"https:\/\/topofmodels.com\/it\/wp-json\/wp\/v2\/pages"}],"about":[{"href":"https:\/\/topofmodels.com\/it\/wp-json\/wp\/v2\/types\/page"}],"author":[{"embeddable":true,"href":"https:\/\/topofmodels.com\/it\/wp-json\/wp\/v2\/users\/2"}],"replies":[{"embeddable":true,"href":"https:\/\/topofmodels.com\/it\/wp-json\/wp\/v2\/comments?post=21212"}],"version-history":[{"count":2,"href":"https:\/\/topofmodels.com\/it\/wp-json\/wp\/v2\/pages\/21212\/revisions"}],"predecessor-version":[{"id":21214,"href":"https:\/\/topofmodels.com\/it\/wp-json\/wp\/v2\/pages\/21212\/revisions\/21214"}],"wp:attachment":[{"href":"https:\/\/topofmodels.com\/it\/wp-json\/wp\/v2\/media?parent=21212"}],"curies":[{"name":"wp","href":"https:\/\/api.w.org\/{rel}","templated":true}]}}