{"id":21724,"date":"2026-01-07T19:18:08","date_gmt":"2026-01-07T19:18:08","guid":{"rendered":"https:\/\/topofmodels.com\/?page_id=21724"},"modified":"2026-02-18T13:22:05","modified_gmt":"2026-02-18T13:22:05","slug":"politique-de-confidentialite","status":"publish","type":"page","link":"https:\/\/topofmodels.com\/fr\/politique-de-confidentialite\/","title":{"rendered":"Politique de confidentialit\u00e9"},"content":{"rendered":"<p>Votre vie priv\u00e9e est importante pour moi. Dans cette politique de confidentialit\u00e9, j\u2019explique quelles informations personnelles je collecte aupr\u00e8s de mes utilisateurs et comment je les utilise. Je vous invite \u00e0 lire attentivement ces conditions avant de fournir vos donn\u00e9es personnelles sur ce site web. Les personnes \u00e2g\u00e9es de plus de treize ans peuvent s\u2019inscrire sur http:\/\/topofmodels.com<br \/>\n en tant qu\u2019utilisateurs sans le consentement pr\u00e9alable de leurs parents ou tuteurs. Dans le cas des enfants de moins de treize ans, le consentement des parents ou tuteurs est requis pour le traitement de leurs donn\u00e9es personnelles. En aucun cas des donn\u00e9es relatives \u00e0 la situation professionnelle, \u00e9conomique ou \u00e0 la vie priv\u00e9e d\u2019autres membres de la famille ne seront collect\u00e9es aupr\u00e8s du mineur sans le consentement de ces derniers. Si vous avez moins de treize ans et avez acc\u00e9d\u00e9 \u00e0 ce site sans en informer vos parents, vous ne devez pas vous inscrire comme utilisateur. Sur ce site, les donn\u00e9es personnelles des utilisateurs sont respect\u00e9es et prot\u00e9g\u00e9es. En tant qu\u2019utilisateur, vous devez savoir que vos droits sont garantis. Je me suis efforc\u00e9 de cr\u00e9er un espace s\u00fbr et fiable, c\u2019est pourquoi je souhaite partager avec vous mes principes concernant votre vie priv\u00e9e :<\/p>\n<ul>\n<li>Je ne demande jamais d\u2019informations personnelles sauf si elles sont r\u00e9ellement n\u00e9cessaires pour vous fournir les services demand\u00e9s.<\/li>\n<li>Je ne partage jamais les informations personnelles de mes utilisateurs avec quiconque, sauf pour respecter la loi ou avec votre autorisation expresse.<\/li>\n<li>Je n\u2019utilise jamais vos donn\u00e9es personnelles \u00e0 des fins autres que celles indiqu\u00e9es dans la pr\u00e9sente politique de confidentialit\u00e9.<\/li>\n<\/ul>\n<p> Il convient de noter que cette Politique de Confidentialit\u00e9 peut \u00e9voluer en fonction des exigences l\u00e9gislatives ou d\u2019autor\u00e9gulation ; il est donc conseill\u00e9 aux utilisateurs de la consulter r\u00e9guli\u00e8rement. Elle sera applicable si les utilisateurs d\u00e9cident de remplir l\u2019un des formulaires de contact dans lesquels des donn\u00e9es personnelles sont collect\u00e9es. TOP OnlyFans Models a adapt\u00e9 ce site aux exigences de la Loi Organique 15\/1999 du 13 d\u00e9cembre relative \u00e0 la Protection des Donn\u00e9es \u00e0 Caract\u00e8re Personnel (LOPD) et du D\u00e9cret Royal 1720\/2007 du 21 d\u00e9cembre, connu comme le R\u00e8glement d\u2019application de la LOPD. Il est \u00e9galement conforme au R\u00e8glement (UE) 2016\/679 du Parlement europ\u00e9en et du Conseil du 27 avril 2016 (RGPD), ainsi qu\u2019\u00e0 la Loi 34\/2002 du 11 juillet relative aux Services de la Soci\u00e9t\u00e9 de l\u2019Information et au Commerce \u00c9lectronique (LSSICE ou LSSI). <\/p>\n<h3>Responsable du traitement de vos donn\u00e9es personnelles<\/h3>\n<ul>\n<li>Nom commercial : TOP OnlyFans Models<\/li>\n<li>Site web : http:\/\/topofmodels.com<\/li>\n<li>Email : contact@topofmodels.com<\/li>\n<li>Activit\u00e9 : Diffusion de contenu via un blog<\/li>\n<\/ul>\n<p> Conform\u00e9ment aux dispositions du R\u00e8glement G\u00e9n\u00e9ral sur la Protection des Donn\u00e9es mentionn\u00e9 ci-dessus, les donn\u00e9es personnelles que vous m\u2019envoyez via les formulaires du site seront trait\u00e9es en tant que \u00ab Utilisateurs du site et abonn\u00e9s \u00bb. Pour le traitement des donn\u00e9es de mes utilisateurs, je mets en \u0153uvre toutes les mesures techniques et organisationnelles de s\u00e9curit\u00e9 pr\u00e9vues par la l\u00e9gislation en vigueur. <\/p>\n<h3>Principes que j\u2019appliquerai \u00e0 vos informations personnelles<\/h3>\n<p> Dans le traitement de vos donn\u00e9es personnelles, j\u2019appliquerai les principes suivants, conformes aux exigences du nouveau r\u00e8glement europ\u00e9en sur la protection des donn\u00e9es : <\/p>\n<ul>\n<li>Principe de lic\u00e9it\u00e9, loyaut\u00e9 et transparence : je demanderai toujours votre consentement pour le traitement de vos donn\u00e9es personnelles pour une ou plusieurs finalit\u00e9s sp\u00e9cifiques, qui vous seront communiqu\u00e9es de mani\u00e8re claire et transparente.<\/li>\n<li>Principe de minimisation des donn\u00e9es : je ne demanderai que les donn\u00e9es strictement n\u00e9cessaires au regard des finalit\u00e9s poursuivies. Le strict minimum.<\/li>\n<li>Principe de limitation de la conservation : les donn\u00e9es seront conserv\u00e9es pendant une dur\u00e9e n\u2019exc\u00e9dant pas celle n\u00e9cessaire aux finalit\u00e9s du traitement. Selon la finalit\u00e9, je vous informerai de la dur\u00e9e de conservation correspondante. Dans le cas des abonnements, je r\u00e9viserai p\u00e9riodiquement mes listes et supprimerai les enregistrements inactifs depuis un certain temps.<\/li>\n<li>Principe d\u2019int\u00e9grit\u00e9 et de confidentialit\u00e9 : vos donn\u00e9es seront trait\u00e9es de mani\u00e8re \u00e0 garantir une s\u00e9curit\u00e9 ad\u00e9quate et \u00e0 assurer leur confidentialit\u00e9. Vous devez savoir que je prends toutes les pr\u00e9cautions n\u00e9cessaires pour \u00e9viter tout acc\u00e8s non autoris\u00e9 ou utilisation abusive des donn\u00e9es par des tiers.<\/li>\n<\/ul>\n<h3>Comment ai-je obtenu vos donn\u00e9es ?<\/h3>\n<p> Les donn\u00e9es personnelles trait\u00e9es par TOP OnlyFans Models proviennent de : <\/p>\n<ul>\n<li>Formulaire d\u2019abonnement<\/li>\n<li>Commentaires sur le blog<\/li>\n<\/ul>\n<h3>Quels sont vos droits lorsque vous me fournissez vos donn\u00e9es ?<\/h3>\n<p> Toute personne a le droit d\u2019obtenir confirmation que TOP OnlyFans Models traite ou non des donn\u00e9es personnelles la concernant. Les personnes concern\u00e9es ont le droit de : <\/p>\n<ul>\n<li>Demander l\u2019acc\u00e8s aux donn\u00e9es personnelles les concernant<\/li>\n<li>Demander la rectification ou la suppression<\/li>\n<li>Demander la limitation du traitement<\/li>\n<li>S\u2019opposer au traitement<\/li>\n<li>Demander la portabilit\u00e9 des donn\u00e9es<\/li>\n<\/ul>\n<p> Les personnes concern\u00e9es peuvent acc\u00e9der \u00e0 leurs donn\u00e9es personnelles, ainsi que demander la rectification des donn\u00e9es inexactes ou, le cas \u00e9ch\u00e9ant, leur suppression lorsque, entre autres raisons, les donn\u00e9es ne sont plus n\u00e9cessaires aux finalit\u00e9s pour lesquelles elles ont \u00e9t\u00e9 collect\u00e9es. Dans certaines circonstances, les personnes concern\u00e9es peuvent demander la limitation du traitement de leurs donn\u00e9es ; dans ce cas, je ne conserverai les donn\u00e9es que pour l\u2019exercice ou la d\u00e9fense de droits en justice. Dans certaines circonstances et pour des raisons li\u00e9es \u00e0 leur situation particuli\u00e8re, les personnes concern\u00e9es peuvent s\u2019opposer au traitement de leurs donn\u00e9es. TOP OnlyFans Models cessera alors de traiter les donn\u00e9es, sauf pour des motifs l\u00e9gitimes imp\u00e9rieux ou pour l\u2019exercice ou la d\u00e9fense de droits \u00e9ventuels. En tant que personne concern\u00e9e, vous avez le droit de recevoir les donn\u00e9es personnelles vous concernant que vous m\u2019avez fournies, dans un format structur\u00e9, couramment utilis\u00e9 et lisible par machine, et de les transmettre \u00e0 un autre responsable du traitement lorsque : <\/p>\n<ul>\n<li>Le traitement est fond\u00e9 sur le consentement<\/li>\n<li>Les donn\u00e9es ont \u00e9t\u00e9 fournies par la personne concern\u00e9e<\/li>\n<li>Le traitement est effectu\u00e9 par des moyens automatis\u00e9s<\/li>\n<\/ul>\n<p> En exer\u00e7ant votre droit \u00e0 la portabilit\u00e9 des donn\u00e9es, vous avez le droit d\u2019obtenir que les donn\u00e9es personnelles soient transmises directement d\u2019un responsable \u00e0 un autre lorsque cela est techniquement possible. Les personnes concern\u00e9es ont \u00e9galement le droit \u00e0 une protection juridictionnelle effective et \u00e0 introduire une r\u00e9clamation aupr\u00e8s de l\u2019autorit\u00e9 de contr\u00f4le comp\u00e9tente, en l\u2019occurrence l\u2019Agence espagnole de protection des donn\u00e9es, si elles estiment que le traitement des donn\u00e9es personnelles les concernant viole le R\u00e8glement.<\/p>\n","protected":false},"excerpt":{"rendered":"<p>Votre vie priv\u00e9e est importante pour moi. Dans cette politique de confidentialit\u00e9, j\u2019explique quelles informations personnelles je collecte aupr\u00e8s de mes utilisateurs et comment je les utilise. Je vous invite \u00e0 lire attentivement ces conditions avant de fournir vos donn\u00e9es personnelles sur ce site web. Les personnes \u00e2g\u00e9es de plus de treize ans peuvent s\u2019inscrire [&hellip;]<\/p>\n","protected":false},"author":2,"featured_media":0,"parent":0,"menu_order":0,"comment_status":"closed","ping_status":"open","template":"","meta":{"_acf_changed":false,"footnotes":""},"class_list":["post-21724","page","type-page","status-publish","hentry"],"acf":[],"aioseo_notices":[],"_links":{"self":[{"href":"https:\/\/topofmodels.com\/fr\/wp-json\/wp\/v2\/pages\/21724","targetHints":{"allow":["GET"]}}],"collection":[{"href":"https:\/\/topofmodels.com\/fr\/wp-json\/wp\/v2\/pages"}],"about":[{"href":"https:\/\/topofmodels.com\/fr\/wp-json\/wp\/v2\/types\/page"}],"author":[{"embeddable":true,"href":"https:\/\/topofmodels.com\/fr\/wp-json\/wp\/v2\/users\/2"}],"replies":[{"embeddable":true,"href":"https:\/\/topofmodels.com\/fr\/wp-json\/wp\/v2\/comments?post=21724"}],"version-history":[{"count":1,"href":"https:\/\/topofmodels.com\/fr\/wp-json\/wp\/v2\/pages\/21724\/revisions"}],"predecessor-version":[{"id":21725,"href":"https:\/\/topofmodels.com\/fr\/wp-json\/wp\/v2\/pages\/21724\/revisions\/21725"}],"wp:attachment":[{"href":"https:\/\/topofmodels.com\/fr\/wp-json\/wp\/v2\/media?parent=21724"}],"curies":[{"name":"wp","href":"https:\/\/api.w.org\/{rel}","templated":true}]}}