{"id":21310,"date":"2026-01-16T15:37:11","date_gmt":"2026-01-16T15:37:11","guid":{"rendered":"https:\/\/topofmodels.com\/?page_id=21310"},"modified":"2026-03-17T18:05:59","modified_gmt":"2026-03-17T18:05:59","slug":"dmca-et-suppression-de-contenu","status":"publish","type":"page","link":"https:\/\/topofmodels.com\/fr\/dmca-et-suppression-de-contenu\/","title":{"rendered":"Avis DMCA et Politique de Suppression de Contenu des Cr\u00e9ateurs"},"content":{"rendered":"\t\t<div data-elementor-type=\"wp-page\" data-elementor-id=\"21310\" class=\"elementor elementor-21310 elementor-279\" data-elementor-post-type=\"page\">\n\t\t\t\t<div class=\"elementor-element elementor-element-10f94f6f e-flex e-con-boxed e-con e-parent\" data-id=\"10f94f6f\" data-element_type=\"container\" data-e-type=\"container\">\n\t\t\t\t\t<div class=\"e-con-inner\">\n\t\t\t\t<div class=\"elementor-element elementor-element-3abcfe04 elementor-widget elementor-widget-text-editor\" data-id=\"3abcfe04\" data-element_type=\"widget\" data-e-type=\"widget\" data-widget_type=\"text-editor.default\">\n\t\t\t\t\t\t\t\t\t<p data-start=\"956\" data-end=\"1070\">Nous respectons les droits de propri\u00e9t\u00e9 intellectuelle des tiers et nous nous engageons \u00e0 r\u00e9pondre aux pr\u00e9occupations l\u00e9gitimes concernant les droits d\u2019auteur.<\/p><p data-start=\"1072\" data-end=\"1268\">Ce site web fonctionne comme un\u00a0<strong data-start=\"1099\" data-end=\"1150\">r\u00e9pertoire et une plateforme de recherche pour d\u00e9couvrir des cr\u00e9ateurs<\/strong>, aidant les utilisateurs \u00e0 trouver des profils publics de cr\u00e9ateurs et \u00e0 naviguer vers des plateformes externes telles que OnlyFans et des services similaires.<\/p><p data-start=\"1270\" data-end=\"1504\">Nous\u00a0<strong data-start=\"1273\" data-end=\"1347\">n\u2019h\u00e9bergeons ni ne stockons de m\u00e9dias prot\u00e9g\u00e9s par des droits d\u2019auteur provenant de plateformes externes de cr\u00e9ateurs<\/strong>. Les fiches pr\u00e9sentes sur ce site consistent g\u00e9n\u00e9ralement en des informations de profil accessibles publiquement, des liens et des textes descriptifs con\u00e7us pour aider les utilisateurs \u00e0 d\u00e9couvrir des cr\u00e9ateurs.<\/p><p data-start=\"1506\" data-end=\"1709\">Si vous pensez que votre \u0153uvre prot\u00e9g\u00e9e par le droit d\u2019auteur a \u00e9t\u00e9 mentionn\u00e9e d\u2019une mani\u00e8re qui viole vos droits, ou si vous \u00eates un cr\u00e9ateur qui pr\u00e9f\u00e8re que son profil ne soit pas list\u00e9, vous pouvez demander sa suppression \u00e0 tout moment.<\/p><h1 data-section-id=\"2tw6eu\" data-start=\"1716\" data-end=\"1736\">\u00c0 propos de ce site<\/h1><p data-start=\"1738\" data-end=\"1957\">Notre plateforme fonctionne de mani\u00e8re similaire \u00e0 un\u00a0<strong data-start=\"1776\" data-end=\"1806\">moteur de recherche ou un r\u00e9pertoire<\/strong>. Nous organisons des informations accessibles publiquement sur les cr\u00e9ateurs afin que les utilisateurs puissent facilement d\u00e9couvrir des profils et acc\u00e9der \u00e0 la plateforme officielle du cr\u00e9ateur.<\/p><p data-start=\"1959\" data-end=\"2082\">Toutes les transactions, abonnements et consommations de contenu ont lieu sur la\u00a0<strong data-start=\"2029\" data-end=\"2060\">plateforme officielle du cr\u00e9ateur<\/strong>, et non sur ce site web.<\/p><p data-start=\"2084\" data-end=\"2177\">Nous respectons les pr\u00e9f\u00e9rences des cr\u00e9ateurs et traiterons rapidement les demandes l\u00e9gitimes de suppression.<\/p><h1 data-section-id=\"18lwxys\" data-start=\"2184\" data-end=\"2220\">Politique de Copyright (Conformit\u00e9 DMCA)<\/h1><p data-start=\"2222\" data-end=\"2362\">Conform\u00e9ment au\u00a0<strong data-start=\"2245\" data-end=\"2304\">Digital Millennium Copyright Act (DMCA), 17 U.S.C. \u00a7512<\/strong>, nous r\u00e9pondons aux notifications d\u2019infractions pr\u00e9sum\u00e9es au droit d\u2019auteur.<\/p><p data-start=\"2364\" data-end=\"2528\">Si vous pensez qu\u2019un contenu apparaissant sur ce site web enfreint vos droits d\u2019auteur, vous pouvez envoyer une notification DMCA demandant la suppression ou la d\u00e9sactivation de l\u2019acc\u00e8s au mat\u00e9riel.<\/p><p data-start=\"2530\" data-end=\"2669\">Apr\u00e8s r\u00e9ception d\u2019une notification valide, nous examinerons la r\u00e9clamation et prendrons les mesures appropri\u00e9es, ce qui peut inclure la suppression du mat\u00e9riel contest\u00e9.<\/p><h1 data-section-id=\"7sl8qi\" data-start=\"2676\" data-end=\"2713\">Conformit\u00e9 au Copyright dans l\u2019Union Europ\u00e9enne<\/h1><p data-start=\"2715\" data-end=\"2835\">Pour les utilisateurs et titulaires de droits situ\u00e9s dans l\u2019Union europ\u00e9enne, nous respectons \u00e9galement les lois applicables en mati\u00e8re de droits d\u2019auteur, notamment :<\/p><ul data-start=\"2837\" data-end=\"2994\"><li data-section-id=\"11xodiu\" data-start=\"2837\" data-end=\"2883\"><p data-start=\"2839\" data-end=\"2883\"><strong data-start=\"2839\" data-end=\"2883\">Directive 2001\/29\/CE (Directive InfoSoc)<\/strong><\/p><\/li><li data-section-id=\"1t5rrig\" data-start=\"2884\" data-end=\"2924\"><p data-start=\"2886\" data-end=\"2924\"><strong data-start=\"2886\" data-end=\"2924\">Directive 2019\/790 (Directive DSM)<\/strong><\/p><\/li><li data-section-id=\"y97e5x\" data-start=\"2925\" data-end=\"2994\"><p data-start=\"2927\" data-end=\"2994\">Dispositions pertinentes dans le cadre de la\u00a0<strong data-start=\"2957\" data-end=\"2994\">Directive sur le commerce \u00e9lectronique (2000\/31\/CE)<\/strong><\/p><\/li><\/ul><p data-start=\"2996\" data-end=\"3169\">Lorsque nous recevons une notification valide d\u2019un titulaire de droits situ\u00e9 dans l\u2019UE, nous examinerons rapidement la r\u00e9clamation et supprimerons ou d\u00e9sactiverons l\u2019acc\u00e8s au mat\u00e9riel lorsque cela est appropri\u00e9.<\/p><h1 data-section-id=\"59uj4m\" data-start=\"3176\" data-end=\"3211\">Suppression du Profil du Cr\u00e9ateur (Opt-Out)<\/h1><p data-start=\"3213\" data-end=\"3292\">Les cr\u00e9ateurs ont le droit de demander la suppression de leur profil de notre r\u00e9pertoire.<\/p><p data-start=\"3294\" data-end=\"3434\">Si vous \u00eates le propri\u00e9taire d\u2019un compte cr\u00e9ateur list\u00e9 sur ce site web et pr\u00e9f\u00e9rez ne pas appara\u00eetre dans nos listings, vous pouvez soumettre une demande de suppression.<\/p><p data-start=\"3436\" data-end=\"3476\">Pour acc\u00e9l\u00e9rer le processus, veuillez inclure :<\/p><ul data-start=\"3478\" data-end=\"3604\"><li data-section-id=\"7l1cp7\" data-start=\"3478\" data-end=\"3514\"><p data-start=\"3480\" data-end=\"3514\">L\u2019URL de la page sur notre site web<\/p><\/li><li data-section-id=\"p1uu5r\" data-start=\"3515\" data-end=\"3551\"><p data-start=\"3517\" data-end=\"3551\">Le lien vers votre profil officiel de cr\u00e9ateur<\/p><\/li><li data-section-id=\"l6if3m\" data-start=\"3552\" data-end=\"3604\"><p data-start=\"3554\" data-end=\"3604\">La confirmation que vous \u00eates le propri\u00e9taire du compte<\/p><\/li><\/ul><p data-start=\"3606\" data-end=\"3675\">Nous traitons g\u00e9n\u00e9ralement les demandes d\u2019opt-out des cr\u00e9ateurs dans un d\u00e9lai de\u00a0<strong data-start=\"3659\" data-end=\"3674\">48\u201372 heures<\/strong>.<\/p><h1 data-section-id=\"1m015jd\" data-start=\"3682\" data-end=\"3711\">Comment envoyer une notification DMCA<\/h1><p data-start=\"3713\" data-end=\"3795\">Pour d\u00e9poser une notification d\u2019infraction au droit d\u2019auteur, veuillez fournir les informations suivantes :<\/p><ol data-start=\"3797\" data-end=\"4427\"><li data-section-id=\"7tm93z\" data-start=\"3797\" data-end=\"3870\"><p data-start=\"3800\" data-end=\"3870\">Identification de l\u2019\u0153uvre prot\u00e9g\u00e9e par le droit d\u2019auteur qui aurait \u00e9t\u00e9 viol\u00e9e.<\/p><\/li><li data-section-id=\"ju43dt\" data-start=\"3871\" data-end=\"3983\"><p data-start=\"3874\" data-end=\"3983\">Identification du mat\u00e9riel sur ce site web qui est consid\u00e9r\u00e9 comme contrefaisant, y compris l\u2019<strong data-start=\"3969\" data-end=\"3982\">URL exacte<\/strong>.<\/p><\/li><li data-section-id=\"167iura\" data-start=\"3984\" data-end=\"4060\"><p data-start=\"3987\" data-end=\"4060\">Votre\u00a0<strong data-start=\"3992\" data-end=\"4059\">nom complet, adresse postale, num\u00e9ro de t\u00e9l\u00e9phone et adresse email<\/strong>.<\/p><\/li><li data-section-id=\"enjn0u\" data-start=\"4061\" data-end=\"4200\"><p data-start=\"4064\" data-end=\"4200\">Une d\u00e9claration indiquant que vous avez une\u00a0<strong data-start=\"4092\" data-end=\"4113\">conviction de bonne foi<\/strong>\u00a0que l\u2019utilisation contest\u00e9e n\u2019est pas autoris\u00e9e par le titulaire du droit d\u2019auteur, son agent ou la loi.<\/p><\/li><li data-section-id=\"10lfvh3\" data-start=\"4201\" data-end=\"4381\"><p data-start=\"4204\" data-end=\"4381\">Une d\u00e9claration selon laquelle les informations contenues dans la notification sont\u00a0<strong data-start=\"4260\" data-end=\"4272\">exactes<\/strong>\u00a0et, sous peine de parjure, que vous \u00eates le titulaire du droit d\u2019auteur ou autoris\u00e9 \u00e0 agir en son nom.<\/p><\/li><li data-section-id=\"m2xobw\" data-start=\"4382\" data-end=\"4427\"><p data-start=\"4385\" data-end=\"4427\">Votre\u00a0<strong data-start=\"4390\" data-end=\"4426\">signature \u00e9lectronique ou physique<\/strong>.<\/p><\/li><\/ol><h1 data-section-id=\"1g4c5ll\" data-start=\"4434\" data-end=\"4455\">D\u00e9clarations requises<\/h1><p data-start=\"4457\" data-end=\"4507\">Votre notification doit inclure les d\u00e9clarations suivantes :<\/p><p data-start=\"4509\" data-end=\"4659\">\u00ab\u00a0<em>J\u2019ai la conviction de bonne foi que l\u2019utilisation du mat\u00e9riel prot\u00e9g\u00e9 par le droit d\u2019auteur d\u00e9crit ci-dessus n\u2019est pas autoris\u00e9e par le titulaire du droit d\u2019auteur, son agent ou la loi.<\/em>\u00ab\u00a0<\/p><p data-start=\"4661\" data-end=\"4834\">\u00ab\u00a0<em>Je d\u00e9clare, sous peine de parjure, que les informations contenues dans cette notification sont exactes et que je suis le titulaire du droit d\u2019auteur ou autoris\u00e9 \u00e0 agir au nom du titulaire du droit d\u2019auteur.<\/em>\u00ab\u00a0<\/p><h1 data-section-id=\"mgp095\" data-start=\"4841\" data-end=\"4871\">Que se passe-t-il apr\u00e8s une demande<\/h1><p data-start=\"4873\" data-end=\"4913\">Apr\u00e8s r\u00e9ception d\u2019une notification valide, nous :<\/p><ol data-start=\"4915\" data-end=\"5039\"><li data-section-id=\"1m22lm0\" data-start=\"4915\" data-end=\"4936\"><p data-start=\"4918\" data-end=\"4936\">Examinerons la demande<\/p><\/li><li data-section-id=\"1yr6x7w\" data-start=\"4937\" data-end=\"4971\"><p data-start=\"4940\" data-end=\"4971\">V\u00e9rifierons les informations fournies<\/p><\/li><li data-section-id=\"1j985rw\" data-start=\"4972\" data-end=\"5039\"><p data-start=\"4975\" data-end=\"5039\">Supprimerons ou d\u00e9sactiverons l\u2019acc\u00e8s au mat\u00e9riel contest\u00e9 si n\u00e9cessaire<\/p><\/li><\/ol><p data-start=\"5041\" data-end=\"5114\">Nous pouvons contacter la partie ayant soumis la notification si des informations suppl\u00e9mentaires sont n\u00e9cessaires.<\/p><h1 data-section-id=\"1hzw6tb\" data-start=\"5121\" data-end=\"5148\">Contact et demande de suppression<\/h1><p data-start=\"5150\" data-end=\"5227\">Vous pouvez envoyer des demandes de suppression ou des notifications DMCA en utilisant le formulaire de contact ci-dessous.<\/p><p data-start=\"5229\" data-end=\"5273\">Alternativement, vous pouvez envoyer votre demande \u00e0 :<\/p><p data-start=\"5275\" data-end=\"5310\"><strong data-start=\"5275\" data-end=\"5290\">Email DMCA :<\/strong>\u00a0contact@growwithfans.com<\/p><p data-start=\"5312\" data-end=\"5367\">Veuillez pr\u00e9voir\u00a0<strong data-start=\"5325\" data-end=\"5340\">48\u201372 heures<\/strong>\u00a0pour l\u2019examen et le traitement.<\/p>\t\t\t\t\t\t\t\t<\/div>\n\t\t\t\t<div class=\"elementor-element elementor-element-faaabb7 elementor-button-align-stretch elementor-widget elementor-widget-form\" data-id=\"faaabb7\" data-element_type=\"widget\" data-e-type=\"widget\" data-settings=\"{&quot;step_next_label&quot;:&quot;Next&quot;,&quot;step_previous_label&quot;:&quot;Previous&quot;,&quot;button_width&quot;:&quot;100&quot;,&quot;step_type&quot;:&quot;number_text&quot;,&quot;step_icon_shape&quot;:&quot;circle&quot;}\" data-widget_type=\"form.default\">\n\t\t\t\t\t\t\t<form class=\"elementor-form\" method=\"post\" name=\"New Form\" aria-label=\"New Form\">\n\t\t\t<input type=\"hidden\" name=\"post_id\" value=\"21310\"\/>\n\t\t\t<input type=\"hidden\" name=\"form_id\" value=\"faaabb7\"\/>\n\t\t\t<input type=\"hidden\" name=\"referer_title\" value=\"Avis DMCA et Politique de Suppression de Contenu des Cr\u00e9ateurs\" \/>\n\n\t\t\t\t\t\t\t<input type=\"hidden\" name=\"queried_id\" value=\"21310\"\/>\n\t\t\t\n\t\t\t<div class=\"elementor-form-fields-wrapper elementor-labels-above\">\n\t\t\t\t\t\t\t\t<div class=\"elementor-field-type-text elementor-field-group elementor-column elementor-field-group-name elementor-col-100\">\n\t\t\t\t\t\t\t\t\t\t\t\t<label for=\"form-field-name\" class=\"elementor-field-label\">\n\t\t\t\t\t\t\t\tNam\t\t\t\t\t\t\t<\/label>\n\t\t\t\t\t\t\t\t\t\t\t\t\t\t<input size=\"1\" type=\"text\" name=\"form_fields[name]\" id=\"form-field-name\" class=\"elementor-field elementor-size-sm  elementor-field-textual\" placeholder=\"Nam\">\n\t\t\t\t\t\t\t\t\t\t\t<\/div>\n\t\t\t\t\t\t\t\t<div class=\"elementor-field-type-email elementor-field-group elementor-column elementor-field-group-email elementor-col-100 elementor-field-required\">\n\t\t\t\t\t\t\t\t\t\t\t\t<label for=\"form-field-email\" class=\"elementor-field-label\">\n\t\t\t\t\t\t\t\tEmail\t\t\t\t\t\t\t<\/label>\n\t\t\t\t\t\t\t\t\t\t\t\t\t\t<input size=\"1\" type=\"email\" name=\"form_fields[email]\" id=\"form-field-email\" class=\"elementor-field elementor-size-sm  elementor-field-textual\" placeholder=\"Email\" required=\"required\">\n\t\t\t\t\t\t\t\t\t\t\t<\/div>\n\t\t\t\t\t\t\t\t<div class=\"elementor-field-type-url elementor-field-group elementor-column elementor-field-group-field_7e3c8b6 elementor-col-100\">\n\t\t\t\t\t\t\t\t\t\t\t\t<label for=\"form-field-field_7e3c8b6\" class=\"elementor-field-label\">\n\t\t\t\t\t\t\t\tURL sur notre site\t\t\t\t\t\t\t<\/label>\n\t\t\t\t\t\t\t\t\t\t\t\t\t\t<input size=\"1\" type=\"url\" name=\"form_fields[field_7e3c8b6]\" id=\"form-field-field_7e3c8b6\" class=\"elementor-field elementor-size-sm  elementor-field-textual\" placeholder=\"URL sur notre site\">\n\t\t\t\t\t\t\t\t\t\t\t<\/div>\n\t\t\t\t\t\t\t\t<div class=\"elementor-field-type-url elementor-field-group elementor-column elementor-field-group-field_a1af008 elementor-col-100\">\n\t\t\t\t\t\t\t\t\t\t\t\t<label for=\"form-field-field_a1af008\" class=\"elementor-field-label\">\n\t\t\t\t\t\t\t\tURL du profil officiel du cr\u00e9ateur\t\t\t\t\t\t\t<\/label>\n\t\t\t\t\t\t\t\t\t\t\t\t\t\t<input size=\"1\" type=\"url\" name=\"form_fields[field_a1af008]\" id=\"form-field-field_a1af008\" class=\"elementor-field elementor-size-sm  elementor-field-textual\" placeholder=\"URL du profil officiel du cr\u00e9ateur\">\n\t\t\t\t\t\t\t\t\t\t\t<\/div>\n\t\t\t\t\t\t\t\t<div class=\"elementor-field-type-select elementor-field-group elementor-column elementor-field-group-field_03f0bfc elementor-col-100\">\n\t\t\t\t\t\t\t\t\t\t\t\t<label for=\"form-field-field_03f0bfc\" class=\"elementor-field-label\">\n\t\t\t\t\t\t\t\tMotif de la demande\t\t\t\t\t\t\t<\/label>\n\t\t\t\t\t\t\t\t<div class=\"elementor-field elementor-select-wrapper remove-before \">\n\t\t\t<div class=\"select-caret-down-wrapper\">\n\t\t\t\t<svg aria-hidden=\"true\" class=\"e-font-icon-svg e-eicon-caret-down\" viewBox=\"0 0 571.4 571.4\" xmlns=\"http:\/\/www.w3.org\/2000\/svg\"><path d=\"M571 393Q571 407 561 418L311 668Q300 679 286 679T261 668L11 418Q0 407 0 393T11 368 36 357H536Q550 357 561 368T571 393Z\"><\/path><\/svg>\t\t\t<\/div>\n\t\t\t<select name=\"form_fields[field_03f0bfc]\" id=\"form-field-field_03f0bfc\" class=\"elementor-field-textual elementor-size-sm\">\n\t\t\t\t\t\t\t\t\t<option value=\"R\u00e9clamation pour atteinte aux droits d&#039;auteur\">R\u00e9clamation pour atteinte aux droits d&#039;auteur<\/option>\n\t\t\t\t\t\t\t\t\t<option value=\"Retrait du contenu par le cr\u00e9ateur\">Retrait du contenu par le cr\u00e9ateur<\/option>\n\t\t\t\t\t\t\t\t\t<option value=\"Autre\">Autre<\/option>\n\t\t\t\t\t\t\t<\/select>\n\t\t<\/div>\n\t\t\t\t\t\t<\/div>\n\t\t\t\t\t\t\t\t<div class=\"elementor-field-type-textarea elementor-field-group elementor-column elementor-field-group-message elementor-col-100\">\n\t\t\t\t\t\t\t\t\t\t\t\t<label for=\"form-field-message\" class=\"elementor-field-label\">\n\t\t\t\t\t\t\t\tMessage\t\t\t\t\t\t\t<\/label>\n\t\t\t\t\t\t<textarea class=\"elementor-field-textual elementor-field  elementor-size-sm\" name=\"form_fields[message]\" id=\"form-field-message\" rows=\"4\" placeholder=\"Message\"><\/textarea>\t\t\t\t<\/div>\n\t\t\t\t\t\t\t\t<div class=\"elementor-field-type-acceptance elementor-field-group elementor-column elementor-field-group-field_7e8be7b elementor-col-100\">\n\t\t\t\t\t\t\t<div class=\"elementor-field-subgroup\">\n\t\t\t<span class=\"elementor-field-option\">\n\t\t\t\t<input type=\"checkbox\" name=\"form_fields[field_7e8be7b]\" id=\"form-field-field_7e8be7b\" class=\"elementor-field elementor-size-sm  elementor-acceptance-field\">\n\t\t\t\t<label for=\"form-field-field_7e8be7b\">Je confirme que les informations fournies sont exactes et que je suis autoris\u00e9(e) \u00e0 soumettre cette demande.<\/label>\t\t\t<\/span>\n\t\t<\/div>\n\t\t\t\t\t\t<\/div>\n\t\t\t\t\t\t\t\t<div class=\"elementor-field-group elementor-column elementor-field-type-submit elementor-col-100 e-form__buttons\">\n\t\t\t\t\t<button class=\"elementor-button elementor-size-sm\" type=\"submit\">\n\t\t\t\t\t\t<span class=\"elementor-button-content-wrapper\">\n\t\t\t\t\t\t\t\t\t\t\t\t\t\t\t\t\t\t\t\t\t\t<span class=\"elementor-button-text\">Envoyer<\/span>\n\t\t\t\t\t\t\t\t\t\t\t\t\t<\/span>\n\t\t\t\t\t<\/button>\n\t\t\t\t<\/div>\n\t\t\t<\/div>\n\t\t<\/form>\n\t\t\t\t\t\t<\/div>\n\t\t\t\t<div class=\"elementor-element elementor-element-68333a3 elementor-widget elementor-widget-spacer\" data-id=\"68333a3\" data-element_type=\"widget\" data-e-type=\"widget\" data-widget_type=\"spacer.default\">\n\t\t\t\t\t\t\t<div class=\"elementor-spacer\">\n\t\t\t<div class=\"elementor-spacer-inner\"><\/div>\n\t\t<\/div>\n\t\t\t\t\t\t<\/div>\n\t\t\t\t\t<\/div>\n\t\t\t\t<\/div>\n\t\t\t\t<\/div>\n\t\t","protected":false},"excerpt":{"rendered":"<p>Nous respectons les droits de propri\u00e9t\u00e9 intellectuelle des tiers et nous nous engageons \u00e0 r\u00e9pondre aux pr\u00e9occupations l\u00e9gitimes concernant les droits d\u2019auteur. Ce site web fonctionne comme un\u00a0r\u00e9pertoire et une plateforme de recherche pour d\u00e9couvrir des cr\u00e9ateurs, aidant les utilisateurs \u00e0 trouver des profils publics de cr\u00e9ateurs et \u00e0 naviguer vers des plateformes externes telles [&hellip;]<\/p>\n","protected":false},"author":2,"featured_media":0,"parent":0,"menu_order":0,"comment_status":"closed","ping_status":"closed","template":"","meta":{"_acf_changed":false,"footnotes":""},"class_list":["post-21310","page","type-page","status-publish","hentry"],"acf":[],"aioseo_notices":[],"_links":{"self":[{"href":"https:\/\/topofmodels.com\/fr\/wp-json\/wp\/v2\/pages\/21310","targetHints":{"allow":["GET"]}}],"collection":[{"href":"https:\/\/topofmodels.com\/fr\/wp-json\/wp\/v2\/pages"}],"about":[{"href":"https:\/\/topofmodels.com\/fr\/wp-json\/wp\/v2\/types\/page"}],"author":[{"embeddable":true,"href":"https:\/\/topofmodels.com\/fr\/wp-json\/wp\/v2\/users\/2"}],"replies":[{"embeddable":true,"href":"https:\/\/topofmodels.com\/fr\/wp-json\/wp\/v2\/comments?post=21310"}],"version-history":[{"count":4,"href":"https:\/\/topofmodels.com\/fr\/wp-json\/wp\/v2\/pages\/21310\/revisions"}],"predecessor-version":[{"id":22987,"href":"https:\/\/topofmodels.com\/fr\/wp-json\/wp\/v2\/pages\/21310\/revisions\/22987"}],"wp:attachment":[{"href":"https:\/\/topofmodels.com\/fr\/wp-json\/wp\/v2\/media?parent=21310"}],"curies":[{"name":"wp","href":"https:\/\/api.w.org\/{rel}","templated":true}]}}