{"id":21292,"date":"2026-01-16T15:45:30","date_gmt":"2026-01-16T15:45:30","guid":{"rendered":"https:\/\/topofmodels.com\/?page_id=21292"},"modified":"2026-02-09T19:00:25","modified_gmt":"2026-02-09T19:00:25","slug":"politique-de-cookies","status":"publish","type":"page","link":"https:\/\/topofmodels.com\/fr\/politique-de-cookies\/","title":{"rendered":"Politique de Cookies"},"content":{"rendered":"<h1>Politique de Cookies<\/h1>\n<p>Sur ce site web, nous collectons et utilisons des informations comme indiqu\u00e9 dans notre Politique de Confidentialit\u00e9. L\u2019un des moyens par lesquels nous collectons des informations est l\u2019utilisation d\u2019une technologie appel\u00e9e \u00ab cookies \u00bb. Chez TOP OnlyFans Models, les cookies sont utilis\u00e9s \u00e0 diff\u00e9rentes fins.<\/p>\n<h3>Qu\u2019est-ce qu\u2019un cookie ?<\/h3>\n<p>Un \u00ab cookie \u00bb est une petite quantit\u00e9 de texte qui est stock\u00e9e dans votre navigateur (comme Google Chrome ou Apple Safari) lorsque vous visitez la plupart des sites web.<\/p>\n<h3>Qu\u2019est-ce qui n\u2019est PAS un cookie ?<\/h3>\n<p>Ce n\u2019est ni un virus, ni un cheval de Troie, ni un ver, ni du spam, ni un spyware, et cela n\u2019ouvre pas de fen\u00eatres pop-up.<\/p>\n<h3>Quelles informations un cookie stocke-t-il ?<\/h3>\n<p>Les cookies ne stockent g\u00e9n\u00e9ralement pas d\u2019informations sensibles vous concernant, telles que des donn\u00e9es de carte de cr\u00e9dit ou bancaires, des photographies ou des informations personnelles. Les donn\u00e9es qu\u2019ils conservent sont de nature technique, statistique, des pr\u00e9f\u00e9rences personnelles, la personnalisation des contenus, etc.<\/p>\n<p>Le serveur web ne vous associe pas en tant que personne, mais \u00e0 votre navigateur web. En effet, si vous naviguez habituellement avec le navigateur Chrome et que vous acc\u00e9dez au m\u00eame site web avec Firefox, vous constaterez que le site ne reconna\u00eet pas qu\u2019il s\u2019agit de la m\u00eame personne, car les informations sont associ\u00e9es au navigateur et non \u00e0 l\u2019utilisateur.<\/p>\n<h3>Quels types de cookies existent ?<\/h3>\n<ul>\n<li>Cookies techniques : Ce sont les plus basiques et ils permettent, entre autres, de savoir lorsqu\u2019une personne ou une application automatis\u00e9e navigue, lorsqu\u2019un utilisateur anonyme ou enregistr\u00e9 acc\u00e8de au site, ainsi que d\u2019assurer les fonctions de base n\u00e9cessaires au bon fonctionnement de tout site web dynamique.<\/li>\n<li>Cookies d\u2019analyse : Ils collectent des informations sur le type de navigation que vous effectuez, les sections les plus utilis\u00e9es, les produits consult\u00e9s, le temps d\u2019utilisation, la langue, etc.<\/li>\n<li>Cookies publicitaires : Ils affichent des publicit\u00e9s en fonction de votre navigation, de votre pays d\u2019origine, de votre langue, etc.<\/li>\n<\/ul>\n<p>Qu\u2019est-ce que les cookies propres et les cookies tiers ?<\/p>\n<p>Les cookies propres sont ceux g\u00e9n\u00e9r\u00e9s par le site que vous visitez, tandis que les cookies tiers sont g\u00e9n\u00e9r\u00e9s par des services ou des fournisseurs externes tels que Mailchimp, Mailrelay, Facebook, Twitter, Google Adsense, etc.<\/p>\n<h3>Quels cookies ce site web utilise-t-il ?<\/h3>\n<p>Ce site web utilise des cookies propres et des cookies tiers. Les cookies utilis\u00e9s sur ce site web sont d\u00e9taill\u00e9s ci-dessous :<\/p>\n<h3>Cookies propres :<\/h3>\n<p>Connexion : Les cookies de connexion permettent d\u2019entrer et de sortir de votre compte TOP OnlyFans Models.<\/p>\n<p>Personnalisation : Les cookies nous aident \u00e0 nous souvenir avec quelles personnes ou quels sites web vous avez interagi, afin de vous proposer des contenus associ\u00e9s.<\/p>\n<p>Pr\u00e9f\u00e9rences : Les cookies permettent de m\u00e9moriser vos param\u00e8tres et pr\u00e9f\u00e9rences, tels que la langue pr\u00e9f\u00e9r\u00e9e ou les param\u00e8tres de confidentialit\u00e9.<\/p>\n<p>S\u00e9curit\u00e9 : Nous utilisons des cookies afin d\u2019\u00e9viter les risques de s\u00e9curit\u00e9, principalement pour d\u00e9tecter les tentatives d\u2019acc\u00e8s non autoris\u00e9 \u00e0 votre compte TOP OnlyFans Models.<\/p>\n<h3>Cookies tiers<\/h3>\n<p>Ce site web utilise des services d\u2019analyse, en particulier Google Analytics, afin d\u2019analyser l\u2019utilisation du site par les utilisateurs et d\u2019en am\u00e9liorer l\u2019ergonomie. En aucun cas ces donn\u00e9es ne sont associ\u00e9es \u00e0 des informations permettant d\u2019identifier l\u2019utilisateur. Google Analytics est un service d\u2019analyse web fourni par Google, Inc. L\u2019utilisateur peut consulter ici les types de cookies utilis\u00e9s par Google.<\/p>\n<p>TOP OnlyFans Models utilise la plateforme de fourniture et d\u2019h\u00e9bergement de blogs WordPress, appartenant \u00e0 la soci\u00e9t\u00e9 am\u00e9ricaine Automattic, Inc. \u00c0 ce titre, l\u2019utilisation de ces cookies n\u2019est jamais sous le contr\u00f4le ou la gestion directe du responsable du site web, et leur fonctionnement peut \u00eatre modifi\u00e9 \u00e0 tout moment, avec l\u2019ajout de nouveaux cookies. Ces cookies ne procurent aucun avantage direct au responsable de ce site web. Automattic, Inc. utilise \u00e9galement d\u2019autres cookies afin d\u2019identifier et de suivre les visiteurs des sites WordPress, de conna\u00eetre leur utilisation du site d\u2019Automattic et leurs pr\u00e9f\u00e9rences d\u2019acc\u00e8s, comme indiqu\u00e9 dans la section \u00ab Cookies \u00bb de sa politique de confidentialit\u00e9.<\/p>\n<p>Les cookies des r\u00e9seaux sociaux de http:\/\/topofmodels.com peuvent \u00eatre stock\u00e9s dans votre navigateur lorsque vous naviguez sur le site, par exemple lorsque vous utilisez le bouton de partage de http:\/\/topofmodels.com sur un r\u00e9seau social.<\/p>\n<p>Vous trouverez ci-dessous des informations sur les cookies des r\u00e9seaux sociaux utilis\u00e9s par ce site web, conform\u00e9ment \u00e0 leurs propres politiques de cookies :<\/p>\n<p>Cookies Facebook, plus d\u2019informations dans sa <a href=\"https:\/\/www.facebook.com\/policy.php\" rel=\"nofollow \">politique de cookies<\/a><br \/>\nCookies Twitter, plus d\u2019informations dans sa <a href=\"https:\/\/help.x.com\/es\/rules-and-policies\/x-rules\" rel=\"nofollow \">politique de cookies<\/a><br \/>\nCookies Instagram, plus d\u2019informations dans sa <a href=\"https:\/\/help.instagram.com\/155833707900388\" rel=\"nofollow \">politique de cookies<\/a><br \/>\nCookies LinkedIn, plus d\u2019informations dans sa <a href=\"https:\/\/www.linkedin.com\/legal\/privacy-policy\" rel=\"nofollow \">politique de cookies<\/a><br \/>\nCookies Pinterest, plus d\u2019informations dans sa <a href=\"https:\/\/policy.pinterest.com\/en\/privacy-policy\" rel=\"nofollow \">politique de cookies<\/a><br \/>\nCookies YouTube, plus d\u2019informations dans sa <a href=\"https:\/\/safety.google\/privacy\/data\/\" rel=\"nofollow \">politique de cookies<\/a><\/p>\n<h3>Liste des cookies<\/h3>\n<p>N\u00e9cessaires : Les cookies n\u00e9cessaires permettent de rendre un site web utilisable en activant des fonctions de base telles que la navigation entre les pages et l\u2019acc\u00e8s aux zones s\u00e9curis\u00e9es du site. Le site web ne peut pas fonctionner correctement sans ces cookies.<\/p>\n<p>Pr\u00e9f\u00e9rences : Les cookies de pr\u00e9f\u00e9rence permettent au site web de m\u00e9moriser des informations qui modifient le comportement ou l\u2019apparence du site, comme la langue pr\u00e9f\u00e9r\u00e9e ou la r\u00e9gion dans laquelle vous vous trouvez.<\/p>\n<p>Statistiques : Les cookies statistiques aident les propri\u00e9taires de sites web \u00e0 comprendre comment les visiteurs interagissent avec les pages web, en collectant et en fournissant des informations de mani\u00e8re anonyme.<\/p>\n<p>Marketing : Les cookies de marketing sont utilis\u00e9s pour suivre les visiteurs sur les sites web. L\u2019objectif est d\u2019afficher des publicit\u00e9s pertinentes et attrayantes pour chaque utilisateur, et donc plus utiles pour les \u00e9diteurs et les annonceurs tiers.<\/p>\n<p>Non class\u00e9s : Les cookies non class\u00e9s sont ceux qui sont encore en cours de classification, en collaboration avec les fournisseurs de cookies concern\u00e9s.<\/p>\n<h3>Les cookies peuvent-ils \u00eatre supprim\u00e9s ?<\/h3>\n<p>Oui, et pas seulement supprim\u00e9s, mais \u00e9galement bloqu\u00e9s, de mani\u00e8re g\u00e9n\u00e9rale ou sp\u00e9cifique pour un domaine donn\u00e9.<\/p>\n<p>Pour supprimer les cookies d\u2019un site web, vous devez acc\u00e9der aux param\u00e8tres de votre navigateur et y rechercher ceux associ\u00e9s au domaine concern\u00e9 afin de proc\u00e9der \u00e0 leur suppression.<\/p>\n<ul>\n<li>Param\u00e9trage des cookies dans <a href=\"https:\/\/support.google.com\/chrome\/bin\/answer.py?hl=es&amp;answer=95647\" target=\"_blank\" rel=\"nofollow noopener noreferrer\">Google Chrome<\/a><\/li>\n<li>Param\u00e9trage des cookies dans <a href=\"https:\/\/support.apple.com\/es-es\/HT201265\" target=\"_blank\" rel=\"nofollow noopener noreferrer\">Apple Safari<\/a><\/li>\n<li>Param\u00e9trage des cookies dans <a href=\"https:\/\/support.microsoft.com\/en-us\/help\/17442\/windows-internet-explorer-delete-manage-cookies#ie=ie-10\" target=\"_blank\" rel=\"nofollow noopener noreferrer\">Internet Explorer<\/a><\/li>\n<li>Param\u00e9trage des cookies dans <a href=\"https:\/\/support.mozilla.org\/es\/kb\/habilitar-y-deshabilitar-cookies-sitios-web-rastrear-preferencias?redirectlocale=es&amp;redirectslug=habilitar-y-deshabilitar-cookies-que-los-sitios-we\" target=\"_blank\" rel=\"nofollow noopener noreferrer\">Mozilla Firefox<\/a><\/li>\n<\/ul>\n<p>Si vous le souhaitez, vous pouvez d\u00e9sactiver le suivi de Google Analytics via ce <a href=\"https:\/\/tools.google.com\/dlpage\/gaoptout\" rel=\"nofollow \">module compl\u00e9mentaire de navigateur propos\u00e9 par Google<\/a>.<\/p>\n<h3>Plus d\u2019informations sur les cookies<\/h3>\n<p>Vous pouvez consulter la r\u00e9glementation relative aux cookies publi\u00e9e par l\u2019Agence Espagnole de Protection des Donn\u00e9es dans son \u00ab Guide sur l\u2019utilisation des cookies \u00bb et obtenir plus d\u2019informations sur les cookies sur Internet \u00e0 l\u2019adresse http:\/\/www.aboutcookies.org\/<\/p>\n<p>Si vous souhaitez avoir un meilleur contr\u00f4le sur l\u2019installation des cookies, vous pouvez installer des programmes ou des extensions dans votre navigateur, appel\u00e9s outils \u00ab Do Not Track \u00bb, qui vous permettront de choisir les cookies que vous souhaitez autoriser.<\/p>\n","protected":false},"excerpt":{"rendered":"<p>Politique de Cookies Sur ce site web, nous collectons et utilisons des informations comme indiqu\u00e9 dans notre Politique de Confidentialit\u00e9. L\u2019un des moyens par lesquels nous collectons des informations est l\u2019utilisation d\u2019une technologie appel\u00e9e \u00ab cookies \u00bb. Chez TOP OnlyFans Models, les cookies sont utilis\u00e9s \u00e0 diff\u00e9rentes fins. Qu\u2019est-ce qu\u2019un cookie ? Un \u00ab cookie [&hellip;]<\/p>\n","protected":false},"author":2,"featured_media":0,"parent":0,"menu_order":0,"comment_status":"closed","ping_status":"closed","template":"","meta":{"_acf_changed":false,"footnotes":""},"class_list":["post-21292","page","type-page","status-publish","hentry"],"acf":[],"aioseo_notices":[],"_links":{"self":[{"href":"https:\/\/topofmodels.com\/fr\/wp-json\/wp\/v2\/pages\/21292","targetHints":{"allow":["GET"]}}],"collection":[{"href":"https:\/\/topofmodels.com\/fr\/wp-json\/wp\/v2\/pages"}],"about":[{"href":"https:\/\/topofmodels.com\/fr\/wp-json\/wp\/v2\/types\/page"}],"author":[{"embeddable":true,"href":"https:\/\/topofmodels.com\/fr\/wp-json\/wp\/v2\/users\/2"}],"replies":[{"embeddable":true,"href":"https:\/\/topofmodels.com\/fr\/wp-json\/wp\/v2\/comments?post=21292"}],"version-history":[{"count":2,"href":"https:\/\/topofmodels.com\/fr\/wp-json\/wp\/v2\/pages\/21292\/revisions"}],"predecessor-version":[{"id":21294,"href":"https:\/\/topofmodels.com\/fr\/wp-json\/wp\/v2\/pages\/21292\/revisions\/21294"}],"wp:attachment":[{"href":"https:\/\/topofmodels.com\/fr\/wp-json\/wp\/v2\/media?parent=21292"}],"curies":[{"name":"wp","href":"https:\/\/api.w.org\/{rel}","templated":true}]}}