{"id":21216,"date":"2026-01-16T15:32:45","date_gmt":"2026-01-16T15:32:45","guid":{"rendered":"https:\/\/topofmodels.com\/?page_id=21216"},"modified":"2026-02-09T18:50:25","modified_gmt":"2026-02-09T18:50:25","slug":"mentions-legales","status":"publish","type":"page","link":"https:\/\/topofmodels.com\/fr\/mentions-legales\/","title":{"rendered":"Mentions l\u00e9gales"},"content":{"rendered":"<h3>Donn\u00e9es du responsable<\/h3>\n<ul>\n<li>Site web : http:\/\/topofmodels.com<\/li>\n<li>Email : contact@topofmodels.com<\/li>\n<\/ul>\n<p>Dans cet espace, l\u2019utilisateur pourra trouver toutes les informations relatives aux termes et conditions l\u00e9gales qui r\u00e9gissent la relation entre les utilisateurs et moi, en tant que responsable de ce site web. En tant qu\u2019utilisateur, il est important de conna\u00eetre ces conditions avant de poursuivre la navigation.<\/p>\n<p>TOP OnlyFans Models, en tant que responsable de ce site web, s\u2019engage \u00e0 traiter les informations de ses utilisateurs et clients avec toutes les garanties n\u00e9cessaires et \u00e0 respecter les exigences nationales et europ\u00e9ennes r\u00e9gissant la collecte et l\u2019utilisation des donn\u00e9es personnelles des utilisateurs.<\/p>\n<p>Ce site web respecte strictement la Loi Organique 15\/1999 du 13 d\u00e9cembre relative \u00e0 la protection des donn\u00e9es \u00e0 caract\u00e8re personnel (LOPD), ainsi que le D\u00e9cret Royal 1720\/2007 du 21 d\u00e9cembre, connu comme le r\u00e8glement d\u2019application de la LOPD. Il est \u00e9galement conforme au R\u00e8glement (UE) 2016\/679 du Parlement europ\u00e9en et du Conseil du 27 avril 2016 relatif \u00e0 la protection des personnes physiques (RGPD), ainsi qu\u2019\u00e0 la Loi 34\/2002 du 11 juillet relative aux services de la soci\u00e9t\u00e9 de l\u2019information et au commerce \u00e9lectronique (LSSICE ou LSSI).<\/p>\n<h4>Conditions g\u00e9n\u00e9rales d\u2019utilisation<\/h4>\n<p>Les pr\u00e9sentes Conditions G\u00e9n\u00e9rales r\u00e9gissent l\u2019utilisation (y compris le simple acc\u00e8s) des pages web composant le site TOP OnlyFans Models, y compris les contenus et services mis \u00e0 disposition. Toute personne acc\u00e9dant au site web http:\/\/topofmodels.com (\u00ab utilisateur \u00bb) accepte d\u2019\u00eatre soumise aux Conditions G\u00e9n\u00e9rales en vigueur \u00e0 chaque moment du portail http:\/\/topofmodels.com.<\/p>\n<h3>Informations personnelles que je collecte et comment je le fais<\/h3>\n<p>Consultez la Politique de Confidentialit\u00e9.<\/p>\n<h3>Engagements et obligations des utilisateurs<\/h3>\n<p>L\u2019utilisateur est inform\u00e9 et accepte que l\u2019acc\u00e8s \u00e0 ce site web n\u2019implique en aucun cas l\u2019\u00e9tablissement d\u2019une relation commerciale avec TOP OnlyFans Models. De cette mani\u00e8re, l\u2019utilisateur s\u2019engage \u00e0 utiliser le site web, ses services et contenus sans enfreindre la l\u00e9gislation en vigueur, la bonne foi et l\u2019ordre public.<\/p>\n<p>L\u2019utilisation du site web \u00e0 des fins illicites ou pr\u00e9judiciables, ou de toute mani\u00e8re susceptible de causer des dommages ou d\u2019entraver son fonctionnement normal, est interdite. En ce qui concerne les contenus de ce site web, il est interdit :<\/p>\n<p>La reproduction, la distribution ou la modification, totale ou partielle, sans l\u2019autorisation du titulaire l\u00e9gitime ;<br \/>\nToute violation des droits du fournisseur ou du titulaire l\u00e9gitime ;<br \/>\nL\u2019utilisation \u00e0 des fins commerciales ou publicitaires.<\/p>\n<p>Dans l\u2019utilisation du site web http:\/\/topofmodels.com, l\u2019utilisateur s\u2019engage \u00e0 ne pas adopter de comportement susceptible de porter atteinte \u00e0 l\u2019image, aux int\u00e9r\u00eats et aux droits de TOP OnlyFans Models ou de tiers, ni d\u2019endommager, de rendre inutilisable ou de surcharger le portail, ou d\u2019emp\u00eacher de quelque mani\u00e8re que ce soit son utilisation normale.<\/p>\n<p>Toutefois, l\u2019utilisateur doit \u00eatre conscient que les mesures de s\u00e9curit\u00e9 des syst\u00e8mes informatiques sur Internet ne sont pas totalement fiables et que, par cons\u00e9quent, http:\/\/topofmodels.com ne peut garantir l\u2019absence de logiciels malveillants ou d\u2019autres \u00e9l\u00e9ments susceptibles de provoquer des alt\u00e9rations dans les syst\u00e8mes informatiques (logiciels et mat\u00e9riels) de l\u2019utilisateur ou dans ses documents \u00e9lectroniques et fichiers, bien que tous les moyens n\u00e9cessaires et mesures de s\u00e9curit\u00e9 appropri\u00e9es soient mis en \u0153uvre pour \u00e9viter la pr\u00e9sence de ces \u00e9l\u00e9ments nuisibles.<\/p>\n<h3>Mesures de s\u00e9curit\u00e9<\/h3>\n<p>Les donn\u00e9es personnelles communiqu\u00e9es par l\u2019utilisateur \u00e0 TOP OnlyFans Models peuvent \u00eatre stock\u00e9es dans des bases de donn\u00e9es automatis\u00e9es ou non, dont la propri\u00e9t\u00e9 appartient exclusivement \u00e0 TOP OnlyFans Models, qui assume toutes les mesures techniques, organisationnelles et de s\u00e9curit\u00e9 n\u00e9cessaires pour garantir la confidentialit\u00e9, l\u2019int\u00e9grit\u00e9 et la qualit\u00e9 des informations, conform\u00e9ment \u00e0 la r\u00e9glementation en vigueur en mati\u00e8re de protection des donn\u00e9es.<\/p>\n<p>La communication entre les utilisateurs et http:\/\/topofmodels.com utilise un canal s\u00e9curis\u00e9 et les donn\u00e9es transmises sont chiffr\u00e9es gr\u00e2ce aux protocoles https, garantissant ainsi les meilleures conditions de s\u00e9curit\u00e9 et de confidentialit\u00e9.<\/p>\n<h3>Plateforme de r\u00e9solution des litiges<\/h3>\n<p>Une plateforme de r\u00e9solution des litiges fournie par la Commission europ\u00e9enne est \u00e9galement mise \u00e0 disposition des utilisateurs, accessible via le lien suivant :<br \/>\nhttp:\/\/ec.europa.eu\/consumers\/odr\/<\/p>\n<h3>Droits de propri\u00e9t\u00e9 intellectuelle et industrielle<\/h3>\n<p>En vertu des dispositions des articles 8 et 32.1, deuxi\u00e8me paragraphe, de la Loi sur la Propri\u00e9t\u00e9 Intellectuelle, la reproduction, la distribution et la communication publique, y compris la mise \u00e0 disposition, de tout ou partie des contenus de cette page web \u00e0 des fins commerciales, sur tout support et par tout moyen technique, sont express\u00e9ment interdites sans l\u2019autorisation de TOP OnlyFans Models.<\/p>\n<p>L\u2019utilisateur s\u2019engage \u00e0 respecter les droits de propri\u00e9t\u00e9 intellectuelle et industrielle d\u00e9tenus par TOP OnlyFans Models.<\/p>\n<p>L\u2019utilisateur reconna\u00eet et accepte que l\u2019ensemble du site web, comprenant notamment et de mani\u00e8re non exhaustive les textes, logiciels, contenus (y compris leur structure, s\u00e9lection, organisation et pr\u00e9sentation), podcasts, photographies, mat\u00e9riel audiovisuel et \u00e9l\u00e9ments graphiques, est prot\u00e9g\u00e9 par des marques, des droits d\u2019auteur et d\u2019autres droits l\u00e9gitimes, conform\u00e9ment aux trait\u00e9s internationaux et \u00e0 la l\u00e9gislation espagnole en vigueur.<\/p>\n<p>Dans le cas o\u00f9 un utilisateur ou un tiers estime qu\u2019il y a eu une violation de ses droits l\u00e9gitimes de propri\u00e9t\u00e9 intellectuelle par l\u2019introduction de certains contenus sur le site web, il devra en informer TOP OnlyFans Models en indiquant :<\/p>\n<ul>\n<li>Les donn\u00e9es personnelles du titulaire des droits pr\u00e9tendument viol\u00e9s, ou la repr\u00e9sentation avec laquelle il agit si la r\u00e9clamation est pr\u00e9sent\u00e9e par un tiers.<\/li>\n<li>Les contenus prot\u00e9g\u00e9s par les droits de propri\u00e9t\u00e9 intellectuelle et leur emplacement sur le site web, la preuve de la titularit\u00e9 de ces droits, ainsi qu\u2019une d\u00e9claration expresse dans laquelle l\u2019int\u00e9ress\u00e9 assume la responsabilit\u00e9 de la v\u00e9racit\u00e9 des informations fournies.<\/li>\n<\/ul>\n<h3>Liens externes<\/h3>\n<p>Le site web http:\/\/topofmodels.com peut fournir des liens vers d\u2019autres sites web propres ou vers des contenus appartenant \u00e0 des tiers, tels que :<\/p>\n<ul>\n<li>Contenus d\u2019autres blogs<\/li>\n<li>Outils<\/li>\n<li>Ressources<\/li>\n<\/ul>\n<h3>Exclusion de garanties et de responsabilit\u00e9<\/h3>\n<p>TOP OnlyFans Models n\u2019accorde aucune garantie et ne saurait \u00eatre tenue responsable, en aucun cas, des dommages et pr\u00e9judices de toute nature pouvant r\u00e9sulter de :<\/p>\n<ul>\n<li>Le manque de disponibilit\u00e9, de maintenance ou de fonctionnement effectif du site web, ou de ses services et contenus ;<\/li>\n<li>L\u2019existence de logiciels malveillants, de programmes nuisibles ou de contenus pr\u00e9judiciables ;<\/li>\n<li>L\u2019utilisation ill\u00e9gale, n\u00e9gligente, frauduleuse ou contraire aux pr\u00e9sentes Mentions L\u00e9gales ;<\/li>\n<li>Le manque de l\u00e9galit\u00e9, de qualit\u00e9, de fiabilit\u00e9, d\u2019utilit\u00e9 ou de disponibilit\u00e9 des services fournis par des tiers et mis \u00e0 disposition des utilisateurs sur le site web ;<\/li>\n<li>Le fournisseur ne pourra en aucun cas \u00eatre tenu responsable des dommages pouvant r\u00e9sulter de l\u2019utilisation ill\u00e9gale ou inappropri\u00e9e de ce site web.<\/li>\n<\/ul>\n<p>Notre mission :<\/p>\n<blockquote><p>Nous proposons un service destin\u00e9 aux agences ou aux personnes d\u00e9j\u00e0 inscrites sur OnlyFans qui souhaitent \u00e9largir leur audience afin d\u2019augmenter leurs revenus et qui sont int\u00e9ress\u00e9es par la promotion via nos services et les recommandations figurant dans les guides publi\u00e9s.<\/p><\/blockquote>\n<h2><\/h2>\n<h3 style=\"text-align: left;\">La promotion payante dans le moteur de recherche de profils ne garantit pas des abonn\u00e9s<\/h3>\n<p>Bien que des milliers de visiteurs consultent quotidiennement les profils dans le moteur de recherche et dans des sections similaires, il est <strong>impossible de garantir que chaque profil promu obtienne des abonn\u00e9s<\/strong>. Cela s\u2019explique par le fait que <strong>la d\u00e9cision finale appartient exclusivement aux abonn\u00e9s potentiels<\/strong> et d\u00e9pend de la correspondance entre leurs pr\u00e9f\u00e9rences personnelles et le type de contenu et de profil propos\u00e9.<\/p>\n<h4>Pour les abonn\u00e9s potentiels \u2013 Diff\u00e9rences de prix entre TOP OnlyFans Models et OnlyFans.com<\/h4>\n<p>Cela peut se produire. Il convient de garder \u00e0 l\u2019esprit que les conditions importantes pour s\u2019abonner \u00e0 un profil sont d\u00e9finies sur le site OFFICIEL. Les cr\u00e9ateurs peuvent modifier les prix directement sur le site officiel (OnlyFans.com\/utilisateur\/) et il est possible que ces informations n\u2019aient pas encore \u00e9t\u00e9 mises \u00e0 jour sur TOP OnlyFans Models.<\/p>\n<p>Les cr\u00e9ateurs ONT LE CONTR\u00d4LE TOTAL ET LA RESPONSABILIT\u00c9 de lire les conditions AVANT D\u2019ACCEPTER l\u2019abonnement \u00e0 tout profil trouv\u00e9 en dehors de TOP OnlyFans Models.<\/p>\n<p>Veuillez lire attentivement sur le site officiel (onlyfans.com\/utilisateur\/) les tarifs, conditions et modalit\u00e9s indiqu\u00e9s sur le bouton d\u2019abonnement.<\/p>\n<h3><\/h3>\n<h3>Avertissement :<\/h3>\n<p>Ce site web est g\u00e9r\u00e9 par une soci\u00e9t\u00e9 totalement ind\u00e9pendante de OnlyFans.com, <strong>propri\u00e9t\u00e9 de Fenix International<\/strong>.<\/p>\n<p>\u00a9 Tous les droits d\u2019auteur et marques d\u00e9pos\u00e9es appartiennent \u00e0 leurs propri\u00e9taires respectifs.<\/p>\n<h3>Contact<\/h3>\n<p>Si un utilisateur a des questions concernant ces Conditions L\u00e9gales ou souhaite formuler des commentaires sur le portail http:\/\/topofmodels.com, il peut contacter contact@topofmodels.com.<\/p>\n","protected":false},"excerpt":{"rendered":"<p>Donn\u00e9es du responsable Site web : http:\/\/topofmodels.com Email : contact@topofmodels.com Dans cet espace, l\u2019utilisateur pourra trouver toutes les informations relatives aux termes et conditions l\u00e9gales qui r\u00e9gissent la relation entre les utilisateurs et moi, en tant que responsable de ce site web. En tant qu\u2019utilisateur, il est important de conna\u00eetre ces conditions avant de poursuivre [&hellip;]<\/p>\n","protected":false},"author":2,"featured_media":0,"parent":0,"menu_order":0,"comment_status":"closed","ping_status":"closed","template":"","meta":{"_acf_changed":false,"footnotes":""},"class_list":["post-21216","page","type-page","status-publish","hentry"],"acf":[],"aioseo_notices":[],"_links":{"self":[{"href":"https:\/\/topofmodels.com\/fr\/wp-json\/wp\/v2\/pages\/21216","targetHints":{"allow":["GET"]}}],"collection":[{"href":"https:\/\/topofmodels.com\/fr\/wp-json\/wp\/v2\/pages"}],"about":[{"href":"https:\/\/topofmodels.com\/fr\/wp-json\/wp\/v2\/types\/page"}],"author":[{"embeddable":true,"href":"https:\/\/topofmodels.com\/fr\/wp-json\/wp\/v2\/users\/2"}],"replies":[{"embeddable":true,"href":"https:\/\/topofmodels.com\/fr\/wp-json\/wp\/v2\/comments?post=21216"}],"version-history":[{"count":4,"href":"https:\/\/topofmodels.com\/fr\/wp-json\/wp\/v2\/pages\/21216\/revisions"}],"predecessor-version":[{"id":21220,"href":"https:\/\/topofmodels.com\/fr\/wp-json\/wp\/v2\/pages\/21216\/revisions\/21220"}],"wp:attachment":[{"href":"https:\/\/topofmodels.com\/fr\/wp-json\/wp\/v2\/media?parent=21216"}],"curies":[{"name":"wp","href":"https:\/\/api.w.org\/{rel}","templated":true}]}}