{"id":21715,"date":"2026-01-07T19:18:08","date_gmt":"2026-01-07T19:18:08","guid":{"rendered":"https:\/\/topofmodels.com\/?page_id=21715"},"modified":"2026-02-18T13:19:14","modified_gmt":"2026-02-18T13:19:14","slug":"politica-de-privacidad","status":"publish","type":"page","link":"https:\/\/topofmodels.com\/es\/politica-de-privacidad\/","title":{"rendered":"Pol\u00edtica de privacidad"},"content":{"rendered":"<p>Tu privacidad es importante para m\u00ed. En esta declaraci\u00f3n de privacidad explico qu\u00e9 informaci\u00f3n personal recopilo de mis usuarios y c\u00f3mo la utilizo. Te recomiendo leer estos t\u00e9rminos cuidadosamente antes de proporcionar tu informaci\u00f3n personal en este sitio web. Los mayores de trece a\u00f1os podr\u00e1n registrarse en http:\/\/topofmodels.com<br \/>\n como usuarios sin el consentimiento previo de sus padres o tutores. En el caso de menores de trece a\u00f1os, se requiere el consentimiento de los padres o tutores para el tratamiento de sus datos personales. En ning\u00fan caso se recopilar\u00e1n datos del menor relativos a la situaci\u00f3n profesional, econ\u00f3mica o a la intimidad de otros miembros de la familia sin el consentimiento de estos. Si tienes menos de trece a\u00f1os y has accedido a este sitio web sin avisar a tus padres, no debes registrarte como usuario. En este sitio web se respetan y protegen los datos personales de los usuarios. Como usuario debes saber que tus derechos est\u00e1n garantizados. Me he esforzado por crear un espacio seguro y confiable, y por eso quiero compartir mis principios respecto a tu privacidad:<\/p>\n<ul>\n<li>Nunca solicito informaci\u00f3n personal a menos que sea realmente necesaria para prestarte los servicios que requieres.<\/li>\n<li>Nunca comparto informaci\u00f3n personal de mis usuarios con nadie, salvo para cumplir con la ley o en caso de contar con tu autorizaci\u00f3n expresa.<\/li>\n<li>Nunca utilizo tus datos personales con una finalidad distinta a la expresada en esta pol\u00edtica de privacidad.<\/li>\n<\/ul>\n<p> Cabe se\u00f1alar que esta Pol\u00edtica de Privacidad puede variar en funci\u00f3n de exigencias legislativas o de autorregulaci\u00f3n, por lo que se aconseja a los usuarios revisarla peri\u00f3dicamente. Ser\u00e1 aplicable en caso de que los usuarios decidan completar cualquier formulario de contacto donde se recopilen datos personales. TOP OnlyFans Models ha adaptado este sitio web a las exigencias de la Ley Org\u00e1nica 15\/1999, de 13 de diciembre, de Protecci\u00f3n de Datos de Car\u00e1cter Personal (LOPD), y del Real Decreto 1720\/2007, de 21 de diciembre, conocido como el Reglamento de desarrollo de la LOPD. Asimismo, cumple con el Reglamento (UE) 2016\/679 del Parlamento Europeo y del Consejo, de 27 de abril de 2016 (RGPD), as\u00ed como con la Ley 34\/2002, de 11 de julio, de Servicios de la Sociedad de la Informaci\u00f3n y de Comercio Electr\u00f3nico (LSSICE o LSSI). <\/p>\n<h3>Responsable del tratamiento de tus datos personales<\/h3>\n<ul>\n<li>Nombre comercial: TOP OnlyFans Models<\/li>\n<li>Sitio web: http:\/\/topofmodels.com<\/li>\n<li>Email: contact@topofmodels.com<\/li>\n<li>Actividad: Divulgaci\u00f3n de contenidos a trav\u00e9s de un blog<\/li>\n<\/ul>\n<p> A efectos de lo previsto en el Reglamento General de Protecci\u00f3n de Datos mencionado anteriormente, los datos personales que me env\u00edes a trav\u00e9s de los formularios web recibir\u00e1n el tratamiento de \u201cUsuarios de la web y suscriptores\u201d. Para el tratamiento de los datos de mis usuarios implemento todas las medidas t\u00e9cnicas y organizativas de seguridad establecidas en la legislaci\u00f3n vigente. <\/p>\n<h3>Principios que aplicar\u00e9 a tu informaci\u00f3n personal<\/h3>\n<p> En el tratamiento de tus datos personales aplicar\u00e9 los siguientes principios que cumplen con las exigencias del nuevo reglamento europeo de protecci\u00f3n de datos: <\/p>\n<ul>\n<li>Principio de licitud, lealtad y transparencia: siempre requerir\u00e9 tu consentimiento para el tratamiento de tus datos personales para uno o varios fines espec\u00edficos que te informar\u00e9 previamente con absoluta transparencia.<\/li>\n<li>Principio de minimizaci\u00f3n de datos: solo solicitar\u00e9 los datos estrictamente necesarios en relaci\u00f3n con los fines para los que los requiera. Los m\u00ednimos posibles.<\/li>\n<li>Principio de limitaci\u00f3n del plazo de conservaci\u00f3n: los datos se conservar\u00e1n durante no m\u00e1s tiempo del necesario para los fines del tratamiento. Dependiendo de la finalidad, te informar\u00e9 del plazo de conservaci\u00f3n correspondiente. En el caso de suscripciones, revisar\u00e9 peri\u00f3dicamente mis listas y eliminar\u00e9 aquellos registros inactivos durante un tiempo considerable.<\/li>\n<li>Principio de integridad y confidencialidad: tus datos ser\u00e1n tratados de manera que se garantice una seguridad adecuada de los datos personales y se asegure la confidencialidad. Debes saber que tomo todas las precauciones necesarias para evitar el acceso no autorizado o el uso indebido de los datos de mis usuarios por parte de terceros.<\/li>\n<\/ul>\n<h3>\u00bfC\u00f3mo he obtenido tus datos?<\/h3>\n<p> Los datos personales que trato en TOP OnlyFans Models proceden de: <\/p>\n<ul>\n<li>Formulario de suscripci\u00f3n<\/li>\n<li>Comentarios en el blog<\/li>\n<\/ul>\n<h3>\u00bfCu\u00e1les son tus derechos cuando me facilitas tus datos?<\/h3>\n<p> Cualquier persona tiene derecho a obtener confirmaci\u00f3n sobre si en TOP OnlyFans Models estoy tratando datos personales que le conciernan o no. Las personas interesadas tienen derecho a: <\/p>\n<ul>\n<li>Solicitar el acceso a los datos personales relativos al interesado<\/li>\n<li>Solicitar su rectificaci\u00f3n o supresi\u00f3n<\/li>\n<li>Solicitar la limitaci\u00f3n de su tratamiento<\/li>\n<li>Oponerse al tratamiento<\/li>\n<li>Solicitar la portabilidad de los datos<\/li>\n<\/ul>\n<p> Los interesados podr\u00e1n acceder a sus datos personales, as\u00ed como solicitar la rectificaci\u00f3n de los datos inexactos o, en su caso, solicitar su supresi\u00f3n cuando, entre otros motivos, los datos ya no sean necesarios para los fines que fueron recogidos. En determinadas circunstancias, los interesados podr\u00e1n solicitar la limitaci\u00f3n del tratamiento de sus datos, en cuyo caso \u00fanicamente los conservar\u00e9 para el ejercicio o la defensa de reclamaciones. En determinadas circunstancias y por motivos relacionados con su situaci\u00f3n particular, los interesados podr\u00e1n oponerse al tratamiento de sus datos. TOP OnlyFans Models dejar\u00e1 de tratar los datos, salvo por motivos leg\u00edtimos imperiosos o el ejercicio o la defensa de posibles reclamaciones. Como interesado, tienes derecho a recibir los datos personales que te incumban, que me hayas facilitado, en un formato estructurado, de uso com\u00fan y lectura mec\u00e1nica, y a transmitirlos a otro responsable del tratamiento cuando: <\/p>\n<ul>\n<li>El tratamiento est\u00e9 basado en el consentimiento<\/li>\n<li>Los datos hayan sido facilitados por el interesado<\/li>\n<li>El tratamiento se realice por medios automatizados<\/li>\n<\/ul>\n<p> Al ejercer tu derecho a la portabilidad de los datos, tendr\u00e1s derecho a que los datos personales se transmitan directamente de responsable a responsable cuando sea t\u00e9cnicamente posible. Los interesados tambi\u00e9n tendr\u00e1n derecho a la tutela judicial efectiva y a presentar una reclamaci\u00f3n ante la autoridad de control, en este caso, la Agencia Espa\u00f1ola de Protecci\u00f3n de Datos, si consideran que el tratamiento de los datos personales que les conciernen infringe el Reglamento.<\/p>\n","protected":false},"excerpt":{"rendered":"<p>Tu privacidad es importante para m\u00ed. En esta declaraci\u00f3n de privacidad explico qu\u00e9 informaci\u00f3n personal recopilo de mis usuarios y c\u00f3mo la utilizo. Te recomiendo leer estos t\u00e9rminos cuidadosamente antes de proporcionar tu informaci\u00f3n personal en este sitio web. Los mayores de trece a\u00f1os podr\u00e1n registrarse en http:\/\/topofmodels.com como usuarios sin el consentimiento previo de [&hellip;]<\/p>\n","protected":false},"author":2,"featured_media":0,"parent":0,"menu_order":0,"comment_status":"closed","ping_status":"open","template":"","meta":{"_acf_changed":false,"footnotes":""},"class_list":["post-21715","page","type-page","status-publish","hentry"],"acf":[],"aioseo_notices":[],"_links":{"self":[{"href":"https:\/\/topofmodels.com\/es\/wp-json\/wp\/v2\/pages\/21715","targetHints":{"allow":["GET"]}}],"collection":[{"href":"https:\/\/topofmodels.com\/es\/wp-json\/wp\/v2\/pages"}],"about":[{"href":"https:\/\/topofmodels.com\/es\/wp-json\/wp\/v2\/types\/page"}],"author":[{"embeddable":true,"href":"https:\/\/topofmodels.com\/es\/wp-json\/wp\/v2\/users\/2"}],"replies":[{"embeddable":true,"href":"https:\/\/topofmodels.com\/es\/wp-json\/wp\/v2\/comments?post=21715"}],"version-history":[{"count":1,"href":"https:\/\/topofmodels.com\/es\/wp-json\/wp\/v2\/pages\/21715\/revisions"}],"predecessor-version":[{"id":21716,"href":"https:\/\/topofmodels.com\/es\/wp-json\/wp\/v2\/pages\/21715\/revisions\/21716"}],"wp:attachment":[{"href":"https:\/\/topofmodels.com\/es\/wp-json\/wp\/v2\/media?parent=21715"}],"curies":[{"name":"wp","href":"https:\/\/api.w.org\/{rel}","templated":true}]}}