{"id":21300,"date":"2026-01-16T15:37:11","date_gmt":"2026-01-16T15:37:11","guid":{"rendered":"https:\/\/topofmodels.com\/?page_id=21300"},"modified":"2026-03-17T18:14:31","modified_gmt":"2026-03-17T18:14:31","slug":"dmca-y-retiro","status":"publish","type":"page","link":"https:\/\/topofmodels.com\/es\/dmca-y-retiro\/","title":{"rendered":"Aviso DMCA y Pol\u00edtica de Eliminaci\u00f3n de Contenido de Creadores"},"content":{"rendered":"\t\t<div data-elementor-type=\"wp-page\" data-elementor-id=\"21300\" class=\"elementor elementor-21300 elementor-279\" data-elementor-post-type=\"page\">\n\t\t\t\t<div class=\"elementor-element elementor-element-7e969aa e-flex e-con-boxed e-con e-parent\" data-id=\"7e969aa\" data-element_type=\"container\" data-e-type=\"container\">\n\t\t\t\t\t<div class=\"e-con-inner\">\n\t\t\t\t<div class=\"elementor-element elementor-element-9408dd1 elementor-widget elementor-widget-text-editor\" data-id=\"9408dd1\" data-element_type=\"widget\" data-e-type=\"widget\" data-widget_type=\"text-editor.default\">\n\t\t\t\t\t\t\t\t\t<p data-start=\"956\" data-end=\"1070\">Respetamos los derechos de propiedad intelectual de terceros y estamos comprometidos a responder ante inquietudes v\u00e1lidas relacionadas con derechos de autor.<\/p><p data-start=\"1072\" data-end=\"1268\">Este sitio web funciona como un\u00a0<strong data-start=\"1099\" data-end=\"1150\">directorio y plataforma de b\u00fasqueda para descubrir creadores<\/strong>, ayudando a los usuarios a encontrar perfiles p\u00fablicos de creadores y navegar hacia plataformas externas como OnlyFans y servicios similares.<\/p><p data-start=\"1270\" data-end=\"1504\">Nosotros\u00a0<strong data-start=\"1273\" data-end=\"1347\">no alojamos ni almacenamos material protegido por derechos de autor proveniente de plataformas externas de creadores<\/strong>. Las fichas de este sitio suelen consistir en informaci\u00f3n de perfil disponible p\u00fablicamente, enlaces y texto descriptivo dise\u00f1ados para ayudar a los usuarios a descubrir creadores.<\/p><p data-start=\"1506\" data-end=\"1709\">Si crees que tu obra protegida por derechos de autor ha sido mencionada de una manera que viola tus derechos, o si eres un creador que prefiere que su perfil no aparezca listado, puedes solicitar su eliminaci\u00f3n en cualquier momento.<\/p><h1 data-section-id=\"2tw6eu\" data-start=\"1716\" data-end=\"1736\">Acerca de este sitio web<\/h1><p data-start=\"1738\" data-end=\"1957\">Nuestra plataforma funciona de manera similar a un\u00a0<strong data-start=\"1776\" data-end=\"1806\">motor de b\u00fasqueda o directorio<\/strong>. Organizamos informaci\u00f3n disponible p\u00fablicamente sobre creadores para que los usuarios puedan descubrir perfiles f\u00e1cilmente y navegar hacia la plataforma oficial del creador.<\/p><p data-start=\"1959\" data-end=\"2082\">Todas las transacciones, suscripciones y consumo de contenido se realizan en la\u00a0<strong data-start=\"2029\" data-end=\"2060\">plataforma oficial del creador<\/strong>, no en este sitio web.<\/p><p data-start=\"2084\" data-end=\"2177\">Respetamos las preferencias de los creadores y procesaremos r\u00e1pidamente las solicitudes leg\u00edtimas de eliminaci\u00f3n.<\/p><h1 data-section-id=\"18lwxys\" data-start=\"2184\" data-end=\"2220\">Pol\u00edtica de Copyright (Cumplimiento DMCA)<\/h1><p data-start=\"2222\" data-end=\"2362\">De acuerdo con la\u00a0<strong data-start=\"2245\" data-end=\"2304\">Digital Millennium Copyright Act (DMCA), 17 U.S.C. \u00a7512<\/strong>, respondemos a notificaciones de presuntas infracciones de derechos de autor.<\/p><p data-start=\"2364\" data-end=\"2528\">Si crees que alg\u00fan contenido que aparece en este sitio web infringe tus derechos de autor, puedes enviar una notificaci\u00f3n DMCA solicitando la eliminaci\u00f3n o deshabilitaci\u00f3n del acceso al material.<\/p><p data-start=\"2530\" data-end=\"2669\">Al recibir una notificaci\u00f3n v\u00e1lida, investigaremos el reclamo y tomaremos las medidas apropiadas, lo que puede incluir la eliminaci\u00f3n del material en cuesti\u00f3n.<\/p><h1 data-section-id=\"7sl8qi\" data-start=\"2676\" data-end=\"2713\">Cumplimiento de Derechos de Autor en la Uni\u00f3n Europea<\/h1><p data-start=\"2715\" data-end=\"2835\">Para usuarios y titulares de derechos ubicados dentro de la Uni\u00f3n Europea, tambi\u00e9n cumplimos con las leyes de derechos de autor aplicables, incluyendo:<\/p><ul data-start=\"2837\" data-end=\"2994\"><li data-section-id=\"11xodiu\" data-start=\"2837\" data-end=\"2883\"><p data-start=\"2839\" data-end=\"2883\"><strong data-start=\"2839\" data-end=\"2883\">Directiva 2001\/29\/CE (Directiva InfoSoc)<\/strong><\/p><\/li><li data-section-id=\"1t5rrig\" data-start=\"2884\" data-end=\"2924\"><p data-start=\"2886\" data-end=\"2924\"><strong data-start=\"2886\" data-end=\"2924\">Directiva 2019\/790 (Directiva DSM)<\/strong><\/p><\/li><li data-section-id=\"y97e5x\" data-start=\"2925\" data-end=\"2994\"><p data-start=\"2927\" data-end=\"2994\">Disposiciones relevantes bajo la\u00a0<strong data-start=\"2957\" data-end=\"2994\">Directiva de Comercio Electr\u00f3nico (2000\/31\/CE)<\/strong><\/p><\/li><\/ul><p data-start=\"2996\" data-end=\"3169\">Cuando recibimos una notificaci\u00f3n v\u00e1lida de un titular de derechos ubicado en la UE, investigaremos el reclamo con prontitud y eliminaremos o deshabilitaremos el acceso al material cuando corresponda.<\/p><h1 data-section-id=\"59uj4m\" data-start=\"3176\" data-end=\"3211\">Eliminaci\u00f3n de Perfil de Creador (Opt-Out)<\/h1><p data-start=\"3213\" data-end=\"3292\">Los creadores tienen derecho a solicitar la eliminaci\u00f3n de su perfil de nuestro directorio.<\/p><p data-start=\"3294\" data-end=\"3434\">Si eres el propietario de una cuenta de creador listada en este sitio web y prefieres no aparecer en nuestras listas, puedes enviar una solicitud de eliminaci\u00f3n.<\/p><p data-start=\"3436\" data-end=\"3476\">Para acelerar el proceso, por favor incluye:<\/p><ul data-start=\"3478\" data-end=\"3604\"><li data-section-id=\"7l1cp7\" data-start=\"3478\" data-end=\"3514\"><p data-start=\"3480\" data-end=\"3514\">La URL de la p\u00e1gina en nuestro sitio web<\/p><\/li><li data-section-id=\"p1uu5r\" data-start=\"3515\" data-end=\"3551\"><p data-start=\"3517\" data-end=\"3551\">El enlace a tu perfil oficial de creador<\/p><\/li><li data-section-id=\"l6if3m\" data-start=\"3552\" data-end=\"3604\"><p data-start=\"3554\" data-end=\"3604\">Confirmaci\u00f3n de que eres el propietario de la cuenta<\/p><\/li><\/ul><p data-start=\"3606\" data-end=\"3675\">Normalmente procesamos las solicitudes de eliminaci\u00f3n de creadores dentro de\u00a0<strong data-start=\"3659\" data-end=\"3674\">48\u201372 horas<\/strong>.<\/p><h1 data-section-id=\"1m015jd\" data-start=\"3682\" data-end=\"3711\">C\u00f3mo enviar una notificaci\u00f3n DMCA<\/h1><p data-start=\"3713\" data-end=\"3795\">Para presentar una notificaci\u00f3n de infracci\u00f3n de derechos de autor, por favor proporciona la siguiente informaci\u00f3n:<\/p><ol data-start=\"3797\" data-end=\"4427\"><li data-section-id=\"7tm93z\" data-start=\"3797\" data-end=\"3870\"><p data-start=\"3800\" data-end=\"3870\">Identificaci\u00f3n de la obra protegida por derechos de autor que se afirma ha sido infringida.<\/p><\/li><li data-section-id=\"ju43dt\" data-start=\"3871\" data-end=\"3983\"><p data-start=\"3874\" data-end=\"3983\">Identificaci\u00f3n del material en este sitio web que se considera infractor, incluyendo la\u00a0<strong data-start=\"3969\" data-end=\"3982\">URL exacta<\/strong>.<\/p><\/li><li data-section-id=\"167iura\" data-start=\"3984\" data-end=\"4060\"><p data-start=\"3987\" data-end=\"4060\">Tu\u00a0<strong data-start=\"3992\" data-end=\"4059\">nombre completo, direcci\u00f3n postal, n\u00famero de tel\u00e9fono y direcci\u00f3n de correo electr\u00f3nico<\/strong>.<\/p><\/li><li data-section-id=\"enjn0u\" data-start=\"4061\" data-end=\"4200\"><p data-start=\"4064\" data-end=\"4200\">Una declaraci\u00f3n de que tienes una\u00a0<strong data-start=\"4092\" data-end=\"4113\">creencia de buena fe<\/strong>\u00a0de que el uso en disputa no est\u00e1 autorizado por el titular de los derechos de autor, su agente o la ley.<\/p><\/li><li data-section-id=\"10lfvh3\" data-start=\"4201\" data-end=\"4381\"><p data-start=\"4204\" data-end=\"4381\">Una declaraci\u00f3n de que la informaci\u00f3n en la notificaci\u00f3n es\u00a0<strong data-start=\"4260\" data-end=\"4272\">precisa<\/strong>\u00a0y, bajo pena de perjurio, que eres el titular de los derechos de autor o est\u00e1s autorizado para actuar en nombre del titular.<\/p><\/li><li data-section-id=\"m2xobw\" data-start=\"4382\" data-end=\"4427\"><p data-start=\"4385\" data-end=\"4427\">Tu\u00a0<strong data-start=\"4390\" data-end=\"4426\">firma electr\u00f3nica o f\u00edsica<\/strong>.<\/p><\/li><\/ol><h1 data-section-id=\"1g4c5ll\" data-start=\"4434\" data-end=\"4455\">Declaraciones requeridas<\/h1><p data-start=\"4457\" data-end=\"4507\">Tu notificaci\u00f3n debe incluir las siguientes declaraciones:<\/p><p data-start=\"4509\" data-end=\"4659\">\u00ab<em>Tengo la creencia de buena fe de que el uso del material protegido por derechos de autor descrito anteriormente no est\u00e1 autorizado por el titular de los derechos de autor, su agente o la ley.<\/em>\u00ab<\/p><p data-start=\"4661\" data-end=\"4834\">\u00ab<em>Declaro bajo pena de perjurio que la informaci\u00f3n en esta notificaci\u00f3n es precisa y que soy el titular de los derechos de autor o estoy autorizado para actuar en nombre del titular de los derechos de autor.<\/em>\u00ab<\/p><h1 data-section-id=\"mgp095\" data-start=\"4841\" data-end=\"4871\">Qu\u00e9 sucede despu\u00e9s de una solicitud<\/h1><p data-start=\"4873\" data-end=\"4913\">Despu\u00e9s de recibir una notificaci\u00f3n v\u00e1lida, nosotros:<\/p><ol data-start=\"4915\" data-end=\"5039\"><li data-section-id=\"1m22lm0\" data-start=\"4915\" data-end=\"4936\"><p data-start=\"4918\" data-end=\"4936\">Revisaremos la solicitud<\/p><\/li><li data-section-id=\"1yr6x7w\" data-start=\"4937\" data-end=\"4971\"><p data-start=\"4940\" data-end=\"4971\">Verificaremos la informaci\u00f3n proporcionada<\/p><\/li><li data-section-id=\"1j985rw\" data-start=\"4972\" data-end=\"5039\"><p data-start=\"4975\" data-end=\"5039\">Eliminaremos o deshabilitaremos el acceso al material en disputa si corresponde<\/p><\/li><\/ol><p data-start=\"5041\" data-end=\"5114\">Podemos contactar a la parte que envi\u00f3 la notificaci\u00f3n si se requiere informaci\u00f3n adicional.<\/p><h1 data-section-id=\"1hzw6tb\" data-start=\"5121\" data-end=\"5148\">Contacto y solicitud de eliminaci\u00f3n<\/h1><p data-start=\"5150\" data-end=\"5227\">Puedes enviar solicitudes de eliminaci\u00f3n o notificaciones DMCA utilizando el formulario de contacto a continuaci\u00f3n.<\/p><p data-start=\"5229\" data-end=\"5273\">Alternativamente, puedes enviar tu solicitud a:<\/p><p data-start=\"5275\" data-end=\"5310\"><strong data-start=\"5275\" data-end=\"5290\">Email DMCA:<\/strong>\u00a0contact@growwithfans.com<\/p><p data-start=\"5312\" data-end=\"5367\">Por favor permite\u00a0<strong data-start=\"5325\" data-end=\"5340\">48\u201372 horas<\/strong>\u00a0para la revisi\u00f3n y el procesamiento.<\/p>\t\t\t\t\t\t\t\t<\/div>\n\t\t\t\t<div class=\"elementor-element elementor-element-b8a35d4 elementor-button-align-stretch elementor-widget elementor-widget-form\" data-id=\"b8a35d4\" data-element_type=\"widget\" data-e-type=\"widget\" data-settings=\"{&quot;step_next_label&quot;:&quot;Next&quot;,&quot;step_previous_label&quot;:&quot;Previous&quot;,&quot;button_width&quot;:&quot;100&quot;,&quot;step_type&quot;:&quot;number_text&quot;,&quot;step_icon_shape&quot;:&quot;circle&quot;}\" data-widget_type=\"form.default\">\n\t\t\t\t\t\t\t<form class=\"elementor-form\" method=\"post\" name=\"New Form\" aria-label=\"New Form\">\n\t\t\t<input type=\"hidden\" name=\"post_id\" value=\"21300\"\/>\n\t\t\t<input type=\"hidden\" name=\"form_id\" value=\"b8a35d4\"\/>\n\t\t\t<input type=\"hidden\" name=\"referer_title\" value=\"Aviso DMCA y Pol\u00edtica de Eliminaci\u00f3n de Contenido de Creadores\" \/>\n\n\t\t\t\t\t\t\t<input type=\"hidden\" name=\"queried_id\" value=\"21300\"\/>\n\t\t\t\n\t\t\t<div class=\"elementor-form-fields-wrapper elementor-labels-above\">\n\t\t\t\t\t\t\t\t<div class=\"elementor-field-type-text elementor-field-group elementor-column elementor-field-group-name elementor-col-100\">\n\t\t\t\t\t\t\t\t\t\t\t\t<label for=\"form-field-name\" class=\"elementor-field-label\">\n\t\t\t\t\t\t\t\tNombre\t\t\t\t\t\t\t<\/label>\n\t\t\t\t\t\t\t\t\t\t\t\t\t\t<input size=\"1\" type=\"text\" name=\"form_fields[name]\" id=\"form-field-name\" class=\"elementor-field elementor-size-sm  elementor-field-textual\" placeholder=\"Nombre\">\n\t\t\t\t\t\t\t\t\t\t\t<\/div>\n\t\t\t\t\t\t\t\t<div class=\"elementor-field-type-email elementor-field-group elementor-column elementor-field-group-email elementor-col-100 elementor-field-required\">\n\t\t\t\t\t\t\t\t\t\t\t\t<label for=\"form-field-email\" class=\"elementor-field-label\">\n\t\t\t\t\t\t\t\tEmail\t\t\t\t\t\t\t<\/label>\n\t\t\t\t\t\t\t\t\t\t\t\t\t\t<input size=\"1\" type=\"email\" name=\"form_fields[email]\" id=\"form-field-email\" class=\"elementor-field elementor-size-sm  elementor-field-textual\" placeholder=\"Email\" required=\"required\">\n\t\t\t\t\t\t\t\t\t\t\t<\/div>\n\t\t\t\t\t\t\t\t<div class=\"elementor-field-type-url elementor-field-group elementor-column elementor-field-group-field_7e3c8b6 elementor-col-100 elementor-field-required\">\n\t\t\t\t\t\t\t\t\t\t\t\t<label for=\"form-field-field_7e3c8b6\" class=\"elementor-field-label\">\n\t\t\t\t\t\t\t\tURL en nuestro sitio web\t\t\t\t\t\t\t<\/label>\n\t\t\t\t\t\t\t\t\t\t\t\t\t\t<input size=\"1\" type=\"url\" name=\"form_fields[field_7e3c8b6]\" id=\"form-field-field_7e3c8b6\" class=\"elementor-field elementor-size-sm  elementor-field-textual\" placeholder=\"URL en nuestro sitio web\" required=\"required\">\n\t\t\t\t\t\t\t\t\t\t\t<\/div>\n\t\t\t\t\t\t\t\t<div class=\"elementor-field-type-url elementor-field-group elementor-column elementor-field-group-field_a1af008 elementor-col-100 elementor-field-required\">\n\t\t\t\t\t\t\t\t\t\t\t\t<label for=\"form-field-field_a1af008\" class=\"elementor-field-label\">\n\t\t\t\t\t\t\t\tURL del perfil oficial del creador\t\t\t\t\t\t\t<\/label>\n\t\t\t\t\t\t\t\t\t\t\t\t\t\t<input size=\"1\" type=\"url\" name=\"form_fields[field_a1af008]\" id=\"form-field-field_a1af008\" class=\"elementor-field elementor-size-sm  elementor-field-textual\" placeholder=\"URL del perfil oficial del creador\" required=\"required\">\n\t\t\t\t\t\t\t\t\t\t\t<\/div>\n\t\t\t\t\t\t\t\t<div class=\"elementor-field-type-select elementor-field-group elementor-column elementor-field-group-field_03f0bfc elementor-col-100 elementor-field-required\">\n\t\t\t\t\t\t\t\t\t\t\t\t<label for=\"form-field-field_03f0bfc\" class=\"elementor-field-label\">\n\t\t\t\t\t\t\t\tMotivo de la solicitud\t\t\t\t\t\t\t<\/label>\n\t\t\t\t\t\t\t\t<div class=\"elementor-field elementor-select-wrapper remove-before \">\n\t\t\t<div class=\"select-caret-down-wrapper\">\n\t\t\t\t<svg aria-hidden=\"true\" class=\"e-font-icon-svg e-eicon-caret-down\" viewBox=\"0 0 571.4 571.4\" xmlns=\"http:\/\/www.w3.org\/2000\/svg\"><path d=\"M571 393Q571 407 561 418L311 668Q300 679 286 679T261 668L11 418Q0 407 0 393T11 368 36 357H536Q550 357 561 368T571 393Z\"><\/path><\/svg>\t\t\t<\/div>\n\t\t\t<select name=\"form_fields[field_03f0bfc]\" id=\"form-field-field_03f0bfc\" class=\"elementor-field-textual elementor-size-sm\" required=\"required\">\n\t\t\t\t\t\t\t\t\t<option value=\"Reclamaci\u00f3n de derechos de autor\">Reclamaci\u00f3n de derechos de autor<\/option>\n\t\t\t\t\t\t\t\t\t<option value=\"Exclusi\u00f3n voluntaria del creador\">Exclusi\u00f3n voluntaria del creador<\/option>\n\t\t\t\t\t\t\t\t\t<option value=\"Otro\">Otro<\/option>\n\t\t\t\t\t\t\t<\/select>\n\t\t<\/div>\n\t\t\t\t\t\t<\/div>\n\t\t\t\t\t\t\t\t<div class=\"elementor-field-type-textarea elementor-field-group elementor-column elementor-field-group-message elementor-col-100\">\n\t\t\t\t\t\t\t\t\t\t\t\t<label for=\"form-field-message\" class=\"elementor-field-label\">\n\t\t\t\t\t\t\t\tMensaje\t\t\t\t\t\t\t<\/label>\n\t\t\t\t\t\t<textarea class=\"elementor-field-textual elementor-field  elementor-size-sm\" name=\"form_fields[message]\" id=\"form-field-message\" rows=\"4\" placeholder=\"Mensaje\"><\/textarea>\t\t\t\t<\/div>\n\t\t\t\t\t\t\t\t<div class=\"elementor-field-type-acceptance elementor-field-group elementor-column elementor-field-group-field_7e8be7b elementor-col-100 elementor-field-required\">\n\t\t\t\t\t\t\t<div class=\"elementor-field-subgroup\">\n\t\t\t<span class=\"elementor-field-option\">\n\t\t\t\t<input type=\"checkbox\" name=\"form_fields[field_7e8be7b]\" id=\"form-field-field_7e8be7b\" class=\"elementor-field elementor-size-sm  elementor-acceptance-field\" required=\"required\">\n\t\t\t\t<label for=\"form-field-field_7e8be7b\">Confirmo que la informaci\u00f3n proporcionada es correcta y que estoy autorizado\/a para enviar esta solicitud.<\/label>\t\t\t<\/span>\n\t\t<\/div>\n\t\t\t\t\t\t<\/div>\n\t\t\t\t\t\t\t\t<div class=\"elementor-field-group elementor-column elementor-field-type-submit elementor-col-100 e-form__buttons\">\n\t\t\t\t\t<button class=\"elementor-button elementor-size-sm\" type=\"submit\">\n\t\t\t\t\t\t<span class=\"elementor-button-content-wrapper\">\n\t\t\t\t\t\t\t\t\t\t\t\t\t\t\t\t\t\t\t\t\t\t<span class=\"elementor-button-text\">Enviar<\/span>\n\t\t\t\t\t\t\t\t\t\t\t\t\t<\/span>\n\t\t\t\t\t<\/button>\n\t\t\t\t<\/div>\n\t\t\t<\/div>\n\t\t<\/form>\n\t\t\t\t\t\t<\/div>\n\t\t\t\t<div class=\"elementor-element elementor-element-5d8d886 elementor-widget elementor-widget-spacer\" data-id=\"5d8d886\" data-element_type=\"widget\" data-e-type=\"widget\" data-widget_type=\"spacer.default\">\n\t\t\t\t\t\t\t<div class=\"elementor-spacer\">\n\t\t\t<div class=\"elementor-spacer-inner\"><\/div>\n\t\t<\/div>\n\t\t\t\t\t\t<\/div>\n\t\t\t\t\t<\/div>\n\t\t\t\t<\/div>\n\t\t\t\t<\/div>\n\t\t","protected":false},"excerpt":{"rendered":"<p>Respetamos los derechos de propiedad intelectual de terceros y estamos comprometidos a responder ante inquietudes v\u00e1lidas relacionadas con derechos de autor. Este sitio web funciona como un\u00a0directorio y plataforma de b\u00fasqueda para descubrir creadores, ayudando a los usuarios a encontrar perfiles p\u00fablicos de creadores y navegar hacia plataformas externas como OnlyFans y servicios similares. Nosotros\u00a0no [&hellip;]<\/p>\n","protected":false},"author":2,"featured_media":0,"parent":0,"menu_order":0,"comment_status":"closed","ping_status":"closed","template":"","meta":{"_acf_changed":false,"footnotes":""},"class_list":["post-21300","page","type-page","status-publish","hentry"],"acf":[],"aioseo_notices":[],"_links":{"self":[{"href":"https:\/\/topofmodels.com\/es\/wp-json\/wp\/v2\/pages\/21300","targetHints":{"allow":["GET"]}}],"collection":[{"href":"https:\/\/topofmodels.com\/es\/wp-json\/wp\/v2\/pages"}],"about":[{"href":"https:\/\/topofmodels.com\/es\/wp-json\/wp\/v2\/types\/page"}],"author":[{"embeddable":true,"href":"https:\/\/topofmodels.com\/es\/wp-json\/wp\/v2\/users\/2"}],"replies":[{"embeddable":true,"href":"https:\/\/topofmodels.com\/es\/wp-json\/wp\/v2\/comments?post=21300"}],"version-history":[{"count":5,"href":"https:\/\/topofmodels.com\/es\/wp-json\/wp\/v2\/pages\/21300\/revisions"}],"predecessor-version":[{"id":23002,"href":"https:\/\/topofmodels.com\/es\/wp-json\/wp\/v2\/pages\/21300\/revisions\/23002"}],"wp:attachment":[{"href":"https:\/\/topofmodels.com\/es\/wp-json\/wp\/v2\/media?parent=21300"}],"curies":[{"name":"wp","href":"https:\/\/api.w.org\/{rel}","templated":true}]}}