{"id":21228,"date":"2026-01-16T15:45:30","date_gmt":"2026-01-16T15:45:30","guid":{"rendered":"https:\/\/topofmodels.com\/?page_id=21228"},"modified":"2026-02-09T18:54:55","modified_gmt":"2026-02-09T18:54:55","slug":"politica-de-cookies","status":"publish","type":"page","link":"https:\/\/topofmodels.com\/es\/politica-de-cookies\/","title":{"rendered":"Pol\u00edtica de Cookies"},"content":{"rendered":"<p>En este sitio web recopilamos y utilizamos la informaci\u00f3n tal como se indica en nuestra Pol\u00edtica de Privacidad. Una de las formas en las que recopilamos informaci\u00f3n es mediante el uso de una tecnolog\u00eda denominada \u201ccookies\u201d. En TOP OnlyFans Models, las cookies se utilizan para diferentes finalidades.<\/p>\n<h3>\u00bfQu\u00e9 es una cookie?<\/h3>\n<p>Una \u201ccookie\u201d es una peque\u00f1a cantidad de texto que se almacena en tu navegador (como Google Chrome o Apple Safari) cuando visitas la mayor\u00eda de los sitios web.<\/p>\n<h3>\u00bfQu\u00e9 NO es una cookie?<\/h3>\n<p>No es un virus, ni un troyano, ni un gusano, ni spam, ni spyware, ni abre ventanas emergentes (pop-ups).<\/p>\n<h3>\u00bfQu\u00e9 informaci\u00f3n almacena una cookie?<\/h3>\n<p>Las cookies no suelen almacenar informaci\u00f3n sensible sobre ti, como datos de tarjetas de cr\u00e9dito o bancarios, fotograf\u00edas o informaci\u00f3n personal. Los datos que almacenan son de car\u00e1cter t\u00e9cnico, estad\u00edstico, preferencias personales, personalizaci\u00f3n de contenidos, entre otros.<\/p>\n<p>El servidor web no te asocia como persona, sino a tu navegador web. De hecho, si navegas habitualmente con el navegador Chrome y accedes a este mismo sitio web con Firefox, comprobar\u00e1s que el sitio no reconoce que eres la misma persona, ya que la informaci\u00f3n se asocia al navegador y no al usuario.<\/p>\n<h3>\u00bfQu\u00e9 tipos de cookies existen?<\/h3>\n<ul>\n<li>Cookies t\u00e9cnicas: Son las m\u00e1s b\u00e1sicas y permiten, entre otras cosas, saber cu\u00e1ndo navega una persona o una aplicaci\u00f3n automatizada, cu\u00e1ndo navega un usuario an\u00f3nimo o registrado, y realizar tareas b\u00e1sicas para el correcto funcionamiento de cualquier sitio web din\u00e1mico.<\/li>\n<li>Cookies de an\u00e1lisis: Recopilan informaci\u00f3n sobre el tipo de navegaci\u00f3n que realizas, las secciones que m\u00e1s utilizas, los productos consultados, el tiempo de uso, el idioma, etc.<\/li>\n<li>Cookies publicitarias: Muestran publicidad en funci\u00f3n de tu navegaci\u00f3n, pa\u00eds de origen, idioma, entre otros factores.<\/li>\n<\/ul>\n<p>\u00bfQu\u00e9 son las cookies propias y de terceros?<\/p>\n<p>Las cookies propias son aquellas generadas por la p\u00e1gina que est\u00e1s visitando, mientras que las cookies de terceros son generadas por servicios o proveedores externos como Mailchimp, Mailrelay, Facebook, Twitter, Google Adsense, entre otros.<\/p>\n<h3>\u00bfQu\u00e9 cookies utiliza este sitio web?<\/h3>\n<p>Este sitio web utiliza cookies propias y de terceros. A continuaci\u00f3n, se detallan las cookies que se utilizan en este sitio web:<\/p>\n<h3>Cookies propias:<\/h3>\n<p>Login: Las cookies de inicio de sesi\u00f3n permiten acceder y salir de tu cuenta de TOP OnlyFans Models.<\/p>\n<p>Personalizaci\u00f3n: Las cookies nos ayudan a recordar con qu\u00e9 personas o sitios web has interactuado, para poder mostrarte contenido relacionado.<\/p>\n<p>Preferencias: Las cookies permiten recordar tus ajustes y preferencias, como el idioma preferido o la configuraci\u00f3n de privacidad.<\/p>\n<p>Seguridad: Utilizamos cookies para evitar riesgos de seguridad, principalmente para detectar intentos de acceso no autorizado a tu cuenta de TOP OnlyFans Models.<\/p>\n<h3>Cookies de terceros<\/h3>\n<p>Este sitio web utiliza servicios de an\u00e1lisis, concretamente Google Analytics, para ayudar a analizar el uso que hacen los usuarios del sitio web y mejorar su usabilidad. En ning\u00fan caso estos datos se asocian a informaci\u00f3n que pueda identificar al usuario. Google Analytics es un servicio de an\u00e1lisis web prestado por Google, Inc. El usuario puede consultar aqu\u00ed el tipo de cookies que utiliza Google.<\/p>\n<p>TOP OnlyFans Models utiliza la plataforma de suministro y alojamiento de blogs WordPress, propiedad de la empresa norteamericana Automattic, Inc. Por este motivo, el uso de dichas cookies nunca est\u00e1 bajo el control o gesti\u00f3n directa del responsable del sitio web, pudiendo cambiar su funcionamiento en cualquier momento e incorporar nuevas cookies. Estas cookies tampoco reportan ning\u00fan beneficio directo al responsable de este sitio web. Automattic, Inc. tambi\u00e9n utiliza otras cookies con el fin de identificar y rastrear a los visitantes de los sitios WordPress, conocer su uso del sitio web de Automattic y sus preferencias de acceso, tal como se detalla en la secci\u00f3n \u201cCookies\u201d de su pol\u00edtica de privacidad.<\/p>\n<p>Las cookies de redes sociales de http:\/\/topofmodels.com pueden almacenarse en tu navegador mientras navegas por el sitio web, por ejemplo, cuando utilizas el bot\u00f3n para compartir contenidos de http:\/\/topofmodels.com en una red social.<\/p>\n<p>A continuaci\u00f3n, encontrar\u00e1s informaci\u00f3n sobre las cookies de redes sociales que utiliza este sitio web, seg\u00fan sus propias pol\u00edticas de cookies:<\/p>\n<p>Facebook cookies, m\u00e1s informaci\u00f3n en su <a href=\"https:\/\/www.facebook.com\/policy.php\" rel=\"nofollow \">pol\u00edtica de cookies<\/a><br \/>\nTwitter cookies, m\u00e1s informaci\u00f3n en su <a href=\"https:\/\/help.x.com\/es\/rules-and-policies\/x-rules\" rel=\"nofollow \">pol\u00edtica de cookies<\/a><br \/>\nInstagram cookies, m\u00e1s informaci\u00f3n en su <a href=\"https:\/\/help.instagram.com\/155833707900388\" rel=\"nofollow \">pol\u00edtica de cookies<\/a><br \/>\nLinkedIn cookies, m\u00e1s informaci\u00f3n en su <a href=\"https:\/\/www.linkedin.com\/legal\/privacy-policy\" rel=\"nofollow \">pol\u00edtica de cookies<\/a><br \/>\nPinterest cookies, m\u00e1s informaci\u00f3n en su <a href=\"https:\/\/policy.pinterest.com\/en\/privacy-policy\" rel=\"nofollow \">pol\u00edtica de cookies<\/a><br \/>\nYouTube cookies, m\u00e1s informaci\u00f3n en su <a href=\"https:\/\/safety.google\/privacy\/data\/\" rel=\"nofollow \">pol\u00edtica de cookies<\/a><\/p>\n<h3>Lista de cookies<\/h3>\n<p>Necesarias: Las cookies necesarias ayudan a que una p\u00e1gina web sea utilizable activando funciones b\u00e1sicas como la navegaci\u00f3n por la p\u00e1gina y el acceso a \u00e1reas seguras del sitio web. El sitio web no puede funcionar correctamente sin estas cookies.<\/p>\n<p>Preferencias: Las cookies de preferencias permiten que el sitio web recuerde informaci\u00f3n que modifica el comportamiento o el aspecto de la p\u00e1gina, como tu idioma preferido o la regi\u00f3n en la que te encuentras.<\/p>\n<p>Estad\u00edsticas: Las cookies estad\u00edsticas ayudan a los propietarios de los sitios web a comprender c\u00f3mo interact\u00faan los visitantes con las p\u00e1ginas web, recopilando y proporcionando informaci\u00f3n de forma an\u00f3nima.<\/p>\n<p>Marketing: Las cookies de marketing se utilizan para rastrear a los visitantes en los sitios web. El objetivo es mostrar anuncios relevantes y atractivos para el usuario individual y, por lo tanto, m\u00e1s valiosos para editores y anunciantes externos.<\/p>\n<p>No clasificadas: Las cookies no clasificadas son aquellas que todav\u00eda se encuentran en proceso de clasificaci\u00f3n, junto con los proveedores de cookies individuales.<\/p>\n<h3>\u00bfSe pueden eliminar las cookies?<\/h3>\n<p>S\u00ed, y no solo eliminarlas, sino tambi\u00e9n bloquearlas, de forma general o espec\u00edfica para un dominio determinado.<\/p>\n<p>Para eliminar las cookies de un sitio web debes acceder a la configuraci\u00f3n de tu navegador y all\u00ed podr\u00e1s buscar las asociadas al dominio en cuesti\u00f3n y proceder a su eliminaci\u00f3n.<\/p>\n<ul>\n<li>Configuraci\u00f3n de cookies en <a href=\"https:\/\/support.google.com\/chrome\/bin\/answer.py?hl=es&amp;answer=95647\" target=\"_blank\" rel=\"nofollow noopener noreferrer\">Google Chrome<\/a><\/li>\n<li>Configuraci\u00f3n de cookies en <a href=\"https:\/\/support.apple.com\/es-es\/HT201265\" target=\"_blank\" rel=\"nofollow noopener noreferrer\">Apple Safari<\/a><\/li>\n<li>Configuraci\u00f3n de cookies en <a href=\"https:\/\/support.microsoft.com\/en-us\/help\/17442\/windows-internet-explorer-delete-manage-cookies#ie=ie-10\" target=\"_blank\" rel=\"nofollow noopener noreferrer\">Internet Explorer<\/a><\/li>\n<li>Configuraci\u00f3n de cookies en <a href=\"https:\/\/support.mozilla.org\/es\/kb\/habilitar-y-deshabilitar-cookies-sitios-web-rastrear-preferencias?redirectlocale=es&amp;redirectslug=habilitar-y-deshabilitar-cookies-que-los-sitios-we\" target=\"_blank\" rel=\"nofollow noopener noreferrer\">Mozilla Firefox<\/a><\/li>\n<\/ul>\n<p>Si lo deseas, puedes desactivar el seguimiento de Google Analytics mediante este <a href=\"https:\/\/tools.google.com\/dlpage\/gaoptout\" rel=\"nofollow \">complemento para el navegador ofrecido por Google<\/a>.<\/p>\n<h3>M\u00e1s informaci\u00f3n sobre las cookies<\/h3>\n<p>Puedes consultar la normativa sobre cookies publicada por la Agencia Espa\u00f1ola de Protecci\u00f3n de Datos en su \u201cGu\u00eda sobre el uso de cookies\u201d y obtener m\u00e1s informaci\u00f3n sobre las cookies en Internet en http:\/\/www.aboutcookies.org\/<\/p>\n<p>Si deseas tener un mayor control sobre la instalaci\u00f3n de cookies, puedes instalar programas o complementos en tu navegador, conocidos como herramientas \u201cDo Not Track\u201d, que te permitir\u00e1n elegir qu\u00e9 cookies deseas permitir.<\/p>\n","protected":false},"excerpt":{"rendered":"<p>En este sitio web recopilamos y utilizamos la informaci\u00f3n tal como se indica en nuestra Pol\u00edtica de Privacidad. Una de las formas en las que recopilamos informaci\u00f3n es mediante el uso de una tecnolog\u00eda denominada \u201ccookies\u201d. En TOP OnlyFans Models, las cookies se utilizan para diferentes finalidades. \u00bfQu\u00e9 es una cookie? Una \u201ccookie\u201d es una [&hellip;]<\/p>\n","protected":false},"author":2,"featured_media":0,"parent":0,"menu_order":0,"comment_status":"closed","ping_status":"closed","template":"","meta":{"_acf_changed":false,"footnotes":""},"class_list":["post-21228","page","type-page","status-publish","hentry"],"acf":[],"aioseo_notices":[],"_links":{"self":[{"href":"https:\/\/topofmodels.com\/es\/wp-json\/wp\/v2\/pages\/21228","targetHints":{"allow":["GET"]}}],"collection":[{"href":"https:\/\/topofmodels.com\/es\/wp-json\/wp\/v2\/pages"}],"about":[{"href":"https:\/\/topofmodels.com\/es\/wp-json\/wp\/v2\/types\/page"}],"author":[{"embeddable":true,"href":"https:\/\/topofmodels.com\/es\/wp-json\/wp\/v2\/users\/2"}],"replies":[{"embeddable":true,"href":"https:\/\/topofmodels.com\/es\/wp-json\/wp\/v2\/comments?post=21228"}],"version-history":[{"count":2,"href":"https:\/\/topofmodels.com\/es\/wp-json\/wp\/v2\/pages\/21228\/revisions"}],"predecessor-version":[{"id":21283,"href":"https:\/\/topofmodels.com\/es\/wp-json\/wp\/v2\/pages\/21228\/revisions\/21283"}],"wp:attachment":[{"href":"https:\/\/topofmodels.com\/es\/wp-json\/wp\/v2\/media?parent=21228"}],"curies":[{"name":"wp","href":"https:\/\/api.w.org\/{rel}","templated":true}]}}