{"id":21727,"date":"2026-01-07T19:18:08","date_gmt":"2026-01-07T19:18:08","guid":{"rendered":"https:\/\/topofmodels.com\/?page_id=21727"},"modified":"2026-02-18T13:23:12","modified_gmt":"2026-02-18T13:23:12","slug":"datenschutzrichtlinie","status":"publish","type":"page","link":"https:\/\/topofmodels.com\/de\/datenschutzrichtlinie\/","title":{"rendered":"Datenschutzrichtlinie"},"content":{"rendered":"<p>Ihre Privatsph\u00e4re ist mir wichtig. In dieser Datenschutzerkl\u00e4rung erl\u00e4utere ich, welche personenbezogenen Daten ich von meinen Nutzern erhebe und wie ich diese verwende. Ich empfehle Ihnen, diese Bedingungen sorgf\u00e4ltig zu lesen, bevor Sie Ihre personenbezogenen Daten auf dieser Website angeben. Personen \u00fcber dreizehn Jahren k\u00f6nnen sich auf http:\/\/topofmodels.com<br \/>\n als Nutzer registrieren, ohne dass die vorherige Zustimmung ihrer Eltern oder Erziehungsberechtigten erforderlich ist. Im Falle von Kindern unter dreizehn Jahren ist f\u00fcr die Verarbeitung ihrer personenbezogenen Daten die Zustimmung der Eltern oder Erziehungsberechtigten erforderlich. In keinem Fall werden vom Minderj\u00e4hrigen Daten \u00fcber die berufliche oder wirtschaftliche Situation oder die Privatsph\u00e4re anderer Familienmitglieder ohne deren Zustimmung erhoben. Wenn Sie unter dreizehn Jahre alt sind und diese Website ohne Benachrichtigung Ihrer Eltern besucht haben, d\u00fcrfen Sie sich nicht als Nutzer registrieren. Auf dieser Website werden die personenbezogenen Daten der Nutzer respektiert und gesch\u00fctzt. Als Nutzer sollten Sie wissen, dass Ihre Rechte gew\u00e4hrleistet sind. Ich habe mich bem\u00fcht, einen sicheren und vertrauensw\u00fcrdigen Raum zu schaffen, und m\u00f6chte daher meine Grunds\u00e4tze in Bezug auf Ihre Privatsph\u00e4re mit Ihnen teilen:<\/p>\n<ul>\n<li>Ich fordere niemals personenbezogene Informationen an, es sei denn, sie sind wirklich erforderlich, um Ihnen die gew\u00fcnschten Dienstleistungen bereitzustellen.<\/li>\n<li>Ich gebe personenbezogene Daten meiner Nutzer niemals an Dritte weiter, au\u00dfer zur Erf\u00fcllung gesetzlicher Verpflichtungen oder mit Ihrer ausdr\u00fccklichen Zustimmung.<\/li>\n<li>Ich verwende Ihre personenbezogenen Daten niemals f\u00fcr andere Zwecke als die in dieser Datenschutzerkl\u00e4rung angegebenen.<\/li>\n<\/ul>\n<p> Bitte beachten Sie, dass diese Datenschutzerkl\u00e4rung je nach gesetzlichen Anforderungen oder Selbstregulierung ge\u00e4ndert werden kann. Nutzer werden daher gebeten, sie regelm\u00e4\u00dfig zu \u00fcberpr\u00fcfen. Sie gilt, wenn Nutzer eines der Kontaktformulare ausf\u00fcllen, in denen personenbezogene Daten erhoben werden. TOP OnlyFans Models hat diese Website an die Anforderungen des spanischen Organgesetzes 15\/1999 vom 13. Dezember zum Schutz personenbezogener Daten (LOPD) sowie an das K\u00f6nigliche Dekret 1720\/2007 vom 21. Dezember, bekannt als Durchf\u00fchrungsverordnung zur LOPD, angepasst. Dar\u00fcber hinaus entspricht sie der Verordnung (EU) 2016\/679 des Europ\u00e4ischen Parlaments und des Rates vom 27. April 2016 (DSGVO) sowie dem Gesetz 34\/2002 vom 11. Juli \u00fcber Dienste der Informationsgesellschaft und elektronischen Gesch\u00e4ftsverkehr (LSSICE oder LSSI). <\/p>\n<h3>Verantwortlicher f\u00fcr die Verarbeitung Ihrer personenbezogenen Daten<\/h3>\n<ul>\n<li>Handelsname: TOP OnlyFans Models<\/li>\n<li>Website: http:\/\/topofmodels.com<\/li>\n<li>E-Mail: contact@topofmodels.com<\/li>\n<li>T\u00e4tigkeit: Ver\u00f6ffentlichung von Inhalten \u00fcber einen Blog<\/li>\n<\/ul>\n<p> Im Sinne der oben genannten Datenschutz-Grundverordnung werden die personenbezogenen Daten, die Sie mir \u00fcber die Webformulare \u00fcbermitteln, als \u201eWebsite-Nutzer und Abonnenten\u201c verarbeitet. F\u00fcr die Verarbeitung der Daten meiner Nutzer setze ich alle technischen und organisatorischen Sicherheitsma\u00dfnahmen um, die nach geltendem Recht vorgeschrieben sind. <\/p>\n<h3>Grunds\u00e4tze, die ich bei der Verarbeitung Ihrer personenbezogenen Daten anwenden werde<\/h3>\n<p> Bei der Verarbeitung Ihrer personenbezogenen Daten wende ich die folgenden Grunds\u00e4tze an, die den Anforderungen der neuen europ\u00e4ischen Datenschutzverordnung entsprechen: <\/p>\n<ul>\n<li>Grundsatz der Rechtm\u00e4\u00dfigkeit, Fairness und Transparenz: Ich werde stets Ihre Einwilligung zur Verarbeitung Ihrer personenbezogenen Daten f\u00fcr einen oder mehrere bestimmte Zwecke einholen, \u00fcber die ich Sie im Voraus klar und transparent informiere.<\/li>\n<li>Grundsatz der Datenminimierung: Ich erhebe nur die Daten, die f\u00fcr die jeweiligen Zwecke unbedingt erforderlich sind. So wenig wie m\u00f6glich.<\/li>\n<li>Grundsatz der Speicherbegrenzung: Die Daten werden nicht l\u00e4nger gespeichert, als es f\u00fcr die Zwecke der Verarbeitung erforderlich ist. Je nach Zweck informiere ich Sie \u00fcber die entsprechende Speicherdauer. Im Falle von Abonnements \u00fcberpr\u00fcfe ich meine Listen regelm\u00e4\u00dfig und l\u00f6sche Datens\u00e4tze, die \u00fcber einen l\u00e4ngeren Zeitraum inaktiv waren.<\/li>\n<li>Grundsatz der Integrit\u00e4t und Vertraulichkeit: Ihre Daten werden so verarbeitet, dass eine angemessene Sicherheit und Vertraulichkeit gew\u00e4hrleistet ist. Sie sollten wissen, dass ich alle notwendigen Ma\u00dfnahmen ergreife, um unbefugten Zugriff oder missbr\u00e4uchliche Nutzung der Daten durch Dritte zu verhindern.<\/li>\n<\/ul>\n<h3>Wie habe ich Ihre Daten erhalten?<\/h3>\n<p> Die personenbezogenen Daten, die ich bei TOP OnlyFans Models verarbeite, stammen aus: <\/p>\n<ul>\n<li>Abonnementformular<\/li>\n<li>Blog-Kommentaren<\/li>\n<\/ul>\n<h3>Welche Rechte haben Sie, wenn Sie mir Ihre Daten zur Verf\u00fcgung stellen?<\/h3>\n<p> Jede Person hat das Recht, eine Best\u00e4tigung dar\u00fcber zu erhalten, ob bei TOP OnlyFans Models personenbezogene Daten verarbeitet werden, die sie betreffen. Betroffene Personen haben das Recht: <\/p>\n<ul>\n<li>Auskunft \u00fcber die sie betreffenden personenbezogenen Daten zu verlangen<\/li>\n<li>Berichtigung oder L\u00f6schung zu verlangen<\/li>\n<li>Einschr\u00e4nkung der Verarbeitung zu verlangen<\/li>\n<li>Widerspruch gegen die Verarbeitung einzulegen<\/li>\n<li>Daten\u00fcbertragbarkeit zu verlangen<\/li>\n<\/ul>\n<p> Betroffene Personen k\u00f6nnen auf ihre personenbezogenen Daten zugreifen sowie die Berichtigung unrichtiger Daten oder gegebenenfalls deren L\u00f6schung verlangen, wenn die Daten unter anderem f\u00fcr die Zwecke, f\u00fcr die sie erhoben wurden, nicht mehr erforderlich sind. Unter bestimmten Umst\u00e4nden k\u00f6nnen betroffene Personen die Einschr\u00e4nkung der Verarbeitung ihrer Daten verlangen; in diesem Fall werde ich die Daten nur zur Geltendmachung oder Verteidigung von Rechtsanspr\u00fcchen speichern. Unter bestimmten Umst\u00e4nden und aus Gr\u00fcnden, die sich aus ihrer besonderen Situation ergeben, k\u00f6nnen betroffene Personen der Verarbeitung ihrer Daten widersprechen. TOP OnlyFans Models wird die Verarbeitung der Daten einstellen, es sei denn, es liegen zwingende schutzw\u00fcrdige Gr\u00fcnde vor oder die Verarbeitung dient der Geltendmachung oder Verteidigung von Rechtsanspr\u00fcchen. Als betroffene Person haben Sie das Recht, die Sie betreffenden personenbezogenen Daten, die Sie mir bereitgestellt haben, in einem strukturierten, g\u00e4ngigen und maschinenlesbaren Format zu erhalten und diese an einen anderen Verantwortlichen zu \u00fcbermitteln, wenn: <\/p>\n<ul>\n<li>Die Verarbeitung auf einer Einwilligung beruht<\/li>\n<li>Die Daten von der betroffenen Person bereitgestellt wurden<\/li>\n<li>Die Verarbeitung mithilfe automatisierter Verfahren erfolgt<\/li>\n<\/ul>\n<p> Bei Aus\u00fcbung Ihres Rechts auf Daten\u00fcbertragbarkeit haben Sie das Recht, dass die personenbezogenen Daten, sofern technisch m\u00f6glich, direkt von einem Verantwortlichen an einen anderen \u00fcbermittelt werden. Betroffene Personen haben au\u00dferdem das Recht auf einen wirksamen gerichtlichen Rechtsbehelf sowie das Recht, eine Beschwerde bei der zust\u00e4ndigen Aufsichtsbeh\u00f6rde \u2013 in diesem Fall der spanischen Datenschutzbeh\u00f6rde \u2013 einzureichen, wenn sie der Ansicht sind, dass die Verarbeitung der sie betreffenden personenbezogenen Daten gegen die Verordnung verst\u00f6\u00dft.<\/p>\n","protected":false},"excerpt":{"rendered":"<p>Ihre Privatsph\u00e4re ist mir wichtig. In dieser Datenschutzerkl\u00e4rung erl\u00e4utere ich, welche personenbezogenen Daten ich von meinen Nutzern erhebe und wie ich diese verwende. Ich empfehle Ihnen, diese Bedingungen sorgf\u00e4ltig zu lesen, bevor Sie Ihre personenbezogenen Daten auf dieser Website angeben. Personen \u00fcber dreizehn Jahren k\u00f6nnen sich auf http:\/\/topofmodels.com als Nutzer registrieren, ohne dass die vorherige [&hellip;]<\/p>\n","protected":false},"author":2,"featured_media":0,"parent":0,"menu_order":0,"comment_status":"closed","ping_status":"open","template":"","meta":{"_acf_changed":false,"footnotes":""},"class_list":["post-21727","page","type-page","status-publish","hentry"],"acf":[],"aioseo_notices":[],"_links":{"self":[{"href":"https:\/\/topofmodels.com\/de\/wp-json\/wp\/v2\/pages\/21727","targetHints":{"allow":["GET"]}}],"collection":[{"href":"https:\/\/topofmodels.com\/de\/wp-json\/wp\/v2\/pages"}],"about":[{"href":"https:\/\/topofmodels.com\/de\/wp-json\/wp\/v2\/types\/page"}],"author":[{"embeddable":true,"href":"https:\/\/topofmodels.com\/de\/wp-json\/wp\/v2\/users\/2"}],"replies":[{"embeddable":true,"href":"https:\/\/topofmodels.com\/de\/wp-json\/wp\/v2\/comments?post=21727"}],"version-history":[{"count":1,"href":"https:\/\/topofmodels.com\/de\/wp-json\/wp\/v2\/pages\/21727\/revisions"}],"predecessor-version":[{"id":21728,"href":"https:\/\/topofmodels.com\/de\/wp-json\/wp\/v2\/pages\/21727\/revisions\/21728"}],"wp:attachment":[{"href":"https:\/\/topofmodels.com\/de\/wp-json\/wp\/v2\/media?parent=21727"}],"curies":[{"name":"wp","href":"https:\/\/api.w.org\/{rel}","templated":true}]}}