{"id":21313,"date":"2026-01-16T15:37:11","date_gmt":"2026-01-16T15:37:11","guid":{"rendered":"https:\/\/topofmodels.com\/?page_id=21313"},"modified":"2026-03-17T18:08:20","modified_gmt":"2026-03-17T18:08:20","slug":"dmca-entfernung-von-inhalten","status":"publish","type":"page","link":"https:\/\/topofmodels.com\/de\/dmca-entfernung-von-inhalten\/","title":{"rendered":"DMCA-Hinweis und Richtlinie zur Entfernung von Creator-Inhalten"},"content":{"rendered":"\t\t<div data-elementor-type=\"wp-page\" data-elementor-id=\"21313\" class=\"elementor elementor-21313 elementor-279\" data-elementor-post-type=\"page\">\n\t\t\t\t<div class=\"elementor-element elementor-element-be41dfc e-flex e-con-boxed e-con e-parent\" data-id=\"be41dfc\" data-element_type=\"container\" data-e-type=\"container\">\n\t\t\t\t\t<div class=\"e-con-inner\">\n\t\t\t\t<div class=\"elementor-element elementor-element-1a78ca5 elementor-widget elementor-widget-text-editor\" data-id=\"1a78ca5\" data-element_type=\"widget\" data-e-type=\"widget\" data-widget_type=\"text-editor.default\">\n\t\t\t\t\t\t\t\t\t<p data-start=\"956\" data-end=\"1070\">Wir respektieren die geistigen Eigentumsrechte anderer und verpflichten uns, auf berechtigte urheberrechtliche Anliegen zu reagieren.<\/p><p data-start=\"1072\" data-end=\"1268\">Diese Website fungiert als ein\u00a0<strong data-start=\"1099\" data-end=\"1150\">Verzeichnis und eine Suchplattform zur Entdeckung von Creators<\/strong>, die Nutzern hilft, \u00f6ffentliche Creator-Profile zu finden und zu externen Plattformen wie OnlyFans und \u00e4hnlichen Diensten zu navigieren.<\/p><p data-start=\"1270\" data-end=\"1504\">Wir\u00a0<strong data-start=\"1273\" data-end=\"1347\">hosten oder speichern keine urheberrechtlich gesch\u00fctzten Medien von externen Creator-Plattformen<\/strong>. Die Eintr\u00e4ge auf dieser Website bestehen in der Regel aus \u00f6ffentlich zug\u00e4nglichen Profilinformationen, Links und beschreibenden Texten, die Nutzern helfen sollen, Creators zu entdecken.<\/p><p data-start=\"1506\" data-end=\"1709\">Wenn Sie der Meinung sind, dass Ihr urheberrechtlich gesch\u00fctztes Werk in einer Weise erw\u00e4hnt wurde, die Ihre Rechte verletzt, oder wenn Sie ein Creator sind, der es vorzieht, nicht aufgelistet zu werden, k\u00f6nnen Sie jederzeit eine Entfernung beantragen.<\/p><h1 data-section-id=\"2tw6eu\" data-start=\"1716\" data-end=\"1736\">\u00dcber diese Website<\/h1><p data-start=\"1738\" data-end=\"1957\">Unsere Plattform funktioniert \u00e4hnlich wie eine\u00a0<strong data-start=\"1776\" data-end=\"1806\">Suchmaschine oder ein Verzeichnis<\/strong>. Wir organisieren \u00f6ffentlich verf\u00fcgbare Informationen \u00fcber Creators, damit Nutzer Profile leicht entdecken und zur offiziellen Plattform des Creators navigieren k\u00f6nnen.<\/p><p data-start=\"1959\" data-end=\"2082\">Alle Transaktionen, Abonnements und der Konsum von Inhalten erfolgen auf der\u00a0<strong data-start=\"2029\" data-end=\"2060\">offiziellen Plattform des Creators<\/strong>, nicht auf dieser Website.<\/p><p data-start=\"2084\" data-end=\"2177\">Wir respektieren die Pr\u00e4ferenzen der Creators und bearbeiten berechtigte Entfernungsanfragen schnell.<\/p><h1 data-section-id=\"18lwxys\" data-start=\"2184\" data-end=\"2220\">Urheberrechtsrichtlinie (DMCA-Konformit\u00e4t)<\/h1><p data-start=\"2222\" data-end=\"2362\">In \u00dcbereinstimmung mit dem\u00a0<strong data-start=\"2245\" data-end=\"2304\">Digital Millennium Copyright Act (DMCA), 17 U.S.C. \u00a7512<\/strong>\u00a0reagieren wir auf Hinweise \u00fcber angebliche Urheberrechtsverletzungen.<\/p><p data-start=\"2364\" data-end=\"2528\">Wenn Sie der Meinung sind, dass Inhalte auf dieser Website Ihr Urheberrecht verletzen, k\u00f6nnen Sie eine DMCA-Mitteilung einreichen und die Entfernung oder Deaktivierung des Zugangs zum betreffenden Material verlangen.<\/p><p data-start=\"2530\" data-end=\"2669\">Nach Erhalt einer g\u00fcltigen Mitteilung werden wir den Anspruch pr\u00fcfen und geeignete Ma\u00dfnahmen ergreifen, einschlie\u00dflich der m\u00f6glichen Entfernung des beanstandeten Materials.<\/p><h1 data-section-id=\"7sl8qi\" data-start=\"2676\" data-end=\"2713\">Einhaltung des Urheberrechts in der Europ\u00e4ischen Union<\/h1><p data-start=\"2715\" data-end=\"2835\">F\u00fcr Nutzer und Rechteinhaber innerhalb der Europ\u00e4ischen Union halten wir uns au\u00dferdem an die geltenden Urheberrechtsgesetze, darunter:<\/p><ul data-start=\"2837\" data-end=\"2994\"><li data-section-id=\"11xodiu\" data-start=\"2837\" data-end=\"2883\"><p data-start=\"2839\" data-end=\"2883\"><strong data-start=\"2839\" data-end=\"2883\">Richtlinie 2001\/29\/EG (InfoSoc-Richtlinie)<\/strong><\/p><\/li><li data-section-id=\"1t5rrig\" data-start=\"2884\" data-end=\"2924\"><p data-start=\"2886\" data-end=\"2924\"><strong data-start=\"2886\" data-end=\"2924\">Richtlinie 2019\/790 (DSM-Richtlinie)<\/strong><\/p><\/li><li data-section-id=\"y97e5x\" data-start=\"2925\" data-end=\"2994\"><p data-start=\"2927\" data-end=\"2994\">Relevante Bestimmungen der\u00a0<strong data-start=\"2957\" data-end=\"2994\">E-Commerce-Richtlinie (2000\/31\/EG)<\/strong><\/p><\/li><\/ul><p data-start=\"2996\" data-end=\"3169\">Wenn wir eine g\u00fcltige Mitteilung von einem Rechteinhaber innerhalb der EU erhalten, werden wir den Anspruch umgehend pr\u00fcfen und gegebenenfalls den Zugang zum betreffenden Material entfernen oder deaktivieren.<\/p><h1 data-section-id=\"59uj4m\" data-start=\"3176\" data-end=\"3211\">Entfernung von Creator-Profilen (Opt-Out)<\/h1><p data-start=\"3213\" data-end=\"3292\">Creators haben das Recht, die Entfernung ihres Eintrags aus unserem Verzeichnis zu beantragen.<\/p><p data-start=\"3294\" data-end=\"3434\">Wenn Sie Eigent\u00fcmer eines Creator-Kontos sind, das auf dieser Website gelistet ist, und nicht in unseren Listen erscheinen m\u00f6chten, k\u00f6nnen Sie eine Entfernungsanfrage einreichen.<\/p><p data-start=\"3436\" data-end=\"3476\">Um den Prozess zu beschleunigen, geben Sie bitte Folgendes an:<\/p><ul data-start=\"3478\" data-end=\"3604\"><li data-section-id=\"7l1cp7\" data-start=\"3478\" data-end=\"3514\"><p data-start=\"3480\" data-end=\"3514\">Die URL der Seite auf unserer Website<\/p><\/li><li data-section-id=\"p1uu5r\" data-start=\"3515\" data-end=\"3551\"><p data-start=\"3517\" data-end=\"3551\">Den Link zu Ihrem offiziellen Creator-Profil<\/p><\/li><li data-section-id=\"l6if3m\" data-start=\"3552\" data-end=\"3604\"><p data-start=\"3554\" data-end=\"3604\">Eine Best\u00e4tigung, dass Sie der Eigent\u00fcmer des Kontos sind<\/p><\/li><\/ul><p data-start=\"3606\" data-end=\"3675\">Opt-out-Anfragen von Creators werden in der Regel innerhalb von\u00a0<strong data-start=\"3659\" data-end=\"3674\">48\u201372 Stunden<\/strong>\u00a0bearbeitet.<\/p><h1 data-section-id=\"1m015jd\" data-start=\"3682\" data-end=\"3711\">So reichen Sie eine DMCA-Mitteilung ein<\/h1><p data-start=\"3713\" data-end=\"3795\">Um eine Mitteilung \u00fcber eine Urheberrechtsverletzung einzureichen, geben Sie bitte folgende Informationen an:<\/p><ol data-start=\"3797\" data-end=\"4427\"><li data-section-id=\"7tm93z\" data-start=\"3797\" data-end=\"3870\"><p data-start=\"3800\" data-end=\"3870\">Identifikation des urheberrechtlich gesch\u00fctzten Werks, dessen Rechte angeblich verletzt wurden.<\/p><\/li><li data-section-id=\"ju43dt\" data-start=\"3871\" data-end=\"3983\"><p data-start=\"3874\" data-end=\"3983\">Identifikation des Materials auf dieser Website, das angeblich eine Verletzung darstellt, einschlie\u00dflich der\u00a0<strong data-start=\"3969\" data-end=\"3982\">genauen URL<\/strong>.<\/p><\/li><li data-section-id=\"167iura\" data-start=\"3984\" data-end=\"4060\"><p data-start=\"3987\" data-end=\"4060\">Ihr\u00a0<strong data-start=\"3992\" data-end=\"4059\">vollst\u00e4ndiger Name, Postanschrift, Telefonnummer und E-Mail-Adresse<\/strong>.<\/p><\/li><li data-section-id=\"enjn0u\" data-start=\"4061\" data-end=\"4200\"><p data-start=\"4064\" data-end=\"4200\">Eine Erkl\u00e4rung, dass Sie nach\u00a0<strong data-start=\"4092\" data-end=\"4113\">bestem Wissen und Gewissen<\/strong>\u00a0davon ausgehen, dass die beanstandete Nutzung nicht vom Urheberrechtsinhaber, dessen Vertreter oder durch das Gesetz autorisiert ist.<\/p><\/li><li data-section-id=\"10lfvh3\" data-start=\"4201\" data-end=\"4381\"><p data-start=\"4204\" data-end=\"4381\">Eine Erkl\u00e4rung, dass die Angaben in der Mitteilung\u00a0<strong data-start=\"4260\" data-end=\"4272\">korrekt<\/strong>\u00a0sind und dass Sie unter Strafandrohung wegen Meineids der Urheberrechtsinhaber sind oder befugt sind, im Namen des Urheberrechtsinhabers zu handeln.<\/p><\/li><li data-section-id=\"m2xobw\" data-start=\"4382\" data-end=\"4427\"><p data-start=\"4385\" data-end=\"4427\">Ihre\u00a0<strong data-start=\"4390\" data-end=\"4426\">elektronische oder physische Unterschrift<\/strong>.<\/p><\/li><\/ol><h1 data-section-id=\"1g4c5ll\" data-start=\"4434\" data-end=\"4455\">Erforderliche Erkl\u00e4rungen<\/h1><p data-start=\"4457\" data-end=\"4507\">Ihre Mitteilung muss folgende Erkl\u00e4rungen enthalten:<\/p><p data-start=\"4509\" data-end=\"4659\">\u201e<em>Ich bin nach bestem Wissen und Gewissen der \u00dcberzeugung, dass die Nutzung des oben beschriebenen urheberrechtlich gesch\u00fctzten Materials nicht vom Urheberrechtsinhaber, dessen Vertreter oder durch das Gesetz autorisiert ist.<\/em>\u201e<\/p><p data-start=\"4661\" data-end=\"4834\">\u201e<em>Ich erkl\u00e4re unter Strafandrohung wegen Meineids, dass die Angaben in dieser Mitteilung korrekt sind und dass ich der Urheberrechtsinhaber bin oder befugt bin, im Namen des Urheberrechtsinhabers zu handeln.<\/em>\u201e<\/p><h1 data-section-id=\"mgp095\" data-start=\"4841\" data-end=\"4871\">Was nach einer Anfrage passiert<\/h1><p data-start=\"4873\" data-end=\"4913\">Nach Erhalt einer g\u00fcltigen Mitteilung werden wir:<\/p><ol data-start=\"4915\" data-end=\"5039\"><li data-section-id=\"1m22lm0\" data-start=\"4915\" data-end=\"4936\"><p data-start=\"4918\" data-end=\"4936\">Die Anfrage pr\u00fcfen<\/p><\/li><li data-section-id=\"1yr6x7w\" data-start=\"4937\" data-end=\"4971\"><p data-start=\"4940\" data-end=\"4971\">Die bereitgestellten Informationen \u00fcberpr\u00fcfen<\/p><\/li><li data-section-id=\"1j985rw\" data-start=\"4972\" data-end=\"5039\"><p data-start=\"4975\" data-end=\"5039\">Den Zugang zum beanstandeten Material entfernen oder deaktivieren, falls erforderlich<\/p><\/li><\/ol><p data-start=\"5041\" data-end=\"5114\">Wir k\u00f6nnen die meldende Partei kontaktieren, falls zus\u00e4tzliche Informationen erforderlich sind.<\/p><h1 data-section-id=\"1hzw6tb\" data-start=\"5121\" data-end=\"5148\">Kontakt und Entfernungsanfrage<\/h1><p data-start=\"5150\" data-end=\"5227\">Sie k\u00f6nnen Entfernungsanfragen oder DMCA-Mitteilungen \u00fcber das untenstehende Kontaktformular einreichen.<\/p><p data-start=\"5229\" data-end=\"5273\">Alternativ k\u00f6nnen Sie Ihre Anfrage senden an:<\/p><p data-start=\"5275\" data-end=\"5310\"><strong data-start=\"5275\" data-end=\"5290\">DMCA E-Mail:<\/strong>\u00a0contact@growwithfans.com<\/p><p data-start=\"5312\" data-end=\"5367\">Bitte rechnen Sie mit\u00a0<strong data-start=\"5325\" data-end=\"5340\">48\u201372 Stunden<\/strong>\u00a0f\u00fcr die \u00dcberpr\u00fcfung und Bearbeitung.<\/p>\t\t\t\t\t\t\t\t<\/div>\n\t\t\t\t<div class=\"elementor-element elementor-element-aabccf6 elementor-button-align-stretch elementor-widget elementor-widget-form\" data-id=\"aabccf6\" data-element_type=\"widget\" data-e-type=\"widget\" data-settings=\"{&quot;step_next_label&quot;:&quot;Next&quot;,&quot;step_previous_label&quot;:&quot;Previous&quot;,&quot;button_width&quot;:&quot;100&quot;,&quot;step_type&quot;:&quot;number_text&quot;,&quot;step_icon_shape&quot;:&quot;circle&quot;}\" data-widget_type=\"form.default\">\n\t\t\t\t\t\t\t<form class=\"elementor-form\" method=\"post\" name=\"New Form\" aria-label=\"New Form\">\n\t\t\t<input type=\"hidden\" name=\"post_id\" value=\"21313\"\/>\n\t\t\t<input type=\"hidden\" name=\"form_id\" value=\"aabccf6\"\/>\n\t\t\t<input type=\"hidden\" name=\"referer_title\" value=\"DMCA-Hinweis und Richtlinie zur Entfernung von Creator-Inhalten\" \/>\n\n\t\t\t\t\t\t\t<input type=\"hidden\" name=\"queried_id\" value=\"21313\"\/>\n\t\t\t\n\t\t\t<div class=\"elementor-form-fields-wrapper elementor-labels-above\">\n\t\t\t\t\t\t\t\t<div class=\"elementor-field-type-text elementor-field-group elementor-column elementor-field-group-name elementor-col-100\">\n\t\t\t\t\t\t\t\t\t\t\t\t<label for=\"form-field-name\" class=\"elementor-field-label\">\n\t\t\t\t\t\t\t\tName\t\t\t\t\t\t\t<\/label>\n\t\t\t\t\t\t\t\t\t\t\t\t\t\t<input size=\"1\" type=\"text\" name=\"form_fields[name]\" id=\"form-field-name\" class=\"elementor-field elementor-size-sm  elementor-field-textual\" placeholder=\"Name\">\n\t\t\t\t\t\t\t\t\t\t\t<\/div>\n\t\t\t\t\t\t\t\t<div class=\"elementor-field-type-email elementor-field-group elementor-column elementor-field-group-email elementor-col-100 elementor-field-required\">\n\t\t\t\t\t\t\t\t\t\t\t\t<label for=\"form-field-email\" class=\"elementor-field-label\">\n\t\t\t\t\t\t\t\tEmail\t\t\t\t\t\t\t<\/label>\n\t\t\t\t\t\t\t\t\t\t\t\t\t\t<input size=\"1\" type=\"email\" name=\"form_fields[email]\" id=\"form-field-email\" class=\"elementor-field elementor-size-sm  elementor-field-textual\" placeholder=\"Email\" required=\"required\">\n\t\t\t\t\t\t\t\t\t\t\t<\/div>\n\t\t\t\t\t\t\t\t<div class=\"elementor-field-type-url elementor-field-group elementor-column elementor-field-group-field_7e3c8b6 elementor-col-100 elementor-field-required\">\n\t\t\t\t\t\t\t\t\t\t\t\t<label for=\"form-field-field_7e3c8b6\" class=\"elementor-field-label\">\n\t\t\t\t\t\t\t\tURL auf unserer Website\t\t\t\t\t\t\t<\/label>\n\t\t\t\t\t\t\t\t\t\t\t\t\t\t<input size=\"1\" type=\"url\" name=\"form_fields[field_7e3c8b6]\" id=\"form-field-field_7e3c8b6\" class=\"elementor-field elementor-size-sm  elementor-field-textual\" placeholder=\"URL auf unserer Website\" required=\"required\">\n\t\t\t\t\t\t\t\t\t\t\t<\/div>\n\t\t\t\t\t\t\t\t<div class=\"elementor-field-type-url elementor-field-group elementor-column elementor-field-group-field_a1af008 elementor-col-100 elementor-field-required\">\n\t\t\t\t\t\t\t\t\t\t\t\t<label for=\"form-field-field_a1af008\" class=\"elementor-field-label\">\n\t\t\t\t\t\t\t\tOffizielle URL des Urheberprofils\t\t\t\t\t\t\t<\/label>\n\t\t\t\t\t\t\t\t\t\t\t\t\t\t<input size=\"1\" type=\"url\" name=\"form_fields[field_a1af008]\" id=\"form-field-field_a1af008\" class=\"elementor-field elementor-size-sm  elementor-field-textual\" placeholder=\"Offizielle URL des Urheberprofils\" required=\"required\">\n\t\t\t\t\t\t\t\t\t\t\t<\/div>\n\t\t\t\t\t\t\t\t<div class=\"elementor-field-type-select elementor-field-group elementor-column elementor-field-group-field_03f0bfc elementor-col-100 elementor-field-required\">\n\t\t\t\t\t\t\t\t\t\t\t\t<label for=\"form-field-field_03f0bfc\" class=\"elementor-field-label\">\n\t\t\t\t\t\t\t\tGrund der Anfrage\t\t\t\t\t\t\t<\/label>\n\t\t\t\t\t\t\t\t<div class=\"elementor-field elementor-select-wrapper remove-before \">\n\t\t\t<div class=\"select-caret-down-wrapper\">\n\t\t\t\t<svg aria-hidden=\"true\" class=\"e-font-icon-svg e-eicon-caret-down\" viewBox=\"0 0 571.4 571.4\" xmlns=\"http:\/\/www.w3.org\/2000\/svg\"><path d=\"M571 393Q571 407 561 418L311 668Q300 679 286 679T261 668L11 418Q0 407 0 393T11 368 36 357H536Q550 357 561 368T571 393Z\"><\/path><\/svg>\t\t\t<\/div>\n\t\t\t<select name=\"form_fields[field_03f0bfc]\" id=\"form-field-field_03f0bfc\" class=\"elementor-field-textual elementor-size-sm\" required=\"required\">\n\t\t\t\t\t\t\t\t\t<option value=\"Urheberrechtsverletzung\">Urheberrechtsverletzung<\/option>\n\t\t\t\t\t\t\t\t\t<option value=\"Abmeldung des Urhebers\">Abmeldung des Urhebers<\/option>\n\t\t\t\t\t\t\t\t\t<option value=\"Sonstiges\">Sonstiges<\/option>\n\t\t\t\t\t\t\t<\/select>\n\t\t<\/div>\n\t\t\t\t\t\t<\/div>\n\t\t\t\t\t\t\t\t<div class=\"elementor-field-type-textarea elementor-field-group elementor-column elementor-field-group-message elementor-col-100\">\n\t\t\t\t\t\t\t\t\t\t\t\t<label for=\"form-field-message\" class=\"elementor-field-label\">\n\t\t\t\t\t\t\t\tNachricht\t\t\t\t\t\t\t<\/label>\n\t\t\t\t\t\t<textarea class=\"elementor-field-textual elementor-field  elementor-size-sm\" name=\"form_fields[message]\" id=\"form-field-message\" rows=\"4\" placeholder=\"Nachricht\"><\/textarea>\t\t\t\t<\/div>\n\t\t\t\t\t\t\t\t<div class=\"elementor-field-type-acceptance elementor-field-group elementor-column elementor-field-group-field_7e8be7b elementor-col-100 elementor-field-required\">\n\t\t\t\t\t\t\t<div class=\"elementor-field-subgroup\">\n\t\t\t<span class=\"elementor-field-option\">\n\t\t\t\t<input type=\"checkbox\" name=\"form_fields[field_7e8be7b]\" id=\"form-field-field_7e8be7b\" class=\"elementor-field elementor-size-sm  elementor-acceptance-field\" required=\"required\">\n\t\t\t\t<label for=\"form-field-field_7e8be7b\">Ich best\u00e4tige, dass die angegebenen Informationen korrekt sind und ich berechtigt bin, diese Anfrage zu stellen.<\/label>\t\t\t<\/span>\n\t\t<\/div>\n\t\t\t\t\t\t<\/div>\n\t\t\t\t\t\t\t\t<div class=\"elementor-field-group elementor-column elementor-field-type-submit elementor-col-100 e-form__buttons\">\n\t\t\t\t\t<button class=\"elementor-button elementor-size-sm\" type=\"submit\">\n\t\t\t\t\t\t<span class=\"elementor-button-content-wrapper\">\n\t\t\t\t\t\t\t\t\t\t\t\t\t\t\t\t\t\t\t\t\t\t<span class=\"elementor-button-text\">Senden<\/span>\n\t\t\t\t\t\t\t\t\t\t\t\t\t<\/span>\n\t\t\t\t\t<\/button>\n\t\t\t\t<\/div>\n\t\t\t<\/div>\n\t\t<\/form>\n\t\t\t\t\t\t<\/div>\n\t\t\t\t<div class=\"elementor-element elementor-element-5c8aa6a elementor-widget elementor-widget-spacer\" data-id=\"5c8aa6a\" data-element_type=\"widget\" data-e-type=\"widget\" data-widget_type=\"spacer.default\">\n\t\t\t\t\t\t\t<div class=\"elementor-spacer\">\n\t\t\t<div class=\"elementor-spacer-inner\"><\/div>\n\t\t<\/div>\n\t\t\t\t\t\t<\/div>\n\t\t\t\t\t<\/div>\n\t\t\t\t<\/div>\n\t\t\t\t<\/div>\n\t\t","protected":false},"excerpt":{"rendered":"<p>Wir respektieren die geistigen Eigentumsrechte anderer und verpflichten uns, auf berechtigte urheberrechtliche Anliegen zu reagieren. Diese Website fungiert als ein\u00a0Verzeichnis und eine Suchplattform zur Entdeckung von Creators, die Nutzern hilft, \u00f6ffentliche Creator-Profile zu finden und zu externen Plattformen wie OnlyFans und \u00e4hnlichen Diensten zu navigieren. Wir\u00a0hosten oder speichern keine urheberrechtlich gesch\u00fctzten Medien von externen Creator-Plattformen. [&hellip;]<\/p>\n","protected":false},"author":2,"featured_media":0,"parent":0,"menu_order":0,"comment_status":"closed","ping_status":"closed","template":"","meta":{"_acf_changed":false,"footnotes":""},"class_list":["post-21313","page","type-page","status-publish","hentry"],"acf":[],"aioseo_notices":[],"_links":{"self":[{"href":"https:\/\/topofmodels.com\/de\/wp-json\/wp\/v2\/pages\/21313","targetHints":{"allow":["GET"]}}],"collection":[{"href":"https:\/\/topofmodels.com\/de\/wp-json\/wp\/v2\/pages"}],"about":[{"href":"https:\/\/topofmodels.com\/de\/wp-json\/wp\/v2\/types\/page"}],"author":[{"embeddable":true,"href":"https:\/\/topofmodels.com\/de\/wp-json\/wp\/v2\/users\/2"}],"replies":[{"embeddable":true,"href":"https:\/\/topofmodels.com\/de\/wp-json\/wp\/v2\/comments?post=21313"}],"version-history":[{"count":4,"href":"https:\/\/topofmodels.com\/de\/wp-json\/wp\/v2\/pages\/21313\/revisions"}],"predecessor-version":[{"id":22993,"href":"https:\/\/topofmodels.com\/de\/wp-json\/wp\/v2\/pages\/21313\/revisions\/22993"}],"wp:attachment":[{"href":"https:\/\/topofmodels.com\/de\/wp-json\/wp\/v2\/media?parent=21313"}],"curies":[{"name":"wp","href":"https:\/\/api.w.org\/{rel}","templated":true}]}}