{"id":21296,"date":"2026-01-16T15:45:30","date_gmt":"2026-01-16T15:45:30","guid":{"rendered":"https:\/\/topofmodels.com\/?page_id=21296"},"modified":"2026-02-09T19:01:37","modified_gmt":"2026-02-09T19:01:37","slug":"cookie-richtlinie","status":"publish","type":"page","link":"https:\/\/topofmodels.com\/de\/cookie-richtlinie\/","title":{"rendered":"Cookie-Richtlinie"},"content":{"rendered":"<p>Auf dieser Website erheben und verwenden wir Informationen gem\u00e4\u00df unserer Datenschutzerkl\u00e4rung. Eine der Methoden, mit denen wir Informationen sammeln, ist der Einsatz der sogenannten \u201eCookies\u201c. Bei TOP OnlyFans Models werden Cookies f\u00fcr verschiedene Zwecke verwendet.<\/p>\n<h3>Was ist ein Cookie?<\/h3>\n<p>Ein \u201eCookie\u201c ist eine kleine Textdatei, die in Ihrem Browser (z. B. Google Chrome oder Apple Safari) gespeichert wird, wenn Sie die meisten Websites besuchen.<\/p>\n<h3>Was ist KEIN Cookie?<\/h3>\n<p>Es ist weder ein Virus noch ein Trojaner, noch ein Wurm, noch Spam, noch Spyware und es \u00f6ffnet keine Pop-up-Fenster.<\/p>\n<h3>Welche Informationen speichert ein Cookie?<\/h3>\n<p>Cookies speichern in der Regel keine sensiblen Informationen \u00fcber Sie, wie z. B. Kreditkarten- oder Bankdaten, Fotos oder pers\u00f6nliche Informationen. Die gespeicherten Daten sind technischer Natur, statistische Daten, pers\u00f6nliche Pr\u00e4ferenzen, Inhalte zur Personalisierung usw.<\/p>\n<p>Der Webserver ordnet Sie nicht als Person zu, sondern Ihrem Webbrowser. Wenn Sie beispielsweise regelm\u00e4\u00dfig mit dem Browser Chrome surfen und dieselbe Website mit Firefox aufrufen, werden Sie feststellen, dass die Website nicht erkennt, dass es sich um dieselbe Person handelt, da die Informationen dem Browser und nicht der Person zugeordnet werden.<\/p>\n<h3>Welche Arten von Cookies gibt es?<\/h3>\n<ul>\n<li>Technische Cookies: Dies sind die grundlegendsten Cookies. Sie erm\u00f6glichen unter anderem zu erkennen, wann eine Person oder eine automatisierte Anwendung surft, wann ein anonymer oder registrierter Nutzer die Website besucht, sowie grundlegende Funktionen f\u00fcr den Betrieb jeder dynamischen Website.<\/li>\n<li>Analyse-Cookies: Sie sammeln Informationen \u00fcber die Art der Navigation, die meistbesuchten Bereiche, aufgerufene Produkte, Nutzungsdauer, Sprache usw.<\/li>\n<li>Werbe-Cookies: Sie zeigen Werbung basierend auf Ihrem Surfverhalten, Herkunftsland, Sprache usw. an.<\/li>\n<\/ul>\n<p>Was sind eigene Cookies und Cookies von Drittanbietern?<\/p>\n<p>Eigene Cookies sind jene, die von der von Ihnen besuchten Website erstellt werden. Cookies von Drittanbietern werden hingegen von externen Diensten oder Anbietern wie Mailchimp, Mailrelay, Facebook, Twitter, Google Adsense usw. erzeugt.<\/p>\n<h3>Welche Cookies verwendet diese Website?<\/h3>\n<p>Diese Website verwendet eigene Cookies sowie Cookies von Drittanbietern. Nachfolgend sind die auf dieser Website verwendeten Cookies aufgef\u00fchrt:<\/p>\n<h3>Eigene Cookies:<\/h3>\n<p>Login: Login-Cookies erm\u00f6glichen es Ihnen, sich in Ihr TOP OnlyFans Models-Konto ein- und auszuloggen.<\/p>\n<p>Personalisierung: Cookies helfen uns, uns zu merken, mit welchen Personen oder Websites Sie interagiert haben, um Ihnen relevante Inhalte anzeigen zu k\u00f6nnen.<\/p>\n<p>Einstellungen: Cookies erm\u00f6glichen es, Ihre Einstellungen und Pr\u00e4ferenzen zu speichern, wie z. B. die bevorzugte Sprache oder Datenschutzeinstellungen.<\/p>\n<p>Sicherheit: Wir verwenden Cookies, um Sicherheitsrisiken zu vermeiden, insbesondere um unbefugte Zugriffsversuche auf Ihr TOP OnlyFans Models-Konto zu erkennen.<\/p>\n<h3>Cookies von Drittanbietern<\/h3>\n<p>Diese Website nutzt Analysedienste, insbesondere Google Analytics, um zu analysieren, wie Nutzer die Website verwenden, und um deren Benutzerfreundlichkeit zu verbessern. In keinem Fall werden diese Daten mit Informationen verkn\u00fcpft, die eine Identifizierung des Nutzers erm\u00f6glichen. Google Analytics ist ein Webanalysedienst der Google Inc. Der Nutzer kann hier die von Google verwendeten Cookie-Typen einsehen.<\/p>\n<p>TOP OnlyFans Models nutzt die Plattform zur Bereitstellung und zum Hosting von WordPress-Blogs, die der US-amerikanischen Firma Automattic, Inc. geh\u00f6rt. Aus diesem Grund unterliegt die Verwendung dieser Cookies niemals der direkten Kontrolle oder Verwaltung durch den Verantwortlichen der Website. Deren Funktionsweise kann sich jederzeit \u00e4ndern und neue Cookies k\u00f6nnen hinzugef\u00fcgt werden. Diese Cookies bringen dem Verantwortlichen dieser Website keinen direkten Nutzen. Automattic, Inc. verwendet au\u00dferdem weitere Cookies, um Besucher von WordPress-Websites zu identifizieren und zu verfolgen, deren Nutzung der Automattic-Website zu analysieren sowie deren Zugriffspr\u00e4ferenzen zu verstehen, wie in der Rubrik \u201eCookies\u201c der Datenschutzerkl\u00e4rung beschrieben.<\/p>\n<p>Cookies sozialer Netzwerke von http:\/\/topofmodels.com k\u00f6nnen in Ihrem Browser gespeichert werden, w\u00e4hrend Sie auf der Website surfen, z. B. wenn Sie die Teilen-Funktion von http:\/\/topofmodels.com in einem sozialen Netzwerk nutzen.<\/p>\n<p>Nachfolgend finden Sie Informationen zu den Cookies sozialer Netzwerke, die diese Website verwendet, gem\u00e4\u00df deren jeweiligen Cookie-Richtlinien:<\/p>\n<p>Facebook-Cookies, weitere Informationen in der <a href=\"https:\/\/www.facebook.com\/policy.php\" rel=\"nofollow \">Cookie-Richtlinie<\/a><br \/>\nTwitter-Cookies, weitere Informationen in der <a href=\"https:\/\/help.x.com\/es\/rules-and-policies\/x-rules\" rel=\"nofollow \">Cookie-Richtlinie<\/a><br \/>\nInstagram-Cookies, weitere Informationen in der <a href=\"https:\/\/help.instagram.com\/155833707900388\" rel=\"nofollow \">Cookie-Richtlinie<\/a><br \/>\nLinkedIn-Cookies, weitere Informationen in der <a href=\"https:\/\/www.linkedin.com\/legal\/privacy-policy\" rel=\"nofollow \">Cookie-Richtlinie<\/a><br \/>\nPinterest-Cookies, weitere Informationen in der <a href=\"https:\/\/policy.pinterest.com\/en\/privacy-policy\" rel=\"nofollow \">Cookie-Richtlinie<\/a><br \/>\nYouTube-Cookies, weitere Informationen in der <a href=\"https:\/\/safety.google\/privacy\/data\/\" rel=\"nofollow \">Cookie-Richtlinie<\/a><\/p>\n<h3>Liste der Cookies<\/h3>\n<p>Notwendig: Notwendige Cookies helfen dabei, eine Website nutzbar zu machen, indem sie grundlegende Funktionen wie die Seitennavigation und den Zugriff auf sichere Bereiche der Website erm\u00f6glichen. Ohne diese Cookies kann die Website nicht ordnungsgem\u00e4\u00df funktionieren.<\/p>\n<p>Pr\u00e4ferenzen: Pr\u00e4ferenz-Cookies erm\u00f6glichen es der Website, Informationen zu speichern, die das Verhalten oder das Erscheinungsbild der Website ver\u00e4ndern, wie z. B. Ihre bevorzugte Sprache oder die Region, in der Sie sich befinden.<\/p>\n<p>Statistiken: Statistik-Cookies helfen Website-Betreibern zu verstehen, wie Besucher mit den Seiten interagieren, indem Informationen anonym gesammelt und bereitgestellt werden.<\/p>\n<p>Marketing: Marketing-Cookies werden verwendet, um Besucher \u00fcber Websites hinweg zu verfolgen. Ziel ist es, relevante und ansprechende Anzeigen f\u00fcr den einzelnen Nutzer anzuzeigen und dadurch f\u00fcr Publisher und Drittanbieter-Werbetreibende wertvoller zu sein.<\/p>\n<p>Nicht klassifiziert: Nicht klassifizierte Cookies sind solche, die sich noch im Klassifizierungsprozess befinden, zusammen mit den jeweiligen Cookie-Anbietern.<\/p>\n<h3>K\u00f6nnen Cookies gel\u00f6scht werden?<\/h3>\n<p>Ja, nicht nur gel\u00f6scht, sondern auch allgemein oder f\u00fcr eine bestimmte Domain blockiert.<\/p>\n<p>Um Cookies einer Website zu l\u00f6schen, m\u00fcssen Sie die Einstellungen Ihres Browsers aufrufen. Dort k\u00f6nnen Sie die mit der jeweiligen Domain verbundenen Cookies suchen und anschlie\u00dfend l\u00f6schen.<\/p>\n<ul>\n<li>Cookie-Einstellungen in <a href=\"https:\/\/support.google.com\/chrome\/bin\/answer.py?hl=es&amp;answer=95647\" target=\"_blank\" rel=\"nofollow noopener noreferrer\">Google Chrome<\/a><\/li>\n<li>Cookie-Einstellungen in <a href=\"https:\/\/support.apple.com\/es-es\/HT201265\" target=\"_blank\" rel=\"nofollow noopener noreferrer\">Apple Safari<\/a><\/li>\n<li>Cookie-Einstellungen in <a href=\"https:\/\/support.microsoft.com\/en-us\/help\/17442\/windows-internet-explorer-delete-manage-cookies#ie=ie-10\" target=\"_blank\" rel=\"nofollow noopener noreferrer\">Internet Explorer<\/a><\/li>\n<li>Cookie-Einstellungen in <a href=\"https:\/\/support.mozilla.org\/es\/kb\/habilitar-y-deshabilitar-cookies-sitios-web-rastrear-preferencias?redirectlocale=es&amp;redirectslug=habilitar-y-deshabilitar-cookies-que-los-sitios-we\" target=\"_blank\" rel=\"nofollow noopener noreferrer\">Mozilla Firefox<\/a><\/li>\n<\/ul>\n<p>Wenn Sie m\u00f6chten, k\u00f6nnen Sie das Tracking durch Google Analytics \u00fcber dieses von Google angebotene <a href=\"https:\/\/tools.google.com\/dlpage\/gaoptout\" rel=\"nofollow \">Browser-Add-on<\/a> deaktivieren.<\/p>\n<h3>Weitere Informationen \u00fcber Cookies<\/h3>\n<p>Sie k\u00f6nnen die von der Spanischen Datenschutzbeh\u00f6rde ver\u00f6ffentlichte Cookie-Regelung im \u201eLeitfaden zur Verwendung von Cookies\u201c einsehen und weitere Informationen \u00fcber Cookies im Internet unter http:\/\/www.aboutcookies.org\/ erhalten.<\/p>\n<p>Wenn Sie mehr Kontrolle \u00fcber die Installation von Cookies haben m\u00f6chten, k\u00f6nnen Sie Programme oder Browser-Erweiterungen installieren, sogenannte \u201eDo Not Track\u201c-Tools, mit denen Sie ausw\u00e4hlen k\u00f6nnen, welche Cookies Sie zulassen m\u00f6chten.<\/p>\n","protected":false},"excerpt":{"rendered":"<p>Auf dieser Website erheben und verwenden wir Informationen gem\u00e4\u00df unserer Datenschutzerkl\u00e4rung. Eine der Methoden, mit denen wir Informationen sammeln, ist der Einsatz der sogenannten \u201eCookies\u201c. Bei TOP OnlyFans Models werden Cookies f\u00fcr verschiedene Zwecke verwendet. Was ist ein Cookie? Ein \u201eCookie\u201c ist eine kleine Textdatei, die in Ihrem Browser (z. B. Google Chrome oder Apple [&hellip;]<\/p>\n","protected":false},"author":2,"featured_media":0,"parent":0,"menu_order":0,"comment_status":"closed","ping_status":"closed","template":"","meta":{"_acf_changed":false,"footnotes":""},"class_list":["post-21296","page","type-page","status-publish","hentry"],"acf":[],"aioseo_notices":[],"_links":{"self":[{"href":"https:\/\/topofmodels.com\/de\/wp-json\/wp\/v2\/pages\/21296","targetHints":{"allow":["GET"]}}],"collection":[{"href":"https:\/\/topofmodels.com\/de\/wp-json\/wp\/v2\/pages"}],"about":[{"href":"https:\/\/topofmodels.com\/de\/wp-json\/wp\/v2\/types\/page"}],"author":[{"embeddable":true,"href":"https:\/\/topofmodels.com\/de\/wp-json\/wp\/v2\/users\/2"}],"replies":[{"embeddable":true,"href":"https:\/\/topofmodels.com\/de\/wp-json\/wp\/v2\/comments?post=21296"}],"version-history":[{"count":1,"href":"https:\/\/topofmodels.com\/de\/wp-json\/wp\/v2\/pages\/21296\/revisions"}],"predecessor-version":[{"id":21297,"href":"https:\/\/topofmodels.com\/de\/wp-json\/wp\/v2\/pages\/21296\/revisions\/21297"}],"wp:attachment":[{"href":"https:\/\/topofmodels.com\/de\/wp-json\/wp\/v2\/media?parent=21296"}],"curies":[{"name":"wp","href":"https:\/\/api.w.org\/{rel}","templated":true}]}}