{"id":21222,"date":"2026-01-16T15:32:45","date_gmt":"2026-01-16T15:32:45","guid":{"rendered":"https:\/\/topofmodels.com\/?page_id=21222"},"modified":"2026-02-09T18:51:49","modified_gmt":"2026-02-09T18:51:49","slug":"rechtlicher-hinweis","status":"publish","type":"page","link":"https:\/\/topofmodels.com\/de\/rechtlicher-hinweis\/","title":{"rendered":"Rechtlicher Hinweis"},"content":{"rendered":"<h3>Daten des Verantwortlichen<\/h3>\n<ul>\n<li>Website: http:\/\/topofmodels.com<\/li>\n<li>E-Mail: contact@topofmodels.com<\/li>\n<\/ul>\n<p>In diesem Bereich findet der Nutzer alle Informationen zu den rechtlichen Bedingungen und Bestimmungen, die das Verh\u00e4ltnis zwischen den Nutzern und mir als Verantwortlichem dieser Website regeln. Als Nutzer ist es wichtig, diese Bedingungen zu kennen, bevor Sie die Website weiter nutzen.<\/p>\n<p>TOP OnlyFans Models \u00fcbernimmt als Verantwortlicher dieser Website die Verpflichtung, die Informationen seiner Nutzer und Kunden mit gr\u00f6\u00dftm\u00f6glichen Garantien zu verarbeiten und die nationalen sowie europ\u00e4ischen Vorschriften zur Erhebung und Nutzung personenbezogener Daten einzuhalten.<\/p>\n<p>Diese Website erf\u00fcllt strikt die Anforderungen des Organgesetzes 15\/1999 vom 13. Dezember zum Schutz personenbezogener Daten (LOPD) sowie des K\u00f6niglichen Dekrets 1720\/2007 vom 21. Dezember, bekannt als Durchf\u00fchrungsverordnung zur LOPD. Ebenso entspricht sie der Verordnung (EU) 2016\/679 des Europ\u00e4ischen Parlaments und des Rates vom 27. April 2016 zum Schutz nat\u00fcrlicher Personen (DSGVO) sowie dem Gesetz 34\/2002 vom 11. Juli \u00fcber Dienste der Informationsgesellschaft und den elektronischen Gesch\u00e4ftsverkehr (LSSICE oder LSSI).<\/p>\n<h4>Allgemeine Nutzungsbedingungen<\/h4>\n<p>Diese Allgemeinen Bedingungen regeln die Nutzung (einschlie\u00dflich des blo\u00dfen Zugriffs) der Webseiten, aus denen die Website TOP OnlyFans Models besteht, einschlie\u00dflich der darin angebotenen Inhalte und Dienstleistungen. Jede Person, die auf die Website http:\/\/topofmodels.com (\u201eNutzer\u201c) zugreift, erkl\u00e4rt sich mit den jeweils g\u00fcltigen Allgemeinen Nutzungsbedingungen des Portals http:\/\/topofmodels.com einverstanden.<\/p>\n<h3>Welche personenbezogenen Daten ich erhebe und wie ich dies tue<\/h3>\n<p>Bitte lesen Sie die Datenschutzerkl\u00e4rung.<\/p>\n<h3>Pflichten und Verpflichtungen der Nutzer<\/h3>\n<p>Der Nutzer wird dar\u00fcber informiert und akzeptiert, dass der Zugriff auf diese Website in keinem Fall den Beginn einer Gesch\u00e4ftsbeziehung mit TOP OnlyFans Models darstellt. Der Nutzer verpflichtet sich daher, die Website, ihre Dienste und Inhalte im Einklang mit der geltenden Gesetzgebung, Treu und Glauben sowie der \u00f6ffentlichen Ordnung zu nutzen.<\/p>\n<p>Die Nutzung der Website zu rechtswidrigen oder sch\u00e4dlichen Zwecken oder in einer Weise, die Sch\u00e4den verursachen oder den normalen Betrieb der Website beeintr\u00e4chtigen k\u00f6nnte, ist untersagt. In Bezug auf die Inhalte dieser Website ist Folgendes untersagt:<\/p>\n<p>Die Vervielf\u00e4ltigung, Verbreitung oder Ver\u00e4nderung, ganz oder teilweise, ohne vorherige Genehmigung des rechtm\u00e4\u00dfigen Eigent\u00fcmers;<br \/>\nJede Verletzung der Rechte des Anbieters oder des rechtm\u00e4\u00dfigen Eigent\u00fcmers;<br \/>\nDie Nutzung zu kommerziellen oder werblichen Zwecken.<\/p>\n<p>Bei der Nutzung der Website http:\/\/topofmodels.com verpflichtet sich der Nutzer, keine Handlungen vorzunehmen, die das Ansehen, die Interessen oder die Rechte von TOP OnlyFans Models oder Dritten beeintr\u00e4chtigen k\u00f6nnten oder die das Portal besch\u00e4digen, unbrauchbar machen oder \u00fcberlasten oder in irgendeiner Weise die normale Nutzung der Website verhindern k\u00f6nnten.<\/p>\n<p>Der Nutzer sollte sich jedoch bewusst sein, dass die Sicherheitsma\u00dfnahmen von Computersystemen im Internet nicht vollst\u00e4ndig zuverl\u00e4ssig sind und dass http:\/\/topofmodels.com daher nicht garantieren kann, dass keine Schadsoftware oder andere sch\u00e4dliche Elemente vorhanden sind, die Ver\u00e4nderungen an den Computersystemen (Software und Hardware) des Nutzers oder an den darin gespeicherten elektronischen Dokumenten und Dateien verursachen k\u00f6nnen, obwohl alle erforderlichen Mittel und geeigneten Sicherheitsma\u00dfnahmen eingesetzt werden, um das Vorhandensein solcher sch\u00e4dlicher Elemente zu verhindern.<\/p>\n<h3>Sicherheitsma\u00dfnahmen<\/h3>\n<p>Die vom Nutzer an TOP OnlyFans Models \u00fcbermittelten personenbezogenen Daten k\u00f6nnen in automatisierten oder nicht automatisierten Datenbanken gespeichert werden, deren Eigentum ausschlie\u00dflich bei TOP OnlyFans Models liegt. Dabei werden alle technischen, organisatorischen und sicherheitsrelevanten Ma\u00dfnahmen ergriffen, um die Vertraulichkeit, Integrit\u00e4t und Qualit\u00e4t der darin enthaltenen Informationen gem\u00e4\u00df den geltenden Datenschutzvorschriften zu gew\u00e4hrleisten.<\/p>\n<p>Die Kommunikation zwischen den Nutzern und http:\/\/topofmodels.com erfolgt \u00fcber einen sicheren Kanal, und die \u00fcbermittelten Daten werden mithilfe von https-Protokollen verschl\u00fcsselt, wodurch die bestm\u00f6glichen Sicherheits- und Vertraulichkeitsbedingungen gew\u00e4hrleistet werden.<\/p>\n<h3>Plattform zur Streitbeilegung<\/h3>\n<p>Den Nutzern wird au\u00dferdem die von der Europ\u00e4ischen Kommission bereitgestellte Plattform zur Online-Streitbeilegung zur Verf\u00fcgung gestellt, die unter folgendem Link erreichbar ist:<br \/>\nhttp:\/\/ec.europa.eu\/consumers\/odr\/<\/p>\n<h3>Rechte des geistigen und gewerblichen Eigentums<\/h3>\n<p>Gem\u00e4\u00df den Bestimmungen der Artikel 8 und 32.1 Absatz 2 des Gesetzes \u00fcber das geistige Eigentum ist die Vervielf\u00e4ltigung, Verbreitung und \u00f6ffentliche Wiedergabe, einschlie\u00dflich der Zug\u00e4nglichmachung, aller oder eines Teils der Inhalte dieser Website zu kommerziellen Zwecken auf jeglichem Tr\u00e4germedium und mit jeglichen technischen Mitteln ohne die vorherige Genehmigung von TOP OnlyFans Models ausdr\u00fccklich untersagt.<\/p>\n<p>Der Nutzer verpflichtet sich, die Rechte des geistigen und gewerblichen Eigentums von TOP OnlyFans Models zu respektieren.<\/p>\n<p>Der Nutzer erkennt an und akzeptiert, dass die gesamte Website, einschlie\u00dflich, aber nicht beschr\u00e4nkt auf Texte, Software, Inhalte (einschlie\u00dflich Struktur, Auswahl, Anordnung und Darstellung), Podcasts, Fotografien, audiovisuelles Material und Grafiken, durch Marken, Urheberrechte und andere legitime Rechte gem\u00e4\u00df internationalen Abkommen und der geltenden spanischen Gesetzgebung gesch\u00fctzt ist.<\/p>\n<p>Falls ein Nutzer oder ein Dritter der Ansicht ist, dass durch die Aufnahme bestimmter Inhalte auf der Website eine Verletzung seiner legitimen Rechte am geistigen Eigentum erfolgt ist, muss TOP OnlyFans Models hier\u00fcber informiert werden und folgende Angaben enthalten:<\/p>\n<ul>\n<li>Die personenbezogenen Daten des Inhabers der angeblich verletzten Rechte oder gegebenenfalls die Vertretung, in deren Namen gehandelt wird.<\/li>\n<li>Die durch geistige Eigentumsrechte gesch\u00fctzten Inhalte und deren genaue Position auf der Website, der Nachweis der genannten Rechte sowie eine ausdr\u00fcckliche Erkl\u00e4rung, dass der Betroffene f\u00fcr die Richtigkeit der gemachten Angaben verantwortlich ist.<\/li>\n<\/ul>\n<h3>Externe Links<\/h3>\n<p>Die Website http:\/\/topofmodels.com kann Links zu eigenen Websites oder zu Inhalten Dritter enthalten, wie zum Beispiel:<\/p>\n<ul>\n<li>Inhalte anderer Blogs<\/li>\n<li>Tools<\/li>\n<li>Ressourcen<\/li>\n<\/ul>\n<h3>Ausschluss von Garantien und Haftung<\/h3>\n<p>TOP OnlyFans Models \u00fcbernimmt keinerlei Garantie und haftet in keinem Fall f\u00fcr Sch\u00e4den jeglicher Art, die entstehen k\u00f6nnten durch:<\/p>\n<ul>\n<li>Die mangelnde Verf\u00fcgbarkeit, Wartung oder den effektiven Betrieb der Website oder ihrer Dienste und Inhalte;<\/li>\n<li>Das Vorhandensein von Malware, sch\u00e4dlichen Programmen oder sch\u00e4dlichen Inhalten;<\/li>\n<li>Eine rechtswidrige, fahrl\u00e4ssige, betr\u00fcgerische oder gegen diesen rechtlichen Hinweis versto\u00dfende Nutzung;<\/li>\n<li>Die mangelnde Rechtm\u00e4\u00dfigkeit, Qualit\u00e4t, Zuverl\u00e4ssigkeit, N\u00fctzlichkeit oder Verf\u00fcgbarkeit der von Dritten erbrachten und den Nutzern auf der Website zur Verf\u00fcgung gestellten Dienste;<\/li>\n<li>Der Anbieter haftet unter keinen Umst\u00e4nden f\u00fcr Sch\u00e4den, die aus der rechtswidrigen oder unsachgem\u00e4\u00dfen Nutzung dieser Website entstehen.<\/li>\n<\/ul>\n<p>Unsere Mission:<\/p>\n<blockquote><p>Wir bieten einen Service f\u00fcr Agenturen oder Personen an, die bereits bei OnlyFans registriert sind, ihre Reichweite vergr\u00f6\u00dfern m\u00f6chten, um h\u00f6here Einnahmen zu erzielen, und die an einer Promotion \u00fcber unsere Dienstleistungen sowie an den Empfehlungen aus den ver\u00f6ffentlichten Leitf\u00e4den interessiert sind.<\/p><\/blockquote>\n<h2><\/h2>\n<h3 style=\"text-align: left;\">Bezahlte Promotion im Profilsucher garantiert keine Follower<\/h3>\n<p>Obwohl t\u00e4glich Tausende von Besuchern Profile im Profilsucher und in \u00e4hnlichen Bereichen aufrufen, ist es <strong>unm\u00f6glich zu garantieren, dass jedes bezahlte Profil Follower erh\u00e4lt<\/strong>. Dies liegt daran, dass <strong>die endg\u00fcltige Entscheidung ausschlie\u00dflich bei den potenziellen Abonnenten liegt<\/strong> und davon abh\u00e4ngt, ob ihre pers\u00f6nlichen Vorlieben mit dem angebotenen Inhalt und Profil \u00fcbereinstimmen.<\/p>\n<h4>F\u00fcr potenzielle Follower \u2013 Preisunterschiede zwischen TOP OnlyFans Models und OnlyFans.com<\/h4>\n<p>Dies kann vorkommen. Bitte beachten Sie, dass die ma\u00dfgeblichen Bedingungen f\u00fcr ein Abonnement ausschlie\u00dflich auf der OFFIZIELLEN Website festgelegt werden. Einzelpersonen k\u00f6nnen die Preise auf der offiziellen Website (OnlyFans.com\/benutzername\/) \u00e4ndern, und es ist m\u00f6glich, dass diese Informationen bei TOP OnlyFans Models noch nicht aktualisiert wurden.<\/p>\n<p>Die Einzelpersonen HABEN DIE VOLLE KONTROLLE UND VERANTWORTUNG, die Bedingungen zu lesen, BEVOR sie ein Abonnement f\u00fcr ein Profil abschlie\u00dfen, das au\u00dferhalb von TOP OnlyFans Models gefunden wurde.<\/p>\n<p>Bitte lesen Sie die Preise, Bedingungen und Konditionen auf der offiziellen Website (onlyfans.com\/benutzername\/) sorgf\u00e4ltig durch, bevor Sie den Abonnement-Button anklicken.<\/p>\n<h3><\/h3>\n<h3>Haftungsausschluss:<\/h3>\n<p>Diese Website wird von einem Unternehmen betrieben, das vollst\u00e4ndig unabh\u00e4ngig von OnlyFans.com ist, <strong>im Eigentum von Fenix International<\/strong>.<\/p>\n<p>\u00a9 Alle Urheberrechte und Marken sind Eigentum ihrer jeweiligen Inhaber.<\/p>\n<h3>Kontakt<\/h3>\n<p>Falls ein Nutzer Fragen zu diesen rechtlichen Bedingungen hat oder Kommentare zum Portal http:\/\/topofmodels.com abgeben m\u00f6chte, kann er sich per E-Mail an contact@topofmodels.com wenden.<\/p>\n","protected":false},"excerpt":{"rendered":"<p>Daten des Verantwortlichen Website: http:\/\/topofmodels.com E-Mail: contact@topofmodels.com In diesem Bereich findet der Nutzer alle Informationen zu den rechtlichen Bedingungen und Bestimmungen, die das Verh\u00e4ltnis zwischen den Nutzern und mir als Verantwortlichem dieser Website regeln. Als Nutzer ist es wichtig, diese Bedingungen zu kennen, bevor Sie die Website weiter nutzen. TOP OnlyFans Models \u00fcbernimmt als Verantwortlicher [&hellip;]<\/p>\n","protected":false},"author":2,"featured_media":0,"parent":0,"menu_order":0,"comment_status":"closed","ping_status":"closed","template":"","meta":{"_acf_changed":false,"footnotes":""},"class_list":["post-21222","page","type-page","status-publish","hentry"],"acf":[],"aioseo_notices":[],"_links":{"self":[{"href":"https:\/\/topofmodels.com\/de\/wp-json\/wp\/v2\/pages\/21222","targetHints":{"allow":["GET"]}}],"collection":[{"href":"https:\/\/topofmodels.com\/de\/wp-json\/wp\/v2\/pages"}],"about":[{"href":"https:\/\/topofmodels.com\/de\/wp-json\/wp\/v2\/types\/page"}],"author":[{"embeddable":true,"href":"https:\/\/topofmodels.com\/de\/wp-json\/wp\/v2\/users\/2"}],"replies":[{"embeddable":true,"href":"https:\/\/topofmodels.com\/de\/wp-json\/wp\/v2\/comments?post=21222"}],"version-history":[{"count":2,"href":"https:\/\/topofmodels.com\/de\/wp-json\/wp\/v2\/pages\/21222\/revisions"}],"predecessor-version":[{"id":21224,"href":"https:\/\/topofmodels.com\/de\/wp-json\/wp\/v2\/pages\/21222\/revisions\/21224"}],"wp:attachment":[{"href":"https:\/\/topofmodels.com\/de\/wp-json\/wp\/v2\/media?parent=21222"}],"curies":[{"name":"wp","href":"https:\/\/api.w.org\/{rel}","templated":true}]}}